{"id":115274,"date":"2026-05-05T14:38:02","date_gmt":"2026-05-05T17:38:02","guid":{"rendered":"https:\/\/www.hediyepazar.com\/?product=led-isikli-sessiz-calisan-soguk-buhar-nemlendirici"},"modified":"2026-05-05T14:38:02","modified_gmt":"2026-05-05T17:38:02","slug":"led-isikli-sessiz-calisan-soguk-buhar-nemlendirici","status":"publish","type":"product","link":"https:\/\/www.hediyepazar.com\/?product=led-isikli-sessiz-calisan-soguk-buhar-nemlendirici","title":{"rendered":"LED I\u015f\u0131kl\u0131 Sessiz \u00c7al\u0131\u015fan So\u011fuk Buhar Nemlendirici"},"content":{"rendered":"<p>Bu cihaz, sadece bir nemlendirici de\u011fil ayn\u0131 zamanda bir aromaterapi dif\u00fcz\u00f6r\u00fcd\u00fcr. Su haznesine ekleyece\u011finiz u\u00e7ucu ya\u011flar ile bulundu\u011funuz ortamda ho\u015f kokular yay\u0131lmas\u0131n\u0131 sa\u011flar. 550 ml kapasitesi sayesinde uzun s\u00fcreli kullan\u0131m sunarken, 1, 3 ve 6 saat zaman ayarlar\u0131yla diledi\u011finiz s\u00fcre boyunca \u00e7al\u0131\u015facak \u015fekilde programlanabilir.LED \u0131\u015f\u0131k \u00f6zelli\u011fi, ortam\u0131n havas\u0131n\u0131 de\u011fi\u015ftirirken ayn\u0131 zamanda gece lambas\u0131 i\u015flevi de g\u00f6r\u00fcr. Enerji tasarruflu yap\u0131s\u0131 sayesinde minimum elektrik t\u00fcketir. Sessiz \u00e7al\u0131\u015fmas\u0131, \u00f6zellikle \u00e7ocuk odalar\u0131 ve uyku zamanlar\u0131 i\u00e7in olduk\u00e7a idealdir. Otomatik kapanma \u00f6zelli\u011fi, su seviyesi azald\u0131\u011f\u0131nda cihaz\u0131 g\u00fcvenle kapat\u0131r. Bu \u00f6zellikleriyle g\u00fcnl\u00fck ya\u015fam\u0131n\u0131zda hem \u015f\u0131kl\u0131k hem de konfor sa\u011flar.<\/p>\n","protected":false},"excerpt":{"rendered":"<p>Bu cihaz, sadece bir nemlendirici de\u011fil ayn\u0131 zamanda bir aromaterapi dif\u00fcz\u00f6r\u00fcd\u00fcr. Su haznesine ekleyece\u011finiz u\u00e7ucu ya\u011flar ile bulundu\u011funuz ortamda ho\u015f kokular yay\u0131lmas\u0131n\u0131 sa\u011flar. 550 ml kapasitesi sayesinde uzun s\u00fcreli kullan\u0131m sunarken, 1, 3 ve 6 saat zaman ayarlar\u0131yla diledi\u011finiz s\u00fcre boyunca \u00e7al\u0131\u015facak \u015fekilde programlanabilir.LED \u0131\u015f\u0131k \u00f6zelli\u011fi, ortam\u0131n havas\u0131n\u0131 de\u011fi\u015ftirirken ayn\u0131 zamanda gece lambas\u0131 i\u015flevi de&#8230;<\/p>\n","protected":false},"featured_media":115273,"comment_status":"open","ping_status":"closed","template":"","meta":{"_kad_post_transparent":"","_kad_post_title":"","_kad_post_layout":"","_kad_post_sidebar_id":"","_kad_post_content_style":"","_kad_post_vertical_padding":"","_kad_post_feature":"","_kad_post_feature_position":"","_kad_post_header":false,"_kad_post_footer":false,"_kad_post_classname":""},"product_brand":[],"product_cat":[14965],"product_tag":[],"class_list":{"0":"post-115274","1":"product","2":"type-product","3":"status-publish","4":"has-post-thumbnail","6":"product_cat-hava-nemlendirici-hava-nemlendirici","8":"first","9":"instock","10":"purchasable","11":"product-type-simple","12":"entry","13":"content-bg","14":"loop-entry"},"_links":{"self":[{"href":"https:\/\/www.hediyepazar.com\/index.php?rest_route=\/wp\/v2\/product\/115274","targetHints":{"allow":["GET"]}}],"collection":[{"href":"https:\/\/www.hediyepazar.com\/index.php?rest_route=\/wp\/v2\/product"}],"about":[{"href":"https:\/\/www.hediyepazar.com\/index.php?rest_route=\/wp\/v2\/types\/product"}],"replies":[{"embeddable":true,"href":"https:\/\/www.hediyepazar.com\/index.php?rest_route=%2Fwp%2Fv2%2Fcomments&post=115274"}],"wp:featuredmedia":[{"embeddable":true,"href":"https:\/\/www.hediyepazar.com\/index.php?rest_route=\/wp\/v2\/media\/115273"}],"wp:attachment":[{"href":"https:\/\/www.hediyepazar.com\/index.php?rest_route=%2Fwp%2Fv2%2Fmedia&parent=115274"}],"wp:term":[{"taxonomy":"product_brand","embeddable":true,"href":"https:\/\/www.hediyepazar.com\/index.php?rest_route=%2Fwp%2Fv2%2Fproduct_brand&post=115274"},{"taxonomy":"product_cat","embeddable":true,"href":"https:\/\/www.hediyepazar.com\/index.php?rest_route=%2Fwp%2Fv2%2Fproduct_cat&post=115274"},{"taxonomy":"product_tag","embeddable":true,"href":"https:\/\/www.hediyepazar.com\/index.php?rest_route=%2Fwp%2Fv2%2Fproduct_tag&post=115274"}],"curies":[{"name":"wp","href":"https:\/\/api.w.org\/{rel}","templated":true}]}}