{"id":115276,"date":"2026-05-05T14:38:07","date_gmt":"2026-05-05T17:38:07","guid":{"rendered":"https:\/\/www.hediyepazar.com\/?product=550ml-ultrasonik-hava-nemlendirici-ve-aromaterapi-difuzoru"},"modified":"2026-05-05T14:38:07","modified_gmt":"2026-05-05T17:38:07","slug":"550ml-ultrasonik-hava-nemlendirici-ve-aromaterapi-difuzoru","status":"publish","type":"product","link":"https:\/\/www.hediyepazar.com\/?product=550ml-ultrasonik-hava-nemlendirici-ve-aromaterapi-difuzoru","title":{"rendered":"550ML Ultrasonik Hava Nemlendirici ve Aromaterapi Dif\u00fcz\u00f6r\u00fc"},"content":{"rendered":"<p>550ML Ultrasonik Hava Nemlendirici, bulundu\u011funuz ortam\u0131n nem dengesini sa\u011flayarak daha sa\u011fl\u0131kl\u0131 bir ya\u015fam alan\u0131 olu\u015fturur. 550 ml geni\u015f su haznesi sayesinde g\u00fc\u00e7l\u00fc buhar modunda 8-10 saat, zay\u0131f buhar modunda ise 12-16 saat kesintisiz \u00e7al\u0131\u015fabilir. Ultrasonik teknoloji ile 21 dB\u2019den daha d\u00fc\u015f\u00fck ses seviyesinde \u00e7al\u0131\u015farak gece uykusunda, \u00e7al\u0131\u015fma s\u0131ras\u0131nda ya da meditasyon esnas\u0131nda sizi asla rahats\u0131z etmez.7 farkl\u0131 LED \u0131\u015f\u0131k se\u00e7ene\u011fi ile odan\u0131za ho\u015f bir ambiyans katarken, lo\u015f ve parlak modlar\u0131yla farkl\u0131 kullan\u0131m deneyimi sunar. Ayr\u0131ca su seviyesinin azalmas\u0131 durumunda otomatik olarak kapanarak g\u00fcvenli kullan\u0131m sa\u011flar. Su haznesine birka\u00e7 damla u\u00e7ucu ya\u011f ekleyerek hem nemlendirme hem de aromaterapi deneyimi ya\u015fayabilirsiniz. Yatak odas\u0131, bebek odas\u0131, salon veya ofis gibi farkl\u0131 alanlarda kullan\u0131ma uygundur.<\/p>\n","protected":false},"excerpt":{"rendered":"<p>550ML Ultrasonik Hava Nemlendirici, bulundu\u011funuz ortam\u0131n nem dengesini sa\u011flayarak daha sa\u011fl\u0131kl\u0131 bir ya\u015fam alan\u0131 olu\u015fturur. 550 ml geni\u015f su haznesi sayesinde g\u00fc\u00e7l\u00fc buhar modunda 8-10 saat, zay\u0131f buhar modunda ise 12-16 saat kesintisiz \u00e7al\u0131\u015fabilir. Ultrasonik teknoloji ile 21 dB\u2019den daha d\u00fc\u015f\u00fck ses seviyesinde \u00e7al\u0131\u015farak gece uykusunda, \u00e7al\u0131\u015fma s\u0131ras\u0131nda ya da meditasyon esnas\u0131nda sizi asla rahats\u0131z&#8230;<\/p>\n","protected":false},"featured_media":115275,"comment_status":"open","ping_status":"closed","template":"","meta":{"_kad_post_transparent":"","_kad_post_title":"","_kad_post_layout":"","_kad_post_sidebar_id":"","_kad_post_content_style":"","_kad_post_vertical_padding":"","_kad_post_feature":"","_kad_post_feature_position":"","_kad_post_header":false,"_kad_post_footer":false,"_kad_post_classname":""},"product_brand":[],"product_cat":[14965],"product_tag":[],"class_list":{"0":"post-115276","1":"product","2":"type-product","3":"status-publish","4":"has-post-thumbnail","6":"product_cat-hava-nemlendirici-hava-nemlendirici","8":"first","9":"instock","10":"purchasable","11":"product-type-simple","12":"entry","13":"content-bg","14":"loop-entry"},"_links":{"self":[{"href":"https:\/\/www.hediyepazar.com\/index.php?rest_route=\/wp\/v2\/product\/115276","targetHints":{"allow":["GET"]}}],"collection":[{"href":"https:\/\/www.hediyepazar.com\/index.php?rest_route=\/wp\/v2\/product"}],"about":[{"href":"https:\/\/www.hediyepazar.com\/index.php?rest_route=\/wp\/v2\/types\/product"}],"replies":[{"embeddable":true,"href":"https:\/\/www.hediyepazar.com\/index.php?rest_route=%2Fwp%2Fv2%2Fcomments&post=115276"}],"wp:featuredmedia":[{"embeddable":true,"href":"https:\/\/www.hediyepazar.com\/index.php?rest_route=\/wp\/v2\/media\/115275"}],"wp:attachment":[{"href":"https:\/\/www.hediyepazar.com\/index.php?rest_route=%2Fwp%2Fv2%2Fmedia&parent=115276"}],"wp:term":[{"taxonomy":"product_brand","embeddable":true,"href":"https:\/\/www.hediyepazar.com\/index.php?rest_route=%2Fwp%2Fv2%2Fproduct_brand&post=115276"},{"taxonomy":"product_cat","embeddable":true,"href":"https:\/\/www.hediyepazar.com\/index.php?rest_route=%2Fwp%2Fv2%2Fproduct_cat&post=115276"},{"taxonomy":"product_tag","embeddable":true,"href":"https:\/\/www.hediyepazar.com\/index.php?rest_route=%2Fwp%2Fv2%2Fproduct_tag&post=115276"}],"curies":[{"name":"wp","href":"https:\/\/api.w.org\/{rel}","templated":true}]}}