{"id":115280,"date":"2026-05-05T14:38:18","date_gmt":"2026-05-05T17:38:18","guid":{"rendered":"https:\/\/www.hediyepazar.com\/?product=asiri-sarj-korumasi-sunan-kablosuz-sarj-cihazi"},"modified":"2026-05-05T14:38:18","modified_gmt":"2026-05-05T17:38:18","slug":"asiri-sarj-korumasi-sunan-kablosuz-sarj-cihazi","status":"publish","type":"product","link":"https:\/\/www.hediyepazar.com\/?product=asiri-sarj-korumasi-sunan-kablosuz-sarj-cihazi","title":{"rendered":"A\u015f\u0131r\u0131 \u015earj Korumas\u0131 Sunan Kablosuz \u015earj Cihaz\u0131"},"content":{"rendered":"<p>Kablo karma\u015fas\u0131na son veren bu 4\u2019\u00fc 1 arada \u015farj stand\u0131, ayn\u0131 anda telefon, ak\u0131ll\u0131 saat ve kulakl\u0131klar\u0131n\u0131z\u0131 \u015farj edebilme \u00f6zelli\u011fine sahiptir. 15W h\u0131zl\u0131 \u015farj g\u00fcc\u00fc, cihazlar\u0131n\u0131za h\u0131zl\u0131 enerji sa\u011flar. G\u00fcvenlik sistemleriyle donat\u0131lm\u0131\u015f olup a\u015f\u0131r\u0131 \u015farj ve a\u015f\u0131r\u0131 \u0131s\u0131nmay\u0131 \u00f6nler. \u015e\u0131k ve modern tasar\u0131m\u0131, masa\u00fcst\u00fcn\u00fcze d\u00fczenli bir g\u00f6r\u00fcn\u00fcm kazand\u0131r\u0131r. Evde, i\u015f yerinde veya seyahatlerde rahatl\u0131kla kullan\u0131labilir. Dayan\u0131kl\u0131 malzemeleri sayesinde uzun s\u00fcreli kullan\u0131m i\u00e7in idealdir.<\/p>\n","protected":false},"excerpt":{"rendered":"<p>Kablo karma\u015fas\u0131na son veren bu 4\u2019\u00fc 1 arada \u015farj stand\u0131, ayn\u0131 anda telefon, ak\u0131ll\u0131 saat ve kulakl\u0131klar\u0131n\u0131z\u0131 \u015farj edebilme \u00f6zelli\u011fine sahiptir. 15W h\u0131zl\u0131 \u015farj g\u00fcc\u00fc, cihazlar\u0131n\u0131za h\u0131zl\u0131 enerji sa\u011flar. G\u00fcvenlik sistemleriyle donat\u0131lm\u0131\u015f olup a\u015f\u0131r\u0131 \u015farj ve a\u015f\u0131r\u0131 \u0131s\u0131nmay\u0131 \u00f6nler. \u015e\u0131k ve modern tasar\u0131m\u0131, masa\u00fcst\u00fcn\u00fcze d\u00fczenli bir g\u00f6r\u00fcn\u00fcm kazand\u0131r\u0131r. Evde, i\u015f yerinde veya seyahatlerde rahatl\u0131kla kullan\u0131labilir&#8230;.<\/p>\n","protected":false},"featured_media":115279,"comment_status":"open","ping_status":"closed","template":"","meta":{"_kad_post_transparent":"","_kad_post_title":"","_kad_post_layout":"","_kad_post_sidebar_id":"","_kad_post_content_style":"","_kad_post_vertical_padding":"","_kad_post_feature":"","_kad_post_feature_position":"","_kad_post_header":false,"_kad_post_footer":false,"_kad_post_classname":""},"product_brand":[],"product_cat":[14975],"product_tag":[],"class_list":{"0":"post-115280","1":"product","2":"type-product","3":"status-publish","4":"has-post-thumbnail","6":"product_cat-sarj-aletleri-sarj-aletleri","8":"first","9":"instock","10":"purchasable","11":"product-type-simple","12":"entry","13":"content-bg","14":"loop-entry"},"_links":{"self":[{"href":"https:\/\/www.hediyepazar.com\/index.php?rest_route=\/wp\/v2\/product\/115280","targetHints":{"allow":["GET"]}}],"collection":[{"href":"https:\/\/www.hediyepazar.com\/index.php?rest_route=\/wp\/v2\/product"}],"about":[{"href":"https:\/\/www.hediyepazar.com\/index.php?rest_route=\/wp\/v2\/types\/product"}],"replies":[{"embeddable":true,"href":"https:\/\/www.hediyepazar.com\/index.php?rest_route=%2Fwp%2Fv2%2Fcomments&post=115280"}],"wp:featuredmedia":[{"embeddable":true,"href":"https:\/\/www.hediyepazar.com\/index.php?rest_route=\/wp\/v2\/media\/115279"}],"wp:attachment":[{"href":"https:\/\/www.hediyepazar.com\/index.php?rest_route=%2Fwp%2Fv2%2Fmedia&parent=115280"}],"wp:term":[{"taxonomy":"product_brand","embeddable":true,"href":"https:\/\/www.hediyepazar.com\/index.php?rest_route=%2Fwp%2Fv2%2Fproduct_brand&post=115280"},{"taxonomy":"product_cat","embeddable":true,"href":"https:\/\/www.hediyepazar.com\/index.php?rest_route=%2Fwp%2Fv2%2Fproduct_cat&post=115280"},{"taxonomy":"product_tag","embeddable":true,"href":"https:\/\/www.hediyepazar.com\/index.php?rest_route=%2Fwp%2Fv2%2Fproduct_tag&post=115280"}],"curies":[{"name":"wp","href":"https:\/\/api.w.org\/{rel}","templated":true}]}}