{"id":115288,"date":"2026-05-05T14:38:59","date_gmt":"2026-05-05T17:38:59","guid":{"rendered":"https:\/\/www.hediyepazar.com\/?product=15w-hizli-sarj-destekli-4u-1-arada-kablosuz-sarj-istasyonu"},"modified":"2026-05-05T14:38:59","modified_gmt":"2026-05-05T17:38:59","slug":"15w-hizli-sarj-destekli-4u-1-arada-kablosuz-sarj-istasyonu","status":"publish","type":"product","link":"https:\/\/www.hediyepazar.com\/?product=15w-hizli-sarj-destekli-4u-1-arada-kablosuz-sarj-istasyonu","title":{"rendered":"15W H\u0131zl\u0131 \u015earj Destekli 4\u2019\u00fc 1 Arada Kablosuz \u015earj \u0130stasyonu"},"content":{"rendered":"<p>Kablolarla u\u011fra\u015fmadan t\u00fcm cihazlar\u0131n\u0131z\u0131 ayn\u0131 anda \u015farj edin! 4\u2019\u00fc 1 arada kablosuz \u015farj istasyonu, telefon, kulakl\u0131k ve ak\u0131ll\u0131 saatinizi h\u0131zl\u0131 ve g\u00fcvenli \u015fekilde \u015farj etmenizi sa\u011flar. Qi uyumlu t\u00fcm cihazlarla \u00e7al\u0131\u015f\u0131r ve masa\u00fcst\u00fcn\u00fcze modern bir g\u00f6r\u00fcn\u00fcm katar.<\/p>\n","protected":false},"excerpt":{"rendered":"<p>Kablolarla u\u011fra\u015fmadan t\u00fcm cihazlar\u0131n\u0131z\u0131 ayn\u0131 anda \u015farj edin! 4\u2019\u00fc 1 arada kablosuz \u015farj istasyonu, telefon, kulakl\u0131k ve ak\u0131ll\u0131 saatinizi h\u0131zl\u0131 ve g\u00fcvenli \u015fekilde \u015farj etmenizi sa\u011flar. Qi uyumlu t\u00fcm cihazlarla \u00e7al\u0131\u015f\u0131r ve masa\u00fcst\u00fcn\u00fcze modern bir g\u00f6r\u00fcn\u00fcm katar.<\/p>\n","protected":false},"featured_media":115287,"comment_status":"open","ping_status":"closed","template":"","meta":{"_kad_post_transparent":"","_kad_post_title":"","_kad_post_layout":"","_kad_post_sidebar_id":"","_kad_post_content_style":"","_kad_post_vertical_padding":"","_kad_post_feature":"","_kad_post_feature_position":"","_kad_post_header":false,"_kad_post_footer":false,"_kad_post_classname":""},"product_brand":[],"product_cat":[14975],"product_tag":[],"class_list":{"0":"post-115288","1":"product","2":"type-product","3":"status-publish","4":"has-post-thumbnail","6":"product_cat-sarj-aletleri-sarj-aletleri","8":"first","9":"instock","10":"purchasable","11":"product-type-simple","12":"entry","13":"content-bg","14":"loop-entry"},"_links":{"self":[{"href":"https:\/\/www.hediyepazar.com\/index.php?rest_route=\/wp\/v2\/product\/115288","targetHints":{"allow":["GET"]}}],"collection":[{"href":"https:\/\/www.hediyepazar.com\/index.php?rest_route=\/wp\/v2\/product"}],"about":[{"href":"https:\/\/www.hediyepazar.com\/index.php?rest_route=\/wp\/v2\/types\/product"}],"replies":[{"embeddable":true,"href":"https:\/\/www.hediyepazar.com\/index.php?rest_route=%2Fwp%2Fv2%2Fcomments&post=115288"}],"wp:featuredmedia":[{"embeddable":true,"href":"https:\/\/www.hediyepazar.com\/index.php?rest_route=\/wp\/v2\/media\/115287"}],"wp:attachment":[{"href":"https:\/\/www.hediyepazar.com\/index.php?rest_route=%2Fwp%2Fv2%2Fmedia&parent=115288"}],"wp:term":[{"taxonomy":"product_brand","embeddable":true,"href":"https:\/\/www.hediyepazar.com\/index.php?rest_route=%2Fwp%2Fv2%2Fproduct_brand&post=115288"},{"taxonomy":"product_cat","embeddable":true,"href":"https:\/\/www.hediyepazar.com\/index.php?rest_route=%2Fwp%2Fv2%2Fproduct_cat&post=115288"},{"taxonomy":"product_tag","embeddable":true,"href":"https:\/\/www.hediyepazar.com\/index.php?rest_route=%2Fwp%2Fv2%2Fproduct_tag&post=115288"}],"curies":[{"name":"wp","href":"https:\/\/api.w.org\/{rel}","templated":true}]}}