{"id":115290,"date":"2026-05-05T14:39:05","date_gmt":"2026-05-05T17:39:05","guid":{"rendered":"https:\/\/www.hediyepazar.com\/?product=rgb-isikli-sessiz-fanli-telefon-sogutucu"},"modified":"2026-05-05T14:39:05","modified_gmt":"2026-05-05T17:39:05","slug":"rgb-isikli-sessiz-fanli-telefon-sogutucu","status":"publish","type":"product","link":"https:\/\/www.hediyepazar.com\/?product=rgb-isikli-sessiz-fanli-telefon-sogutucu","title":{"rendered":"RGB I\u015f\u0131kl\u0131 Sessiz Fanl\u0131 Telefon So\u011futucu"},"content":{"rendered":"<p>H\u0131zl\u0131 so\u011futma teknolojisiyle donat\u0131lm\u0131\u015f bu cihaz, hem \u015f\u0131k hem de fonksiyonel bir \u00e7\u00f6z\u00fcmd\u00fcr. Kullan\u0131c\u0131 dostu aray\u00fcz\u00fc ve kolay montaj \u00f6zelli\u011fiyle herkes taraf\u0131ndan rahat\u00e7a kullan\u0131labilir. \u00d6zellikle oyun severler i\u00e7in ideal olan bu \u00fcr\u00fcn, cihaz\u0131n performans\u0131n\u0131 koruyarak daha uzun oyun s\u00fcreleri sa\u011flar. Hafifli\u011fi sayesinde telefonunuzda ekstra a\u011f\u0131rl\u0131k yapmaz ve her ortamda kullan\u0131m kolayl\u0131\u011f\u0131 sunar.<\/p>\n","protected":false},"excerpt":{"rendered":"<p>H\u0131zl\u0131 so\u011futma teknolojisiyle donat\u0131lm\u0131\u015f bu cihaz, hem \u015f\u0131k hem de fonksiyonel bir \u00e7\u00f6z\u00fcmd\u00fcr. Kullan\u0131c\u0131 dostu aray\u00fcz\u00fc ve kolay montaj \u00f6zelli\u011fiyle herkes taraf\u0131ndan rahat\u00e7a kullan\u0131labilir. \u00d6zellikle oyun severler i\u00e7in ideal olan bu \u00fcr\u00fcn, cihaz\u0131n performans\u0131n\u0131 koruyarak daha uzun oyun s\u00fcreleri sa\u011flar. Hafifli\u011fi sayesinde telefonunuzda ekstra a\u011f\u0131rl\u0131k yapmaz ve her ortamda kullan\u0131m kolayl\u0131\u011f\u0131 sunar.<\/p>\n","protected":false},"featured_media":115289,"comment_status":"open","ping_status":"closed","template":"","meta":{"_kad_post_transparent":"","_kad_post_title":"","_kad_post_layout":"","_kad_post_sidebar_id":"","_kad_post_content_style":"","_kad_post_vertical_padding":"","_kad_post_feature":"","_kad_post_feature_position":"","_kad_post_header":false,"_kad_post_footer":false,"_kad_post_classname":""},"product_brand":[],"product_cat":[14991],"product_tag":[],"class_list":{"0":"post-115290","1":"product","2":"type-product","3":"status-publish","4":"has-post-thumbnail","6":"product_cat-mobil-oyun-aksesuar-mobil-oyun-aksesuar","8":"first","9":"instock","10":"purchasable","11":"product-type-simple","12":"entry","13":"content-bg","14":"loop-entry"},"_links":{"self":[{"href":"https:\/\/www.hediyepazar.com\/index.php?rest_route=\/wp\/v2\/product\/115290","targetHints":{"allow":["GET"]}}],"collection":[{"href":"https:\/\/www.hediyepazar.com\/index.php?rest_route=\/wp\/v2\/product"}],"about":[{"href":"https:\/\/www.hediyepazar.com\/index.php?rest_route=\/wp\/v2\/types\/product"}],"replies":[{"embeddable":true,"href":"https:\/\/www.hediyepazar.com\/index.php?rest_route=%2Fwp%2Fv2%2Fcomments&post=115290"}],"wp:featuredmedia":[{"embeddable":true,"href":"https:\/\/www.hediyepazar.com\/index.php?rest_route=\/wp\/v2\/media\/115289"}],"wp:attachment":[{"href":"https:\/\/www.hediyepazar.com\/index.php?rest_route=%2Fwp%2Fv2%2Fmedia&parent=115290"}],"wp:term":[{"taxonomy":"product_brand","embeddable":true,"href":"https:\/\/www.hediyepazar.com\/index.php?rest_route=%2Fwp%2Fv2%2Fproduct_brand&post=115290"},{"taxonomy":"product_cat","embeddable":true,"href":"https:\/\/www.hediyepazar.com\/index.php?rest_route=%2Fwp%2Fv2%2Fproduct_cat&post=115290"},{"taxonomy":"product_tag","embeddable":true,"href":"https:\/\/www.hediyepazar.com\/index.php?rest_route=%2Fwp%2Fv2%2Fproduct_tag&post=115290"}],"curies":[{"name":"wp","href":"https:\/\/api.w.org\/{rel}","templated":true}]}}