{"id":115292,"date":"2026-05-05T14:39:10","date_gmt":"2026-05-05T17:39:10","guid":{"rendered":"https:\/\/www.hediyepazar.com\/?product=hafif-ve-dayanikli-telefon-sogutma-aksesuari"},"modified":"2026-05-05T14:39:10","modified_gmt":"2026-05-05T17:39:10","slug":"hafif-ve-dayanikli-telefon-sogutma-aksesuari","status":"publish","type":"product","link":"https:\/\/www.hediyepazar.com\/?product=hafif-ve-dayanikli-telefon-sogutma-aksesuari","title":{"rendered":"Hafif ve Dayan\u0131kl\u0131 Telefon So\u011futma Aksesuar\u0131"},"content":{"rendered":"<p>Telefonunuzun a\u015f\u0131r\u0131 \u0131s\u0131nmas\u0131n\u0131 \u00f6nlemek i\u00e7in geli\u015ftirilmi\u015f olan bu so\u011futucu, y\u00fcksek kaliteli malzemelerle \u00fcretilmi\u015ftir. Uzun \u00f6m\u00fcrl\u00fc performans sunarken, kompakt yap\u0131s\u0131yla ta\u015f\u0131nabilirli\u011fi art\u0131r\u0131r. Evrensel uyumluluk sayesinde \u00e7o\u011fu ak\u0131ll\u0131 telefon ve tabletle kullan\u0131labilir. Sessiz \u00e7al\u0131\u015fan fan\u0131 sayesinde oyun oynarken veya video izlerken sizi rahats\u0131z etmez. RGB \u0131\u015f\u0131klar\u0131 ise modern ve \u015f\u0131k bir g\u00f6r\u00fcn\u00fcm kazand\u0131r\u0131r.<\/p>\n","protected":false},"excerpt":{"rendered":"<p>Telefonunuzun a\u015f\u0131r\u0131 \u0131s\u0131nmas\u0131n\u0131 \u00f6nlemek i\u00e7in geli\u015ftirilmi\u015f olan bu so\u011futucu, y\u00fcksek kaliteli malzemelerle \u00fcretilmi\u015ftir. Uzun \u00f6m\u00fcrl\u00fc performans sunarken, kompakt yap\u0131s\u0131yla ta\u015f\u0131nabilirli\u011fi art\u0131r\u0131r. Evrensel uyumluluk sayesinde \u00e7o\u011fu ak\u0131ll\u0131 telefon ve tabletle kullan\u0131labilir. Sessiz \u00e7al\u0131\u015fan fan\u0131 sayesinde oyun oynarken veya video izlerken sizi rahats\u0131z etmez. RGB \u0131\u015f\u0131klar\u0131 ise modern ve \u015f\u0131k bir g\u00f6r\u00fcn\u00fcm kazand\u0131r\u0131r.<\/p>\n","protected":false},"featured_media":115291,"comment_status":"open","ping_status":"closed","template":"","meta":{"_kad_post_transparent":"","_kad_post_title":"","_kad_post_layout":"","_kad_post_sidebar_id":"","_kad_post_content_style":"","_kad_post_vertical_padding":"","_kad_post_feature":"","_kad_post_feature_position":"","_kad_post_header":false,"_kad_post_footer":false,"_kad_post_classname":""},"product_brand":[],"product_cat":[14991],"product_tag":[],"class_list":{"0":"post-115292","1":"product","2":"type-product","3":"status-publish","4":"has-post-thumbnail","6":"product_cat-mobil-oyun-aksesuar-mobil-oyun-aksesuar","8":"first","9":"instock","10":"purchasable","11":"product-type-simple","12":"entry","13":"content-bg","14":"loop-entry"},"_links":{"self":[{"href":"https:\/\/www.hediyepazar.com\/index.php?rest_route=\/wp\/v2\/product\/115292","targetHints":{"allow":["GET"]}}],"collection":[{"href":"https:\/\/www.hediyepazar.com\/index.php?rest_route=\/wp\/v2\/product"}],"about":[{"href":"https:\/\/www.hediyepazar.com\/index.php?rest_route=\/wp\/v2\/types\/product"}],"replies":[{"embeddable":true,"href":"https:\/\/www.hediyepazar.com\/index.php?rest_route=%2Fwp%2Fv2%2Fcomments&post=115292"}],"wp:featuredmedia":[{"embeddable":true,"href":"https:\/\/www.hediyepazar.com\/index.php?rest_route=\/wp\/v2\/media\/115291"}],"wp:attachment":[{"href":"https:\/\/www.hediyepazar.com\/index.php?rest_route=%2Fwp%2Fv2%2Fmedia&parent=115292"}],"wp:term":[{"taxonomy":"product_brand","embeddable":true,"href":"https:\/\/www.hediyepazar.com\/index.php?rest_route=%2Fwp%2Fv2%2Fproduct_brand&post=115292"},{"taxonomy":"product_cat","embeddable":true,"href":"https:\/\/www.hediyepazar.com\/index.php?rest_route=%2Fwp%2Fv2%2Fproduct_cat&post=115292"},{"taxonomy":"product_tag","embeddable":true,"href":"https:\/\/www.hediyepazar.com\/index.php?rest_route=%2Fwp%2Fv2%2Fproduct_tag&post=115292"}],"curies":[{"name":"wp","href":"https:\/\/api.w.org\/{rel}","templated":true}]}}