{"id":115294,"date":"2026-05-05T14:39:14","date_gmt":"2026-05-05T17:39:14","guid":{"rendered":"https:\/\/www.hediyepazar.com\/?product=oyun-performansini-artiran-tasinabilir-telefon-sogutucu"},"modified":"2026-05-05T14:39:14","modified_gmt":"2026-05-05T17:39:14","slug":"oyun-performansini-artiran-tasinabilir-telefon-sogutucu","status":"publish","type":"product","link":"https:\/\/www.hediyepazar.com\/?product=oyun-performansini-artiran-tasinabilir-telefon-sogutucu","title":{"rendered":"Oyun Performans\u0131n\u0131 Art\u0131ran Ta\u015f\u0131nabilir Telefon So\u011futucu"},"content":{"rendered":"<p>Bu telefon so\u011futucu, mobil oyun tutkunlar\u0131 i\u00e7in vazge\u00e7ilmezdir. Termal k\u0131s\u0131tlamay\u0131 (thermal throttling) azaltarak daha y\u00fcksek FPS de\u011ferleri ve ak\u0131c\u0131 oyun deneyimi sunar. G\u00fc\u00e7l\u00fc 15W yar\u0131 iletken \u00e7ip ve 7 kanatl\u0131 fan sistemi sayesinde cihaz\u0131n\u0131z\u0131n s\u0131cakl\u0131\u011f\u0131n\u0131 dakikalar i\u00e7inde d\u00fc\u015f\u00fcr\u00fcr. Hem estetik hem de i\u015flevsel tasar\u0131m\u0131yla cihaz\u0131n\u0131za \u015f\u0131kl\u0131k katar.<\/p>\n","protected":false},"excerpt":{"rendered":"<p>Bu telefon so\u011futucu, mobil oyun tutkunlar\u0131 i\u00e7in vazge\u00e7ilmezdir. Termal k\u0131s\u0131tlamay\u0131 (thermal throttling) azaltarak daha y\u00fcksek FPS de\u011ferleri ve ak\u0131c\u0131 oyun deneyimi sunar. G\u00fc\u00e7l\u00fc 15W yar\u0131 iletken \u00e7ip ve 7 kanatl\u0131 fan sistemi sayesinde cihaz\u0131n\u0131z\u0131n s\u0131cakl\u0131\u011f\u0131n\u0131 dakikalar i\u00e7inde d\u00fc\u015f\u00fcr\u00fcr. Hem estetik hem de i\u015flevsel tasar\u0131m\u0131yla cihaz\u0131n\u0131za \u015f\u0131kl\u0131k katar.<\/p>\n","protected":false},"featured_media":115293,"comment_status":"open","ping_status":"closed","template":"","meta":{"_kad_post_transparent":"","_kad_post_title":"","_kad_post_layout":"","_kad_post_sidebar_id":"","_kad_post_content_style":"","_kad_post_vertical_padding":"","_kad_post_feature":"","_kad_post_feature_position":"","_kad_post_header":false,"_kad_post_footer":false,"_kad_post_classname":""},"product_brand":[],"product_cat":[14991],"product_tag":[],"class_list":{"0":"post-115294","1":"product","2":"type-product","3":"status-publish","4":"has-post-thumbnail","6":"product_cat-mobil-oyun-aksesuar-mobil-oyun-aksesuar","8":"first","9":"instock","10":"purchasable","11":"product-type-simple","12":"entry","13":"content-bg","14":"loop-entry"},"_links":{"self":[{"href":"https:\/\/www.hediyepazar.com\/index.php?rest_route=\/wp\/v2\/product\/115294","targetHints":{"allow":["GET"]}}],"collection":[{"href":"https:\/\/www.hediyepazar.com\/index.php?rest_route=\/wp\/v2\/product"}],"about":[{"href":"https:\/\/www.hediyepazar.com\/index.php?rest_route=\/wp\/v2\/types\/product"}],"replies":[{"embeddable":true,"href":"https:\/\/www.hediyepazar.com\/index.php?rest_route=%2Fwp%2Fv2%2Fcomments&post=115294"}],"wp:featuredmedia":[{"embeddable":true,"href":"https:\/\/www.hediyepazar.com\/index.php?rest_route=\/wp\/v2\/media\/115293"}],"wp:attachment":[{"href":"https:\/\/www.hediyepazar.com\/index.php?rest_route=%2Fwp%2Fv2%2Fmedia&parent=115294"}],"wp:term":[{"taxonomy":"product_brand","embeddable":true,"href":"https:\/\/www.hediyepazar.com\/index.php?rest_route=%2Fwp%2Fv2%2Fproduct_brand&post=115294"},{"taxonomy":"product_cat","embeddable":true,"href":"https:\/\/www.hediyepazar.com\/index.php?rest_route=%2Fwp%2Fv2%2Fproduct_cat&post=115294"},{"taxonomy":"product_tag","embeddable":true,"href":"https:\/\/www.hediyepazar.com\/index.php?rest_route=%2Fwp%2Fv2%2Fproduct_tag&post=115294"}],"curies":[{"name":"wp","href":"https:\/\/api.w.org\/{rel}","templated":true}]}}