{"id":115296,"date":"2026-05-05T14:39:18","date_gmt":"2026-05-05T17:39:18","guid":{"rendered":"https:\/\/www.hediyepazar.com\/?product=evrensel-uyumlu-akilli-telefon-ve-tablet-sogutucu"},"modified":"2026-05-05T14:39:18","modified_gmt":"2026-05-05T17:39:18","slug":"evrensel-uyumlu-akilli-telefon-ve-tablet-sogutucu","status":"publish","type":"product","link":"https:\/\/www.hediyepazar.com\/?product=evrensel-uyumlu-akilli-telefon-ve-tablet-sogutucu","title":{"rendered":"Evrensel Uyumlu Ak\u0131ll\u0131 Telefon ve Tablet So\u011futucu"},"content":{"rendered":"<p>G\u00fc\u00e7l\u00fc so\u011futma performans\u0131 ile \u00f6ne \u00e7\u0131kan bu cihaz, yo\u011fun oyun maratonlar\u0131nda telefonunuzu serin tutar. Manyetik montaj \u00f6zelli\u011fi sayesinde saniyeler i\u00e7inde telefonunuza sabitlenir. Hafif ve kompakt tasar\u0131m\u0131 sayesinde yan\u0131n\u0131zda kolayca ta\u015f\u0131yabilir, istedi\u011finiz her yerde kullanabilirsiniz. Dayan\u0131kl\u0131 malzemelerden \u00fcretilmi\u015f olup uzun \u00f6m\u00fcrl\u00fc kullan\u0131m i\u00e7in tasarlanm\u0131\u015ft\u0131r.<\/p>\n","protected":false},"excerpt":{"rendered":"<p>G\u00fc\u00e7l\u00fc so\u011futma performans\u0131 ile \u00f6ne \u00e7\u0131kan bu cihaz, yo\u011fun oyun maratonlar\u0131nda telefonunuzu serin tutar. Manyetik montaj \u00f6zelli\u011fi sayesinde saniyeler i\u00e7inde telefonunuza sabitlenir. Hafif ve kompakt tasar\u0131m\u0131 sayesinde yan\u0131n\u0131zda kolayca ta\u015f\u0131yabilir, istedi\u011finiz her yerde kullanabilirsiniz. Dayan\u0131kl\u0131 malzemelerden \u00fcretilmi\u015f olup uzun \u00f6m\u00fcrl\u00fc kullan\u0131m i\u00e7in tasarlanm\u0131\u015ft\u0131r.<\/p>\n","protected":false},"featured_media":115295,"comment_status":"open","ping_status":"closed","template":"","meta":{"_kad_post_transparent":"","_kad_post_title":"","_kad_post_layout":"","_kad_post_sidebar_id":"","_kad_post_content_style":"","_kad_post_vertical_padding":"","_kad_post_feature":"","_kad_post_feature_position":"","_kad_post_header":false,"_kad_post_footer":false,"_kad_post_classname":""},"product_brand":[],"product_cat":[14991],"product_tag":[],"class_list":{"0":"post-115296","1":"product","2":"type-product","3":"status-publish","4":"has-post-thumbnail","6":"product_cat-mobil-oyun-aksesuar-mobil-oyun-aksesuar","8":"first","9":"instock","10":"purchasable","11":"product-type-simple","12":"entry","13":"content-bg","14":"loop-entry"},"_links":{"self":[{"href":"https:\/\/www.hediyepazar.com\/index.php?rest_route=\/wp\/v2\/product\/115296","targetHints":{"allow":["GET"]}}],"collection":[{"href":"https:\/\/www.hediyepazar.com\/index.php?rest_route=\/wp\/v2\/product"}],"about":[{"href":"https:\/\/www.hediyepazar.com\/index.php?rest_route=\/wp\/v2\/types\/product"}],"replies":[{"embeddable":true,"href":"https:\/\/www.hediyepazar.com\/index.php?rest_route=%2Fwp%2Fv2%2Fcomments&post=115296"}],"wp:featuredmedia":[{"embeddable":true,"href":"https:\/\/www.hediyepazar.com\/index.php?rest_route=\/wp\/v2\/media\/115295"}],"wp:attachment":[{"href":"https:\/\/www.hediyepazar.com\/index.php?rest_route=%2Fwp%2Fv2%2Fmedia&parent=115296"}],"wp:term":[{"taxonomy":"product_brand","embeddable":true,"href":"https:\/\/www.hediyepazar.com\/index.php?rest_route=%2Fwp%2Fv2%2Fproduct_brand&post=115296"},{"taxonomy":"product_cat","embeddable":true,"href":"https:\/\/www.hediyepazar.com\/index.php?rest_route=%2Fwp%2Fv2%2Fproduct_cat&post=115296"},{"taxonomy":"product_tag","embeddable":true,"href":"https:\/\/www.hediyepazar.com\/index.php?rest_route=%2Fwp%2Fv2%2Fproduct_tag&post=115296"}],"curies":[{"name":"wp","href":"https:\/\/api.w.org\/{rel}","templated":true}]}}