{"id":115298,"date":"2026-05-05T14:40:57","date_gmt":"2026-05-05T17:40:57","guid":{"rendered":"https:\/\/www.hediyepazar.com\/?product=manyetik-montajli-kompakt-telefon-sogutucu"},"modified":"2026-05-05T14:40:57","modified_gmt":"2026-05-05T17:40:57","slug":"manyetik-montajli-kompakt-telefon-sogutucu","status":"publish","type":"product","link":"https:\/\/www.hediyepazar.com\/?product=manyetik-montajli-kompakt-telefon-sogutucu","title":{"rendered":"Manyetik Montajl\u0131 Kompakt Telefon So\u011futucu"},"content":{"rendered":"<p>15W yar\u0131 iletken so\u011futma sistemi, telefonunuzun y\u00fczey s\u0131cakl\u0131\u011f\u0131n\u0131 h\u0131zl\u0131 bir \u015fekilde d\u00fc\u015f\u00fcr\u00fcr. Termal performans kayb\u0131n\u0131 engelleyerek kesintisiz bir kullan\u0131m deneyimi sunar. Evrensel uyumlulu\u011fu sayesinde Android, iOS ve tablet cihazlarla kolayca kullan\u0131labilir. Oyun s\u0131ras\u0131nda donma ve kasma sorunlar\u0131n\u0131 ortadan kald\u0131r\u0131r, daha ak\u0131c\u0131 bir deneyim sa\u011flar. Kullan\u0131c\u0131 dostu tasar\u0131m\u0131 sayesinde herkes taraf\u0131ndan kolayca kullan\u0131labilir.<\/p>\n","protected":false},"excerpt":{"rendered":"<p>15W yar\u0131 iletken so\u011futma sistemi, telefonunuzun y\u00fczey s\u0131cakl\u0131\u011f\u0131n\u0131 h\u0131zl\u0131 bir \u015fekilde d\u00fc\u015f\u00fcr\u00fcr. Termal performans kayb\u0131n\u0131 engelleyerek kesintisiz bir kullan\u0131m deneyimi sunar. Evrensel uyumlulu\u011fu sayesinde Android, iOS ve tablet cihazlarla kolayca kullan\u0131labilir. Oyun s\u0131ras\u0131nda donma ve kasma sorunlar\u0131n\u0131 ortadan kald\u0131r\u0131r, daha ak\u0131c\u0131 bir deneyim sa\u011flar. Kullan\u0131c\u0131 dostu tasar\u0131m\u0131 sayesinde herkes taraf\u0131ndan kolayca kullan\u0131labilir.<\/p>\n","protected":false},"featured_media":115297,"comment_status":"open","ping_status":"closed","template":"","meta":{"_kad_post_transparent":"","_kad_post_title":"","_kad_post_layout":"","_kad_post_sidebar_id":"","_kad_post_content_style":"","_kad_post_vertical_padding":"","_kad_post_feature":"","_kad_post_feature_position":"","_kad_post_header":false,"_kad_post_footer":false,"_kad_post_classname":""},"product_brand":[],"product_cat":[14991],"product_tag":[],"class_list":{"0":"post-115298","1":"product","2":"type-product","3":"status-publish","4":"has-post-thumbnail","6":"product_cat-mobil-oyun-aksesuar-mobil-oyun-aksesuar","8":"first","9":"instock","10":"purchasable","11":"product-type-simple","12":"entry","13":"content-bg","14":"loop-entry"},"_links":{"self":[{"href":"https:\/\/www.hediyepazar.com\/index.php?rest_route=\/wp\/v2\/product\/115298","targetHints":{"allow":["GET"]}}],"collection":[{"href":"https:\/\/www.hediyepazar.com\/index.php?rest_route=\/wp\/v2\/product"}],"about":[{"href":"https:\/\/www.hediyepazar.com\/index.php?rest_route=\/wp\/v2\/types\/product"}],"replies":[{"embeddable":true,"href":"https:\/\/www.hediyepazar.com\/index.php?rest_route=%2Fwp%2Fv2%2Fcomments&post=115298"}],"wp:featuredmedia":[{"embeddable":true,"href":"https:\/\/www.hediyepazar.com\/index.php?rest_route=\/wp\/v2\/media\/115297"}],"wp:attachment":[{"href":"https:\/\/www.hediyepazar.com\/index.php?rest_route=%2Fwp%2Fv2%2Fmedia&parent=115298"}],"wp:term":[{"taxonomy":"product_brand","embeddable":true,"href":"https:\/\/www.hediyepazar.com\/index.php?rest_route=%2Fwp%2Fv2%2Fproduct_brand&post=115298"},{"taxonomy":"product_cat","embeddable":true,"href":"https:\/\/www.hediyepazar.com\/index.php?rest_route=%2Fwp%2Fv2%2Fproduct_cat&post=115298"},{"taxonomy":"product_tag","embeddable":true,"href":"https:\/\/www.hediyepazar.com\/index.php?rest_route=%2Fwp%2Fv2%2Fproduct_tag&post=115298"}],"curies":[{"name":"wp","href":"https:\/\/api.w.org\/{rel}","templated":true}]}}