{"id":115300,"date":"2026-05-05T14:41:04","date_gmt":"2026-05-05T17:41:04","guid":{"rendered":"https:\/\/www.hediyepazar.com\/?product=15w-guclu-yari-iletken-telefon-sogutucu-fan"},"modified":"2026-05-05T14:41:04","modified_gmt":"2026-05-05T17:41:04","slug":"15w-guclu-yari-iletken-telefon-sogutucu-fan","status":"publish","type":"product","link":"https:\/\/www.hediyepazar.com\/?product=15w-guclu-yari-iletken-telefon-sogutucu-fan","title":{"rendered":"15W G\u00fc\u00e7l\u00fc Yar\u0131 \u0130letken Telefon So\u011futucu Fan"},"content":{"rendered":"<p>Telefon so\u011futma konusunda g\u00fc\u00e7l\u00fc bir \u00e7\u00f6z\u00fcm ar\u0131yorsan\u0131z, 15W yar\u0131 iletken so\u011futma teknolojisine sahip bu cihaz tam size g\u00f6re! G\u00fc\u00e7l\u00fc \u0131s\u0131 da\u011f\u0131l\u0131m\u0131 sa\u011flayarak telefonunuzu a\u015f\u0131r\u0131 \u0131s\u0131nmaya kar\u015f\u0131 korur. \u00d6zellikle mobil oyun oynarken veya uzun s\u00fcreli video \u00e7ekimlerinde cihaz\u0131n performans\u0131n\u0131 sabit tutar. Manyetik montaj sistemi sayesinde telefonunuza kolayca tak\u0131l\u0131r ve \u00e7\u0131kar\u0131l\u0131r. Yap\u0131\u015fkan veya karma\u015f\u0131k kurulum gerekmez. Kompakt boyutu ile cihaz\u0131n\u0131za ek y\u00fck getirmez, hafif yap\u0131s\u0131yla ta\u015f\u0131nabilirli\u011fi art\u0131r\u0131r.<\/p>\n","protected":false},"excerpt":{"rendered":"<p>Telefon so\u011futma konusunda g\u00fc\u00e7l\u00fc bir \u00e7\u00f6z\u00fcm ar\u0131yorsan\u0131z, 15W yar\u0131 iletken so\u011futma teknolojisine sahip bu cihaz tam size g\u00f6re! G\u00fc\u00e7l\u00fc \u0131s\u0131 da\u011f\u0131l\u0131m\u0131 sa\u011flayarak telefonunuzu a\u015f\u0131r\u0131 \u0131s\u0131nmaya kar\u015f\u0131 korur. \u00d6zellikle mobil oyun oynarken veya uzun s\u00fcreli video \u00e7ekimlerinde cihaz\u0131n performans\u0131n\u0131 sabit tutar. Manyetik montaj sistemi sayesinde telefonunuza kolayca tak\u0131l\u0131r ve \u00e7\u0131kar\u0131l\u0131r. Yap\u0131\u015fkan veya karma\u015f\u0131k kurulum gerekmez. Kompakt&#8230;<\/p>\n","protected":false},"featured_media":115299,"comment_status":"open","ping_status":"closed","template":"","meta":{"_kad_post_transparent":"","_kad_post_title":"","_kad_post_layout":"","_kad_post_sidebar_id":"","_kad_post_content_style":"","_kad_post_vertical_padding":"","_kad_post_feature":"","_kad_post_feature_position":"","_kad_post_header":false,"_kad_post_footer":false,"_kad_post_classname":""},"product_brand":[],"product_cat":[14991],"product_tag":[],"class_list":{"0":"post-115300","1":"product","2":"type-product","3":"status-publish","4":"has-post-thumbnail","6":"product_cat-mobil-oyun-aksesuar-mobil-oyun-aksesuar","8":"first","9":"instock","10":"purchasable","11":"product-type-simple","12":"entry","13":"content-bg","14":"loop-entry"},"_links":{"self":[{"href":"https:\/\/www.hediyepazar.com\/index.php?rest_route=\/wp\/v2\/product\/115300","targetHints":{"allow":["GET"]}}],"collection":[{"href":"https:\/\/www.hediyepazar.com\/index.php?rest_route=\/wp\/v2\/product"}],"about":[{"href":"https:\/\/www.hediyepazar.com\/index.php?rest_route=\/wp\/v2\/types\/product"}],"replies":[{"embeddable":true,"href":"https:\/\/www.hediyepazar.com\/index.php?rest_route=%2Fwp%2Fv2%2Fcomments&post=115300"}],"wp:featuredmedia":[{"embeddable":true,"href":"https:\/\/www.hediyepazar.com\/index.php?rest_route=\/wp\/v2\/media\/115299"}],"wp:attachment":[{"href":"https:\/\/www.hediyepazar.com\/index.php?rest_route=%2Fwp%2Fv2%2Fmedia&parent=115300"}],"wp:term":[{"taxonomy":"product_brand","embeddable":true,"href":"https:\/\/www.hediyepazar.com\/index.php?rest_route=%2Fwp%2Fv2%2Fproduct_brand&post=115300"},{"taxonomy":"product_cat","embeddable":true,"href":"https:\/\/www.hediyepazar.com\/index.php?rest_route=%2Fwp%2Fv2%2Fproduct_cat&post=115300"},{"taxonomy":"product_tag","embeddable":true,"href":"https:\/\/www.hediyepazar.com\/index.php?rest_route=%2Fwp%2Fv2%2Fproduct_tag&post=115300"}],"curies":[{"name":"wp","href":"https:\/\/api.w.org\/{rel}","templated":true}]}}