{"id":115302,"date":"2026-05-05T14:41:08","date_gmt":"2026-05-05T17:41:08","guid":{"rendered":"https:\/\/www.hediyepazar.com\/?product=abs-aluminyum-alasimli-hafif-ve-dayanikli-mobil-sogutucu"},"modified":"2026-05-05T14:41:08","modified_gmt":"2026-05-05T17:41:08","slug":"abs-aluminyum-alasimli-hafif-ve-dayanikli-mobil-sogutucu","status":"publish","type":"product","link":"https:\/\/www.hediyepazar.com\/?product=abs-aluminyum-alasimli-hafif-ve-dayanikli-mobil-sogutucu","title":{"rendered":"ABS Al\u00fcminyum Ala\u015f\u0131ml\u0131 Hafif ve Dayan\u0131kl\u0131 Mobil So\u011futucu"},"content":{"rendered":"<p>Bu ta\u015f\u0131nabilir telefon so\u011futucu, mobil oyun tutkunlar\u0131 ve yo\u011fun i\u00e7erik \u00fcreten kullan\u0131c\u0131lar i\u00e7in vazge\u00e7ilmez bir \u00fcr\u00fcnd\u00fcr. TEC \u00e7ip teknolojisi ile telefon y\u00fczeyindeki s\u0131cakl\u0131\u011f\u0131 an\u0131nda d\u00fc\u015f\u00fcr\u00fcr. 7 b\u0131\u00e7akl\u0131 fan tasar\u0131m\u0131, g\u00fc\u00e7l\u00fc hava ak\u0131\u015f\u0131 sa\u011flayarak h\u0131zl\u0131 \u0131s\u0131 da\u011f\u0131l\u0131m\u0131 yapar.\u00dcr\u00fcn, \u00e7ift \u00e7al\u0131\u015fma moduna sahiptir: standart modda batarya g\u00fcc\u00fcyle kablosuz kullan\u0131labilir, AI modunda ise adapt\u00f6r ba\u011flant\u0131s\u0131yla maksimum performans sunar. Kullan\u0131c\u0131lar modlar aras\u0131nda kolayca ge\u00e7i\u015f yaparak cihazlar\u0131n\u0131 koruyabilir.Kompakt boyutlar\u0131 ve yaln\u0131zca 120 graml\u0131k hafifli\u011fi sayesinde ta\u015f\u0131nabilirli\u011fi son derece kolayd\u0131r. RGB \u0131\u015f\u0131kland\u0131rma ve dijital s\u0131cakl\u0131k ekran\u0131, hem estetik hem de i\u015flevsel bir deneyim sa\u011flar. Dayan\u0131kl\u0131 ABS + al\u00fcminyum g\u00f6vdesi, uzun s\u00fcreli kullan\u0131m i\u00e7in tasarlanm\u0131\u015ft\u0131r.<\/p>\n","protected":false},"excerpt":{"rendered":"<p>Bu ta\u015f\u0131nabilir telefon so\u011futucu, mobil oyun tutkunlar\u0131 ve yo\u011fun i\u00e7erik \u00fcreten kullan\u0131c\u0131lar i\u00e7in vazge\u00e7ilmez bir \u00fcr\u00fcnd\u00fcr. TEC \u00e7ip teknolojisi ile telefon y\u00fczeyindeki s\u0131cakl\u0131\u011f\u0131 an\u0131nda d\u00fc\u015f\u00fcr\u00fcr. 7 b\u0131\u00e7akl\u0131 fan tasar\u0131m\u0131, g\u00fc\u00e7l\u00fc hava ak\u0131\u015f\u0131 sa\u011flayarak h\u0131zl\u0131 \u0131s\u0131 da\u011f\u0131l\u0131m\u0131 yapar.\u00dcr\u00fcn, \u00e7ift \u00e7al\u0131\u015fma moduna sahiptir: standart modda batarya g\u00fcc\u00fcyle kablosuz kullan\u0131labilir, AI modunda ise adapt\u00f6r ba\u011flant\u0131s\u0131yla maksimum performans sunar&#8230;.<\/p>\n","protected":false},"featured_media":115301,"comment_status":"open","ping_status":"closed","template":"","meta":{"_kad_post_transparent":"","_kad_post_title":"","_kad_post_layout":"","_kad_post_sidebar_id":"","_kad_post_content_style":"","_kad_post_vertical_padding":"","_kad_post_feature":"","_kad_post_feature_position":"","_kad_post_header":false,"_kad_post_footer":false,"_kad_post_classname":""},"product_brand":[],"product_cat":[14991],"product_tag":[],"class_list":{"0":"post-115302","1":"product","2":"type-product","3":"status-publish","4":"has-post-thumbnail","6":"product_cat-mobil-oyun-aksesuar-mobil-oyun-aksesuar","8":"first","9":"instock","10":"purchasable","11":"product-type-simple","12":"entry","13":"content-bg","14":"loop-entry"},"_links":{"self":[{"href":"https:\/\/www.hediyepazar.com\/index.php?rest_route=\/wp\/v2\/product\/115302","targetHints":{"allow":["GET"]}}],"collection":[{"href":"https:\/\/www.hediyepazar.com\/index.php?rest_route=\/wp\/v2\/product"}],"about":[{"href":"https:\/\/www.hediyepazar.com\/index.php?rest_route=\/wp\/v2\/types\/product"}],"replies":[{"embeddable":true,"href":"https:\/\/www.hediyepazar.com\/index.php?rest_route=%2Fwp%2Fv2%2Fcomments&post=115302"}],"wp:featuredmedia":[{"embeddable":true,"href":"https:\/\/www.hediyepazar.com\/index.php?rest_route=\/wp\/v2\/media\/115301"}],"wp:attachment":[{"href":"https:\/\/www.hediyepazar.com\/index.php?rest_route=%2Fwp%2Fv2%2Fmedia&parent=115302"}],"wp:term":[{"taxonomy":"product_brand","embeddable":true,"href":"https:\/\/www.hediyepazar.com\/index.php?rest_route=%2Fwp%2Fv2%2Fproduct_brand&post=115302"},{"taxonomy":"product_cat","embeddable":true,"href":"https:\/\/www.hediyepazar.com\/index.php?rest_route=%2Fwp%2Fv2%2Fproduct_cat&post=115302"},{"taxonomy":"product_tag","embeddable":true,"href":"https:\/\/www.hediyepazar.com\/index.php?rest_route=%2Fwp%2Fv2%2Fproduct_tag&post=115302"}],"curies":[{"name":"wp","href":"https:\/\/api.w.org\/{rel}","templated":true}]}}