{"id":115304,"date":"2026-05-05T14:41:13","date_gmt":"2026-05-05T17:41:13","guid":{"rendered":"https:\/\/www.hediyepazar.com\/?product=7-kanatli-vortex-fanli-akilli-telefon-sogutma-aparati"},"modified":"2026-05-05T14:41:13","modified_gmt":"2026-05-05T17:41:13","slug":"7-kanatli-vortex-fanli-akilli-telefon-sogutma-aparati","status":"publish","type":"product","link":"https:\/\/www.hediyepazar.com\/?product=7-kanatli-vortex-fanli-akilli-telefon-sogutma-aparati","title":{"rendered":"7 Kanatl\u0131 Vortex Fanl\u0131 Ak\u0131ll\u0131 Telefon So\u011futma Aparat\u0131"},"content":{"rendered":"<p>Mobil cihazlarda y\u00fcksek s\u0131cakl\u0131k sorununa kar\u015f\u0131 tasarlanan bu so\u011futucu, 20 dakikadan uzun oyun seanslar\u0131nda bile cihaz\u0131n performans\u0131n\u0131 sabit tutar. TEC yar\u0131 iletken so\u011futma teknolojisi, cihaz y\u00fczeyinde olu\u015fan fazla \u0131s\u0131y\u0131 h\u0131zla emer. 7 kanatl\u0131 vortex fan, y\u00fcksek hava ak\u0131\u015f\u0131 sa\u011flayarak \u0131s\u0131 da\u011f\u0131l\u0131m\u0131n\u0131 h\u0131zland\u0131r\u0131r.\u00dcr\u00fcn, 2000mAh batarya ile kablosuz kullan\u0131m sunar. Ta\u015f\u0131nabilirli\u011fi sayesinde d\u0131\u015f mekanlarda kolayca kullan\u0131labilir. AI modunda Type-C giri\u015f \u00fczerinden \u00e7al\u0131\u015farak maksimum so\u011futma performans\u0131 elde edilir. Bu sayede kullan\u0131c\u0131lar, cihazlar\u0131n\u0131n s\u0131cakl\u0131k durumuna g\u00f6re esnek kullan\u0131m avantaj\u0131 elde eder.RGB \u0131\u015f\u0131k efektleri ve dijital s\u0131cakl\u0131k g\u00f6stergesi, cihaz\u0131 yaln\u0131zca bir so\u011futucu de\u011fil ayn\u0131 zamanda g\u00f6rsel a\u00e7\u0131dan da \u015f\u0131k bir aksesuar haline getirir. ABS ve al\u00fcminyum g\u00f6vde malzemesi, uzun \u00f6m\u00fcrl\u00fc kullan\u0131m i\u00e7in dayan\u0131kl\u0131d\u0131r.<\/p>\n","protected":false},"excerpt":{"rendered":"<p>Mobil cihazlarda y\u00fcksek s\u0131cakl\u0131k sorununa kar\u015f\u0131 tasarlanan bu so\u011futucu, 20 dakikadan uzun oyun seanslar\u0131nda bile cihaz\u0131n performans\u0131n\u0131 sabit tutar. TEC yar\u0131 iletken so\u011futma teknolojisi, cihaz y\u00fczeyinde olu\u015fan fazla \u0131s\u0131y\u0131 h\u0131zla emer. 7 kanatl\u0131 vortex fan, y\u00fcksek hava ak\u0131\u015f\u0131 sa\u011flayarak \u0131s\u0131 da\u011f\u0131l\u0131m\u0131n\u0131 h\u0131zland\u0131r\u0131r.\u00dcr\u00fcn, 2000mAh batarya ile kablosuz kullan\u0131m sunar. Ta\u015f\u0131nabilirli\u011fi sayesinde d\u0131\u015f mekanlarda kolayca kullan\u0131labilir. AI&#8230;<\/p>\n","protected":false},"featured_media":115303,"comment_status":"open","ping_status":"closed","template":"","meta":{"_kad_post_transparent":"","_kad_post_title":"","_kad_post_layout":"","_kad_post_sidebar_id":"","_kad_post_content_style":"","_kad_post_vertical_padding":"","_kad_post_feature":"","_kad_post_feature_position":"","_kad_post_header":false,"_kad_post_footer":false,"_kad_post_classname":""},"product_brand":[],"product_cat":[14991],"product_tag":[],"class_list":{"0":"post-115304","1":"product","2":"type-product","3":"status-publish","4":"has-post-thumbnail","6":"product_cat-mobil-oyun-aksesuar-mobil-oyun-aksesuar","8":"first","9":"instock","10":"purchasable","11":"product-type-simple","12":"entry","13":"content-bg","14":"loop-entry"},"_links":{"self":[{"href":"https:\/\/www.hediyepazar.com\/index.php?rest_route=\/wp\/v2\/product\/115304","targetHints":{"allow":["GET"]}}],"collection":[{"href":"https:\/\/www.hediyepazar.com\/index.php?rest_route=\/wp\/v2\/product"}],"about":[{"href":"https:\/\/www.hediyepazar.com\/index.php?rest_route=\/wp\/v2\/types\/product"}],"replies":[{"embeddable":true,"href":"https:\/\/www.hediyepazar.com\/index.php?rest_route=%2Fwp%2Fv2%2Fcomments&post=115304"}],"wp:featuredmedia":[{"embeddable":true,"href":"https:\/\/www.hediyepazar.com\/index.php?rest_route=\/wp\/v2\/media\/115303"}],"wp:attachment":[{"href":"https:\/\/www.hediyepazar.com\/index.php?rest_route=%2Fwp%2Fv2%2Fmedia&parent=115304"}],"wp:term":[{"taxonomy":"product_brand","embeddable":true,"href":"https:\/\/www.hediyepazar.com\/index.php?rest_route=%2Fwp%2Fv2%2Fproduct_brand&post=115304"},{"taxonomy":"product_cat","embeddable":true,"href":"https:\/\/www.hediyepazar.com\/index.php?rest_route=%2Fwp%2Fv2%2Fproduct_cat&post=115304"},{"taxonomy":"product_tag","embeddable":true,"href":"https:\/\/www.hediyepazar.com\/index.php?rest_route=%2Fwp%2Fv2%2Fproduct_tag&post=115304"}],"curies":[{"name":"wp","href":"https:\/\/api.w.org\/{rel}","templated":true}]}}