{"id":115314,"date":"2026-05-05T14:41:38","date_gmt":"2026-05-05T17:41:38","guid":{"rendered":"https:\/\/www.hediyepazar.com\/?product=kablo-gerektirmeyen-solar-led-bahce-ve-veranda-isigi"},"modified":"2026-05-05T14:41:38","modified_gmt":"2026-05-05T17:41:38","slug":"kablo-gerektirmeyen-solar-led-bahce-ve-veranda-isigi","status":"publish","type":"product","link":"https:\/\/www.hediyepazar.com\/?product=kablo-gerektirmeyen-solar-led-bahce-ve-veranda-isigi","title":{"rendered":"Kablo Gerektirmeyen Solar LED Bah\u00e7e ve Veranda I\u015f\u0131\u011f\u0131"},"content":{"rendered":"<p>Hareket sens\u00f6rl\u00fc solar LED lamba, evinizin d\u0131\u015f mekanlar\u0131nda g\u00fcvenli ve estetik bir ayd\u0131nlatma sa\u011flar. Enerjisini g\u00fcne\u015ften alan lamba, \u00e7evre dostu ve ekonomik bir \u00e7\u00f6z\u00fcmd\u00fcr. 20 LED\u2019li g\u00fc\u00e7l\u00fc \u0131\u015f\u0131klar\u0131yla gece boyunca net g\u00f6r\u00fc\u015f imkan\u0131 sunar.4 farkl\u0131 mod se\u00e7ene\u011fi ile ihtiyac\u0131n\u0131za uygun \u015fekilde \u00e7al\u0131\u015ft\u0131rabilirsiniz. Su ge\u00e7irmez ve dayan\u0131kl\u0131 yap\u0131s\u0131, ya\u011fmur ve kara kar\u015f\u0131 koruma sa\u011flar. Montaj\u0131 \u00e7ok kolayd\u0131r, sadece birka\u00e7 dakika i\u00e7inde duvara sabitleyebilirsiniz. Bah\u00e7e, garaj, veranda ve y\u00fcr\u00fcy\u00fc\u015f yollar\u0131 i\u00e7in ideal bir ayd\u0131nlatma cihaz\u0131d\u0131r.<\/p>\n","protected":false},"excerpt":{"rendered":"<p>Hareket sens\u00f6rl\u00fc solar LED lamba, evinizin d\u0131\u015f mekanlar\u0131nda g\u00fcvenli ve estetik bir ayd\u0131nlatma sa\u011flar. Enerjisini g\u00fcne\u015ften alan lamba, \u00e7evre dostu ve ekonomik bir \u00e7\u00f6z\u00fcmd\u00fcr. 20 LED\u2019li g\u00fc\u00e7l\u00fc \u0131\u015f\u0131klar\u0131yla gece boyunca net g\u00f6r\u00fc\u015f imkan\u0131 sunar.4 farkl\u0131 mod se\u00e7ene\u011fi ile ihtiyac\u0131n\u0131za uygun \u015fekilde \u00e7al\u0131\u015ft\u0131rabilirsiniz. Su ge\u00e7irmez ve dayan\u0131kl\u0131 yap\u0131s\u0131, ya\u011fmur ve kara kar\u015f\u0131 koruma sa\u011flar. Montaj\u0131 \u00e7ok&#8230;<\/p>\n","protected":false},"featured_media":115313,"comment_status":"open","ping_status":"closed","template":"","meta":{"_kad_post_transparent":"","_kad_post_title":"","_kad_post_layout":"","_kad_post_sidebar_id":"","_kad_post_content_style":"","_kad_post_vertical_padding":"","_kad_post_feature":"","_kad_post_feature_position":"","_kad_post_header":false,"_kad_post_footer":false,"_kad_post_classname":""},"product_brand":[],"product_cat":[14946],"product_tag":[],"class_list":{"0":"post-115314","1":"product","2":"type-product","3":"status-publish","4":"has-post-thumbnail","6":"product_cat-bahce-aydinlatmasi-bahce-aydinlatmasi","8":"first","9":"instock","10":"purchasable","11":"product-type-simple","12":"entry","13":"content-bg","14":"loop-entry"},"_links":{"self":[{"href":"https:\/\/www.hediyepazar.com\/index.php?rest_route=\/wp\/v2\/product\/115314","targetHints":{"allow":["GET"]}}],"collection":[{"href":"https:\/\/www.hediyepazar.com\/index.php?rest_route=\/wp\/v2\/product"}],"about":[{"href":"https:\/\/www.hediyepazar.com\/index.php?rest_route=\/wp\/v2\/types\/product"}],"replies":[{"embeddable":true,"href":"https:\/\/www.hediyepazar.com\/index.php?rest_route=%2Fwp%2Fv2%2Fcomments&post=115314"}],"wp:featuredmedia":[{"embeddable":true,"href":"https:\/\/www.hediyepazar.com\/index.php?rest_route=\/wp\/v2\/media\/115313"}],"wp:attachment":[{"href":"https:\/\/www.hediyepazar.com\/index.php?rest_route=%2Fwp%2Fv2%2Fmedia&parent=115314"}],"wp:term":[{"taxonomy":"product_brand","embeddable":true,"href":"https:\/\/www.hediyepazar.com\/index.php?rest_route=%2Fwp%2Fv2%2Fproduct_brand&post=115314"},{"taxonomy":"product_cat","embeddable":true,"href":"https:\/\/www.hediyepazar.com\/index.php?rest_route=%2Fwp%2Fv2%2Fproduct_cat&post=115314"},{"taxonomy":"product_tag","embeddable":true,"href":"https:\/\/www.hediyepazar.com\/index.php?rest_route=%2Fwp%2Fv2%2Fproduct_tag&post=115314"}],"curies":[{"name":"wp","href":"https:\/\/api.w.org\/{rel}","templated":true}]}}