{"id":115316,"date":"2026-05-05T14:41:43","date_gmt":"2026-05-05T17:41:43","guid":{"rendered":"https:\/\/www.hediyepazar.com\/?product=ip65-dayanikli-solar-enerjili-dis-cephe-aydinlatma"},"modified":"2026-05-05T14:41:43","modified_gmt":"2026-05-05T17:41:43","slug":"ip65-dayanikli-solar-enerjili-dis-cephe-aydinlatma","status":"publish","type":"product","link":"https:\/\/www.hediyepazar.com\/?product=ip65-dayanikli-solar-enerjili-dis-cephe-aydinlatma","title":{"rendered":"IP65 Dayan\u0131kl\u0131 Solar Enerjili D\u0131\u015f Cephe Ayd\u0131nlatma"},"content":{"rendered":"<p>Ak\u0131ll\u0131 solar LED duvar lambas\u0131, gece boyunca g\u00fcvenlik ve konfor sunar. 1200 mAh bataryas\u0131, g\u00fcne\u015f enerjisiyle \u015farj olur ve tam dolumda 8 saat boyunca kesintisiz ayd\u0131nlatma sa\u011flar. PIR sens\u00f6r\u00fc, 3-4 metreye kadar hareket alg\u0131lar ve \u0131\u015f\u0131\u011f\u0131 otomatik olarak a\u00e7ar.\u00dcr\u00fcn, bah\u00e7e ve garaj giri\u015flerinde, balkon ve verandada, merdiven basamaklar\u0131nda ve \u00e7it kenarlar\u0131nda g\u00fcvenilir bir \u00e7\u00f6z\u00fcm sunar. IP65 su ge\u00e7irmezlik \u00f6zelli\u011fi ile t\u00fcm d\u0131\u015f hava ko\u015fullar\u0131na dayan\u0131kl\u0131d\u0131r. Kolay kurulumu ile kablo derdi olmadan kullanmaya ba\u015flayabilirsiniz.<\/p>\n","protected":false},"excerpt":{"rendered":"<p>Ak\u0131ll\u0131 solar LED duvar lambas\u0131, gece boyunca g\u00fcvenlik ve konfor sunar. 1200 mAh bataryas\u0131, g\u00fcne\u015f enerjisiyle \u015farj olur ve tam dolumda 8 saat boyunca kesintisiz ayd\u0131nlatma sa\u011flar. PIR sens\u00f6r\u00fc, 3-4 metreye kadar hareket alg\u0131lar ve \u0131\u015f\u0131\u011f\u0131 otomatik olarak a\u00e7ar.\u00dcr\u00fcn, bah\u00e7e ve garaj giri\u015flerinde, balkon ve verandada, merdiven basamaklar\u0131nda ve \u00e7it kenarlar\u0131nda g\u00fcvenilir bir \u00e7\u00f6z\u00fcm sunar&#8230;.<\/p>\n","protected":false},"featured_media":115315,"comment_status":"open","ping_status":"closed","template":"","meta":{"_kad_post_transparent":"","_kad_post_title":"","_kad_post_layout":"","_kad_post_sidebar_id":"","_kad_post_content_style":"","_kad_post_vertical_padding":"","_kad_post_feature":"","_kad_post_feature_position":"","_kad_post_header":false,"_kad_post_footer":false,"_kad_post_classname":""},"product_brand":[],"product_cat":[14946],"product_tag":[],"class_list":{"0":"post-115316","1":"product","2":"type-product","3":"status-publish","4":"has-post-thumbnail","6":"product_cat-bahce-aydinlatmasi-bahce-aydinlatmasi","8":"first","9":"instock","10":"purchasable","11":"product-type-simple","12":"entry","13":"content-bg","14":"loop-entry"},"_links":{"self":[{"href":"https:\/\/www.hediyepazar.com\/index.php?rest_route=\/wp\/v2\/product\/115316","targetHints":{"allow":["GET"]}}],"collection":[{"href":"https:\/\/www.hediyepazar.com\/index.php?rest_route=\/wp\/v2\/product"}],"about":[{"href":"https:\/\/www.hediyepazar.com\/index.php?rest_route=\/wp\/v2\/types\/product"}],"replies":[{"embeddable":true,"href":"https:\/\/www.hediyepazar.com\/index.php?rest_route=%2Fwp%2Fv2%2Fcomments&post=115316"}],"wp:featuredmedia":[{"embeddable":true,"href":"https:\/\/www.hediyepazar.com\/index.php?rest_route=\/wp\/v2\/media\/115315"}],"wp:attachment":[{"href":"https:\/\/www.hediyepazar.com\/index.php?rest_route=%2Fwp%2Fv2%2Fmedia&parent=115316"}],"wp:term":[{"taxonomy":"product_brand","embeddable":true,"href":"https:\/\/www.hediyepazar.com\/index.php?rest_route=%2Fwp%2Fv2%2Fproduct_brand&post=115316"},{"taxonomy":"product_cat","embeddable":true,"href":"https:\/\/www.hediyepazar.com\/index.php?rest_route=%2Fwp%2Fv2%2Fproduct_cat&post=115316"},{"taxonomy":"product_tag","embeddable":true,"href":"https:\/\/www.hediyepazar.com\/index.php?rest_route=%2Fwp%2Fv2%2Fproduct_tag&post=115316"}],"curies":[{"name":"wp","href":"https:\/\/api.w.org\/{rel}","templated":true}]}}