{"id":115318,"date":"2026-05-05T14:41:47","date_gmt":"2026-05-05T17:41:47","guid":{"rendered":"https:\/\/www.hediyepazar.com\/?product=hareket-algilamali-solar-led-guvenlik-lambasi"},"modified":"2026-05-05T14:41:47","modified_gmt":"2026-05-05T17:41:47","slug":"hareket-algilamali-solar-led-guvenlik-lambasi","status":"publish","type":"product","link":"https:\/\/www.hediyepazar.com\/?product=hareket-algilamali-solar-led-guvenlik-lambasi","title":{"rendered":"Hareket Alg\u0131lamal\u0131 Solar LED G\u00fcvenlik Lambas\u0131"},"content":{"rendered":"<p>Bu solar LED duvar lambas\u0131, d\u00fc\u015f\u00fck maliyetli ve y\u00fcksek performansl\u0131 bir ayd\u0131nlatma \u00e7\u00f6z\u00fcm\u00fcd\u00fcr. Geli\u015fmi\u015f PIR sens\u00f6r\u00fc, hareketi 120\u00b0 a\u00e7\u0131yla alg\u0131lar ve 10-25 saniye boyunca \u0131\u015f\u0131\u011f\u0131 aktif tutar. Enerjisini tamamen g\u00fcne\u015ften al\u0131r, elektrik ba\u011flant\u0131s\u0131 gerektirmez.D\u00f6rt farkl\u0131 \u0131\u015f\u0131k modu sayesinde ihtiyac\u0131n\u0131za g\u00f6re ayarlayabilirsiniz. G\u00fc\u00e7l\u00fc LED\u2019leri karanl\u0131k alanlar\u0131 etkili \u015fekilde ayd\u0131nlat\u0131rken, k\u0131s\u0131k \u0131\u015f\u0131k modu dekoratif bir g\u00f6r\u00fcn\u00fcm sa\u011flar. Dayan\u0131kl\u0131 g\u00f6vdesi ve kompakt boyutuyla uzun y\u0131llar kullan\u0131ma uygundur.<\/p>\n","protected":false},"excerpt":{"rendered":"<p>Bu solar LED duvar lambas\u0131, d\u00fc\u015f\u00fck maliyetli ve y\u00fcksek performansl\u0131 bir ayd\u0131nlatma \u00e7\u00f6z\u00fcm\u00fcd\u00fcr. Geli\u015fmi\u015f PIR sens\u00f6r\u00fc, hareketi 120\u00b0 a\u00e7\u0131yla alg\u0131lar ve 10-25 saniye boyunca \u0131\u015f\u0131\u011f\u0131 aktif tutar. Enerjisini tamamen g\u00fcne\u015ften al\u0131r, elektrik ba\u011flant\u0131s\u0131 gerektirmez.D\u00f6rt farkl\u0131 \u0131\u015f\u0131k modu sayesinde ihtiyac\u0131n\u0131za g\u00f6re ayarlayabilirsiniz. G\u00fc\u00e7l\u00fc LED\u2019leri karanl\u0131k alanlar\u0131 etkili \u015fekilde ayd\u0131nlat\u0131rken, k\u0131s\u0131k \u0131\u015f\u0131k modu dekoratif bir g\u00f6r\u00fcn\u00fcm sa\u011flar&#8230;.<\/p>\n","protected":false},"featured_media":115317,"comment_status":"open","ping_status":"closed","template":"","meta":{"_kad_post_transparent":"","_kad_post_title":"","_kad_post_layout":"","_kad_post_sidebar_id":"","_kad_post_content_style":"","_kad_post_vertical_padding":"","_kad_post_feature":"","_kad_post_feature_position":"","_kad_post_header":false,"_kad_post_footer":false,"_kad_post_classname":""},"product_brand":[],"product_cat":[14946],"product_tag":[],"class_list":{"0":"post-115318","1":"product","2":"type-product","3":"status-publish","4":"has-post-thumbnail","6":"product_cat-bahce-aydinlatmasi-bahce-aydinlatmasi","8":"first","9":"instock","10":"purchasable","11":"product-type-simple","12":"entry","13":"content-bg","14":"loop-entry"},"_links":{"self":[{"href":"https:\/\/www.hediyepazar.com\/index.php?rest_route=\/wp\/v2\/product\/115318","targetHints":{"allow":["GET"]}}],"collection":[{"href":"https:\/\/www.hediyepazar.com\/index.php?rest_route=\/wp\/v2\/product"}],"about":[{"href":"https:\/\/www.hediyepazar.com\/index.php?rest_route=\/wp\/v2\/types\/product"}],"replies":[{"embeddable":true,"href":"https:\/\/www.hediyepazar.com\/index.php?rest_route=%2Fwp%2Fv2%2Fcomments&post=115318"}],"wp:featuredmedia":[{"embeddable":true,"href":"https:\/\/www.hediyepazar.com\/index.php?rest_route=\/wp\/v2\/media\/115317"}],"wp:attachment":[{"href":"https:\/\/www.hediyepazar.com\/index.php?rest_route=%2Fwp%2Fv2%2Fmedia&parent=115318"}],"wp:term":[{"taxonomy":"product_brand","embeddable":true,"href":"https:\/\/www.hediyepazar.com\/index.php?rest_route=%2Fwp%2Fv2%2Fproduct_brand&post=115318"},{"taxonomy":"product_cat","embeddable":true,"href":"https:\/\/www.hediyepazar.com\/index.php?rest_route=%2Fwp%2Fv2%2Fproduct_cat&post=115318"},{"taxonomy":"product_tag","embeddable":true,"href":"https:\/\/www.hediyepazar.com\/index.php?rest_route=%2Fwp%2Fv2%2Fproduct_tag&post=115318"}],"curies":[{"name":"wp","href":"https:\/\/api.w.org\/{rel}","templated":true}]}}