{"id":115320,"date":"2026-05-05T14:41:58","date_gmt":"2026-05-05T17:41:58","guid":{"rendered":"https:\/\/www.hediyepazar.com\/?product=4-modlu-solar-led-bahce-ve-garaj-lambasi"},"modified":"2026-05-05T14:41:58","modified_gmt":"2026-05-05T17:41:58","slug":"4-modlu-solar-led-bahce-ve-garaj-lambasi","status":"publish","type":"product","link":"https:\/\/www.hediyepazar.com\/?product=4-modlu-solar-led-bahce-ve-garaj-lambasi","title":{"rendered":"4 Modlu Solar LED Bah\u00e7e ve Garaj Lambas\u0131"},"content":{"rendered":"<p>20 LED\u2019li solar lamba, gece karanl\u0131\u011f\u0131nda g\u00fcvenli\u011fi ve g\u00f6r\u00fcn\u00fcrl\u00fc\u011f\u00fc art\u0131r\u0131r. G\u00fcne\u015f paneliyle \u015farj olan bataryas\u0131, tam dolumda 8 saate kadar ayd\u0131nlatma sunar. 3-4 metre mesafeden alg\u0131layan PIR sens\u00f6r\u00fc sayesinde enerji israf\u0131n\u0131 \u00f6nler. Yaln\u0131zca gerekti\u011finde yanar, bu sayede uzun s\u00fcreli kullan\u0131m sa\u011flar.IP65 sertifikal\u0131 su ge\u00e7irmez tasar\u0131m\u0131 ile her t\u00fcrl\u00fc hava ko\u015fulunda g\u00fcvenle kullanabilirsiniz. Kurulumu \u00e7ok kolayd\u0131r, kablo gerektirmez. Bah\u00e7e yollar\u0131, garaj giri\u015fleri, veranda, balkon ve \u00e7itler i\u00e7in m\u00fckemmel bir se\u00e7enektir.<\/p>\n","protected":false},"excerpt":{"rendered":"<p>20 LED\u2019li solar lamba, gece karanl\u0131\u011f\u0131nda g\u00fcvenli\u011fi ve g\u00f6r\u00fcn\u00fcrl\u00fc\u011f\u00fc art\u0131r\u0131r. G\u00fcne\u015f paneliyle \u015farj olan bataryas\u0131, tam dolumda 8 saate kadar ayd\u0131nlatma sunar. 3-4 metre mesafeden alg\u0131layan PIR sens\u00f6r\u00fc sayesinde enerji israf\u0131n\u0131 \u00f6nler. Yaln\u0131zca gerekti\u011finde yanar, bu sayede uzun s\u00fcreli kullan\u0131m sa\u011flar.IP65 sertifikal\u0131 su ge\u00e7irmez tasar\u0131m\u0131 ile her t\u00fcrl\u00fc hava ko\u015fulunda g\u00fcvenle kullanabilirsiniz. Kurulumu \u00e7ok kolayd\u0131r,&#8230;<\/p>\n","protected":false},"featured_media":115319,"comment_status":"open","ping_status":"closed","template":"","meta":{"_kad_post_transparent":"","_kad_post_title":"","_kad_post_layout":"","_kad_post_sidebar_id":"","_kad_post_content_style":"","_kad_post_vertical_padding":"","_kad_post_feature":"","_kad_post_feature_position":"","_kad_post_header":false,"_kad_post_footer":false,"_kad_post_classname":""},"product_brand":[],"product_cat":[14946],"product_tag":[],"class_list":{"0":"post-115320","1":"product","2":"type-product","3":"status-publish","4":"has-post-thumbnail","6":"product_cat-bahce-aydinlatmasi-bahce-aydinlatmasi","8":"first","9":"instock","10":"purchasable","11":"product-type-simple","12":"entry","13":"content-bg","14":"loop-entry"},"_links":{"self":[{"href":"https:\/\/www.hediyepazar.com\/index.php?rest_route=\/wp\/v2\/product\/115320","targetHints":{"allow":["GET"]}}],"collection":[{"href":"https:\/\/www.hediyepazar.com\/index.php?rest_route=\/wp\/v2\/product"}],"about":[{"href":"https:\/\/www.hediyepazar.com\/index.php?rest_route=\/wp\/v2\/types\/product"}],"replies":[{"embeddable":true,"href":"https:\/\/www.hediyepazar.com\/index.php?rest_route=%2Fwp%2Fv2%2Fcomments&post=115320"}],"wp:featuredmedia":[{"embeddable":true,"href":"https:\/\/www.hediyepazar.com\/index.php?rest_route=\/wp\/v2\/media\/115319"}],"wp:attachment":[{"href":"https:\/\/www.hediyepazar.com\/index.php?rest_route=%2Fwp%2Fv2%2Fmedia&parent=115320"}],"wp:term":[{"taxonomy":"product_brand","embeddable":true,"href":"https:\/\/www.hediyepazar.com\/index.php?rest_route=%2Fwp%2Fv2%2Fproduct_brand&post=115320"},{"taxonomy":"product_cat","embeddable":true,"href":"https:\/\/www.hediyepazar.com\/index.php?rest_route=%2Fwp%2Fv2%2Fproduct_cat&post=115320"},{"taxonomy":"product_tag","embeddable":true,"href":"https:\/\/www.hediyepazar.com\/index.php?rest_route=%2Fwp%2Fv2%2Fproduct_tag&post=115320"}],"curies":[{"name":"wp","href":"https:\/\/api.w.org\/{rel}","templated":true}]}}