{"id":115324,"date":"2026-05-05T14:42:07","date_gmt":"2026-05-05T17:42:07","guid":{"rendered":"https:\/\/www.hediyepazar.com\/?product=solar-enerjili-20-led-hareket-sensorlu-duvar-lambasi"},"modified":"2026-05-05T14:42:07","modified_gmt":"2026-05-05T17:42:07","slug":"solar-enerjili-20-led-hareket-sensorlu-duvar-lambasi","status":"publish","type":"product","link":"https:\/\/www.hediyepazar.com\/?product=solar-enerjili-20-led-hareket-sensorlu-duvar-lambasi","title":{"rendered":"Solar Enerjili 20 LED Hareket Sens\u00f6rl\u00fc Duvar Lambas\u0131"},"content":{"rendered":"<p>Hareket Sens\u00f6rl\u00fc Solar Enerjili 20 LED Duvar Lambas\u0131, evinizin veya bah\u00e7enizin karanl\u0131k noktalar\u0131n\u0131 g\u00fcvenli ve \u015f\u0131k bir \u015fekilde ayd\u0131nlat\u0131r. G\u00fcne\u015f paneli sayesinde g\u00fcn boyunca enerji depolar ve gece boyunca otomatik olarak \u00e7al\u0131\u015f\u0131r. PIR hareket sens\u00f6r\u00fc ile 3-4 metreye kadar alg\u0131lama yapar, 120\u00b0 geni\u015f a\u00e7\u0131yla hareketleri tespit eder. Bu sayede hem enerji tasarrufu sa\u011flar hem de g\u00fcvenlik art\u0131r\u0131c\u0131 bir \u00e7\u00f6z\u00fcm sunar.IP65 su ge\u00e7irmezlik \u00f6zelli\u011fi ile ya\u011fmur, kar ve r\u00fczgara dayan\u0131kl\u0131d\u0131r. 1200 mAh bataryas\u0131 sayesinde tam \u015farjda 8 saate kadar kesintisiz \u0131\u015f\u0131k verir. 4 farkl\u0131 mod se\u00e7ene\u011fiyle sadece g\u00fcvenlik i\u00e7in de\u011fil, dekoratif ayd\u0131nlatma i\u00e7in de kullan\u0131labilir. Bah\u00e7e, balkon, garaj kap\u0131s\u0131 ve y\u00fcr\u00fcy\u00fc\u015f yollar\u0131 i\u00e7in ideal bir \u00e7\u00f6z\u00fcmd\u00fcr.<\/p>\n","protected":false},"excerpt":{"rendered":"<p>Hareket Sens\u00f6rl\u00fc Solar Enerjili 20 LED Duvar Lambas\u0131, evinizin veya bah\u00e7enizin karanl\u0131k noktalar\u0131n\u0131 g\u00fcvenli ve \u015f\u0131k bir \u015fekilde ayd\u0131nlat\u0131r. G\u00fcne\u015f paneli sayesinde g\u00fcn boyunca enerji depolar ve gece boyunca otomatik olarak \u00e7al\u0131\u015f\u0131r. PIR hareket sens\u00f6r\u00fc ile 3-4 metreye kadar alg\u0131lama yapar, 120\u00b0 geni\u015f a\u00e7\u0131yla hareketleri tespit eder. Bu sayede hem enerji tasarrufu sa\u011flar hem de&#8230;<\/p>\n","protected":false},"featured_media":115323,"comment_status":"open","ping_status":"closed","template":"","meta":{"_kad_post_transparent":"","_kad_post_title":"","_kad_post_layout":"","_kad_post_sidebar_id":"","_kad_post_content_style":"","_kad_post_vertical_padding":"","_kad_post_feature":"","_kad_post_feature_position":"","_kad_post_header":false,"_kad_post_footer":false,"_kad_post_classname":""},"product_brand":[],"product_cat":[14946],"product_tag":[],"class_list":{"0":"post-115324","1":"product","2":"type-product","3":"status-publish","4":"has-post-thumbnail","6":"product_cat-bahce-aydinlatmasi-bahce-aydinlatmasi","8":"first","9":"instock","10":"purchasable","11":"product-type-simple","12":"entry","13":"content-bg","14":"loop-entry"},"_links":{"self":[{"href":"https:\/\/www.hediyepazar.com\/index.php?rest_route=\/wp\/v2\/product\/115324","targetHints":{"allow":["GET"]}}],"collection":[{"href":"https:\/\/www.hediyepazar.com\/index.php?rest_route=\/wp\/v2\/product"}],"about":[{"href":"https:\/\/www.hediyepazar.com\/index.php?rest_route=\/wp\/v2\/types\/product"}],"replies":[{"embeddable":true,"href":"https:\/\/www.hediyepazar.com\/index.php?rest_route=%2Fwp%2Fv2%2Fcomments&post=115324"}],"wp:featuredmedia":[{"embeddable":true,"href":"https:\/\/www.hediyepazar.com\/index.php?rest_route=\/wp\/v2\/media\/115323"}],"wp:attachment":[{"href":"https:\/\/www.hediyepazar.com\/index.php?rest_route=%2Fwp%2Fv2%2Fmedia&parent=115324"}],"wp:term":[{"taxonomy":"product_brand","embeddable":true,"href":"https:\/\/www.hediyepazar.com\/index.php?rest_route=%2Fwp%2Fv2%2Fproduct_brand&post=115324"},{"taxonomy":"product_cat","embeddable":true,"href":"https:\/\/www.hediyepazar.com\/index.php?rest_route=%2Fwp%2Fv2%2Fproduct_cat&post=115324"},{"taxonomy":"product_tag","embeddable":true,"href":"https:\/\/www.hediyepazar.com\/index.php?rest_route=%2Fwp%2Fv2%2Fproduct_tag&post=115324"}],"curies":[{"name":"wp","href":"https:\/\/api.w.org\/{rel}","templated":true}]}}