{"id":115326,"date":"2026-05-05T14:42:12","date_gmt":"2026-05-05T17:42:12","guid":{"rendered":"https:\/\/www.hediyepazar.com\/?product=mavi-isik-teknolojisi-ile-guvenli-dis-beyazlatici-sistem"},"modified":"2026-05-05T14:42:12","modified_gmt":"2026-05-05T17:42:12","slug":"mavi-isik-teknolojisi-ile-guvenli-dis-beyazlatici-sistem","status":"publish","type":"product","link":"https:\/\/www.hediyepazar.com\/?product=mavi-isik-teknolojisi-ile-guvenli-dis-beyazlatici-sistem","title":{"rendered":"Mavi I\u015f\u0131k Teknolojisi ile G\u00fcvenli Di\u015f Beyazlat\u0131c\u0131 Sistem"},"content":{"rendered":"<p>LED h\u0131zland\u0131r\u0131c\u0131 \u0131\u015f\u0131k teknolojisi sayesinde beyazlatma s\u00fcresini k\u0131saltan bu set, k\u0131sa s\u00fcrede g\u00fc\u00e7l\u00fc sonu\u00e7lar alman\u0131z\u0131 sa\u011flar. 20 dakika i\u00e7erisinde 8 tona kadar beyazlatma sa\u011flayabilir. Kullan\u0131m\u0131 kolayd\u0131r: beyazlatma kalemini di\u015flerinize uygulay\u0131n, cihaz\u0131 \u00e7al\u0131\u015ft\u0131r\u0131n ve 20 dakika bekletin. D\u00fczenli kullan\u0131mda daha kal\u0131c\u0131 ve etkili sonu\u00e7lar elde edebilirsiniz. 360\u00b0 kapsama \u00f6zelli\u011fi ile di\u015flerin her y\u00fczeyine e\u015fit etki eder. Kompakt tasar\u0131m\u0131yla g\u00fcnl\u00fck kullan\u0131m i\u00e7in pratik, seyahatler i\u00e7in ise idealdir.<\/p>\n","protected":false},"excerpt":{"rendered":"<p>LED h\u0131zland\u0131r\u0131c\u0131 \u0131\u015f\u0131k teknolojisi sayesinde beyazlatma s\u00fcresini k\u0131saltan bu set, k\u0131sa s\u00fcrede g\u00fc\u00e7l\u00fc sonu\u00e7lar alman\u0131z\u0131 sa\u011flar. 20 dakika i\u00e7erisinde 8 tona kadar beyazlatma sa\u011flayabilir. Kullan\u0131m\u0131 kolayd\u0131r: beyazlatma kalemini di\u015flerinize uygulay\u0131n, cihaz\u0131 \u00e7al\u0131\u015ft\u0131r\u0131n ve 20 dakika bekletin. D\u00fczenli kullan\u0131mda daha kal\u0131c\u0131 ve etkili sonu\u00e7lar elde edebilirsiniz. 360\u00b0 kapsama \u00f6zelli\u011fi ile di\u015flerin her y\u00fczeyine e\u015fit etki eder&#8230;.<\/p>\n","protected":false},"featured_media":115325,"comment_status":"open","ping_status":"closed","template":"","meta":{"_kad_post_transparent":"","_kad_post_title":"","_kad_post_layout":"","_kad_post_sidebar_id":"","_kad_post_content_style":"","_kad_post_vertical_padding":"","_kad_post_feature":"","_kad_post_feature_position":"","_kad_post_header":false,"_kad_post_footer":false,"_kad_post_classname":""},"product_brand":[],"product_cat":[15070],"product_tag":[],"class_list":{"0":"post-115326","1":"product","2":"type-product","3":"status-publish","4":"has-post-thumbnail","6":"product_cat-dis-beyazlatma-cihazi-dis-beyazlatma-cihazi","8":"first","9":"instock","10":"purchasable","11":"product-type-simple","12":"entry","13":"content-bg","14":"loop-entry"},"_links":{"self":[{"href":"https:\/\/www.hediyepazar.com\/index.php?rest_route=\/wp\/v2\/product\/115326","targetHints":{"allow":["GET"]}}],"collection":[{"href":"https:\/\/www.hediyepazar.com\/index.php?rest_route=\/wp\/v2\/product"}],"about":[{"href":"https:\/\/www.hediyepazar.com\/index.php?rest_route=\/wp\/v2\/types\/product"}],"replies":[{"embeddable":true,"href":"https:\/\/www.hediyepazar.com\/index.php?rest_route=%2Fwp%2Fv2%2Fcomments&post=115326"}],"wp:featuredmedia":[{"embeddable":true,"href":"https:\/\/www.hediyepazar.com\/index.php?rest_route=\/wp\/v2\/media\/115325"}],"wp:attachment":[{"href":"https:\/\/www.hediyepazar.com\/index.php?rest_route=%2Fwp%2Fv2%2Fmedia&parent=115326"}],"wp:term":[{"taxonomy":"product_brand","embeddable":true,"href":"https:\/\/www.hediyepazar.com\/index.php?rest_route=%2Fwp%2Fv2%2Fproduct_brand&post=115326"},{"taxonomy":"product_cat","embeddable":true,"href":"https:\/\/www.hediyepazar.com\/index.php?rest_route=%2Fwp%2Fv2%2Fproduct_cat&post=115326"},{"taxonomy":"product_tag","embeddable":true,"href":"https:\/\/www.hediyepazar.com\/index.php?rest_route=%2Fwp%2Fv2%2Fproduct_tag&post=115326"}],"curies":[{"name":"wp","href":"https:\/\/api.w.org\/{rel}","templated":true}]}}