{"id":115328,"date":"2026-05-05T14:42:18","date_gmt":"2026-05-05T17:42:18","guid":{"rendered":"https:\/\/www.hediyepazar.com\/?product=20-dakikada-hizli-etkili-dis-beyazlatici-cihaz"},"modified":"2026-05-05T14:42:18","modified_gmt":"2026-05-05T17:42:18","slug":"20-dakikada-hizli-etkili-dis-beyazlatici-cihaz","status":"publish","type":"product","link":"https:\/\/www.hediyepazar.com\/?product=20-dakikada-hizli-etkili-dis-beyazlatici-cihaz","title":{"rendered":"20 Dakikada H\u0131zl\u0131 Etkili Di\u015f Beyazlat\u0131c\u0131 Cihaz"},"content":{"rendered":"<p>Bu di\u015f beyazlatma seti, mavi \u0131\u015f\u0131k teknolojisi sayesinde beyazlatma i\u015flemini h\u0131zland\u0131r\u0131r ve etkili sonu\u00e7lar elde etmenizi sa\u011flar. 20 dakika i\u00e7erisinde 8 tona kadar beyazlatma etkisi g\u00f6sterebilir. Di\u015f minesini g\u00fc\u00e7lendiren form\u00fcl\u00fc sayesinde g\u00fcvenle kullan\u0131labilir. 360\u00b0 kapsama \u00f6zelli\u011fi ile t\u00fcm di\u015f y\u00fczeyinde e\u015fit beyazlatma sa\u011flar. Set, iki adet beyazlatma kalemi ile birlikte gelir ve uzun s\u00fcreli kullan\u0131m imkan\u0131 sunar. D\u00fczenli kullan\u0131mda daha parlak ve beyaz bir g\u00fcl\u00fc\u015f elde edebilirsiniz. Evde kolayl\u0131kla profesyonel bir beyazlatma deneyimi sunar.<\/p>\n","protected":false},"excerpt":{"rendered":"<p>Bu di\u015f beyazlatma seti, mavi \u0131\u015f\u0131k teknolojisi sayesinde beyazlatma i\u015flemini h\u0131zland\u0131r\u0131r ve etkili sonu\u00e7lar elde etmenizi sa\u011flar. 20 dakika i\u00e7erisinde 8 tona kadar beyazlatma etkisi g\u00f6sterebilir. Di\u015f minesini g\u00fc\u00e7lendiren form\u00fcl\u00fc sayesinde g\u00fcvenle kullan\u0131labilir. 360\u00b0 kapsama \u00f6zelli\u011fi ile t\u00fcm di\u015f y\u00fczeyinde e\u015fit beyazlatma sa\u011flar. Set, iki adet beyazlatma kalemi ile birlikte gelir ve uzun s\u00fcreli kullan\u0131m&#8230;<\/p>\n","protected":false},"featured_media":115327,"comment_status":"open","ping_status":"closed","template":"","meta":{"_kad_post_transparent":"","_kad_post_title":"","_kad_post_layout":"","_kad_post_sidebar_id":"","_kad_post_content_style":"","_kad_post_vertical_padding":"","_kad_post_feature":"","_kad_post_feature_position":"","_kad_post_header":false,"_kad_post_footer":false,"_kad_post_classname":""},"product_brand":[],"product_cat":[15070],"product_tag":[],"class_list":{"0":"post-115328","1":"product","2":"type-product","3":"status-publish","4":"has-post-thumbnail","6":"product_cat-dis-beyazlatma-cihazi-dis-beyazlatma-cihazi","8":"first","9":"instock","10":"purchasable","11":"product-type-simple","12":"entry","13":"content-bg","14":"loop-entry"},"_links":{"self":[{"href":"https:\/\/www.hediyepazar.com\/index.php?rest_route=\/wp\/v2\/product\/115328","targetHints":{"allow":["GET"]}}],"collection":[{"href":"https:\/\/www.hediyepazar.com\/index.php?rest_route=\/wp\/v2\/product"}],"about":[{"href":"https:\/\/www.hediyepazar.com\/index.php?rest_route=\/wp\/v2\/types\/product"}],"replies":[{"embeddable":true,"href":"https:\/\/www.hediyepazar.com\/index.php?rest_route=%2Fwp%2Fv2%2Fcomments&post=115328"}],"wp:featuredmedia":[{"embeddable":true,"href":"https:\/\/www.hediyepazar.com\/index.php?rest_route=\/wp\/v2\/media\/115327"}],"wp:attachment":[{"href":"https:\/\/www.hediyepazar.com\/index.php?rest_route=%2Fwp%2Fv2%2Fmedia&parent=115328"}],"wp:term":[{"taxonomy":"product_brand","embeddable":true,"href":"https:\/\/www.hediyepazar.com\/index.php?rest_route=%2Fwp%2Fv2%2Fproduct_brand&post=115328"},{"taxonomy":"product_cat","embeddable":true,"href":"https:\/\/www.hediyepazar.com\/index.php?rest_route=%2Fwp%2Fv2%2Fproduct_cat&post=115328"},{"taxonomy":"product_tag","embeddable":true,"href":"https:\/\/www.hediyepazar.com\/index.php?rest_route=%2Fwp%2Fv2%2Fproduct_tag&post=115328"}],"curies":[{"name":"wp","href":"https:\/\/api.w.org\/{rel}","templated":true}]}}