{"id":115330,"date":"2026-05-05T14:42:59","date_gmt":"2026-05-05T17:42:59","guid":{"rendered":"https:\/\/www.hediyepazar.com\/?product=bisiklet-motosiklet-ve-araclar-icin-cok-amacli-hava-pompasi"},"modified":"2026-05-05T14:42:59","modified_gmt":"2026-05-05T17:42:59","slug":"bisiklet-motosiklet-ve-araclar-icin-cok-amacli-hava-pompasi","status":"publish","type":"product","link":"https:\/\/www.hediyepazar.com\/?product=bisiklet-motosiklet-ve-araclar-icin-cok-amacli-hava-pompasi","title":{"rendered":"Bisiklet Motosiklet ve Ara\u00e7lar \u0130\u00e7in \u00c7ok Ama\u00e7l\u0131 Hava Pompas\u0131"},"content":{"rendered":"<p>Dijital y\u00fckseltilmi\u015f s\u00fcr\u00fcm\u00fcyle \u00f6ne \u00e7\u0131kan bu ta\u015f\u0131nabilir lastik pompas\u0131, g\u00fc\u00e7l\u00fc performans\u0131 ve \u00e7ok i\u015flevlili\u011fi bir arada sunar. 80W motoru ile lastikleri h\u0131zl\u0131ca \u015fi\u015firir. Arabalar, elektrikli ara\u00e7lar, bisikletler ve toplar i\u00e7in farkl\u0131 modlar\u0131 mevcuttur.Kablosuz \u015fi\u015firme teknolojisi sayesinde ekstra kabloya gerek duymazs\u0131n\u0131z. Kompakt boyutu ile kolay ta\u015f\u0131nabilir, arac\u0131n\u0131zda yer kaplamaz. D\u00f6rt katmanl\u0131 g\u00fc\u00e7lendirilmi\u015f tasar\u0131m\u0131 sayesinde sa\u011flam ve uzun \u00f6m\u00fcrl\u00fcd\u00fcr.Dijital ekran\u0131, bas\u0131n\u00e7 de\u011ferlerini net \u015fekilde g\u00f6rmenizi sa\u011flar. \u00d6nceden bas\u0131n\u00e7 ayar\u0131 yaparak g\u00fcvenli kullan\u0131m elde edebilirsiniz. LED lamba fonksiyonu gece kullan\u0131m\u0131nda kolayl\u0131k sa\u011flarken, SOS \u0131\u015f\u0131klar\u0131 acil durumlarda hayat kurtar\u0131c\u0131 olabilir.Spor toplar\u0131ndan \u015fi\u015fme yataklara kadar geni\u015f bir kullan\u0131m alan\u0131na sahip bu cihaz, tek bir \u00fcr\u00fcnle bir\u00e7ok ihtiyac\u0131n\u0131z\u0131 kar\u015f\u0131lar. G\u00fc\u00e7l\u00fc motoru, dayan\u0131kl\u0131 yap\u0131s\u0131 ve pratik tasar\u0131m\u0131yla g\u00fcnl\u00fck ya\u015famda vazge\u00e7ilmez bir yard\u0131mc\u0131n\u0131zd\u0131r.<\/p>\n","protected":false},"excerpt":{"rendered":"<p>Dijital y\u00fckseltilmi\u015f s\u00fcr\u00fcm\u00fcyle \u00f6ne \u00e7\u0131kan bu ta\u015f\u0131nabilir lastik pompas\u0131, g\u00fc\u00e7l\u00fc performans\u0131 ve \u00e7ok i\u015flevlili\u011fi bir arada sunar. 80W motoru ile lastikleri h\u0131zl\u0131ca \u015fi\u015firir. Arabalar, elektrikli ara\u00e7lar, bisikletler ve toplar i\u00e7in farkl\u0131 modlar\u0131 mevcuttur.Kablosuz \u015fi\u015firme teknolojisi sayesinde ekstra kabloya gerek duymazs\u0131n\u0131z. Kompakt boyutu ile kolay ta\u015f\u0131nabilir, arac\u0131n\u0131zda yer kaplamaz. D\u00f6rt katmanl\u0131 g\u00fc\u00e7lendirilmi\u015f tasar\u0131m\u0131 sayesinde sa\u011flam ve&#8230;<\/p>\n","protected":false},"featured_media":115329,"comment_status":"open","ping_status":"closed","template":"","meta":{"_kad_post_transparent":"","_kad_post_title":"","_kad_post_layout":"","_kad_post_sidebar_id":"","_kad_post_content_style":"","_kad_post_vertical_padding":"","_kad_post_feature":"","_kad_post_feature_position":"","_kad_post_header":false,"_kad_post_footer":false,"_kad_post_classname":""},"product_brand":[],"product_cat":[15053],"product_tag":[],"class_list":{"0":"post-115330","1":"product","2":"type-product","3":"status-publish","4":"has-post-thumbnail","6":"product_cat-oto-bakim-seti-oto-bakim-seti-2","8":"first","9":"instock","10":"purchasable","11":"product-type-simple","12":"entry","13":"content-bg","14":"loop-entry"},"_links":{"self":[{"href":"https:\/\/www.hediyepazar.com\/index.php?rest_route=\/wp\/v2\/product\/115330","targetHints":{"allow":["GET"]}}],"collection":[{"href":"https:\/\/www.hediyepazar.com\/index.php?rest_route=\/wp\/v2\/product"}],"about":[{"href":"https:\/\/www.hediyepazar.com\/index.php?rest_route=\/wp\/v2\/types\/product"}],"replies":[{"embeddable":true,"href":"https:\/\/www.hediyepazar.com\/index.php?rest_route=%2Fwp%2Fv2%2Fcomments&post=115330"}],"wp:featuredmedia":[{"embeddable":true,"href":"https:\/\/www.hediyepazar.com\/index.php?rest_route=\/wp\/v2\/media\/115329"}],"wp:attachment":[{"href":"https:\/\/www.hediyepazar.com\/index.php?rest_route=%2Fwp%2Fv2%2Fmedia&parent=115330"}],"wp:term":[{"taxonomy":"product_brand","embeddable":true,"href":"https:\/\/www.hediyepazar.com\/index.php?rest_route=%2Fwp%2Fv2%2Fproduct_brand&post=115330"},{"taxonomy":"product_cat","embeddable":true,"href":"https:\/\/www.hediyepazar.com\/index.php?rest_route=%2Fwp%2Fv2%2Fproduct_cat&post=115330"},{"taxonomy":"product_tag","embeddable":true,"href":"https:\/\/www.hediyepazar.com\/index.php?rest_route=%2Fwp%2Fv2%2Fproduct_tag&post=115330"}],"curies":[{"name":"wp","href":"https:\/\/api.w.org\/{rel}","templated":true}]}}