{"id":115332,"date":"2026-05-05T14:43:05","date_gmt":"2026-05-05T17:43:05","guid":{"rendered":"https:\/\/www.hediyepazar.com\/?product=kablosuz-kullanimli-dijital-kontrollu-tasinabilir-sisirme-cihazi"},"modified":"2026-05-05T14:43:05","modified_gmt":"2026-05-05T17:43:05","slug":"kablosuz-kullanimli-dijital-kontrollu-tasinabilir-sisirme-cihazi","status":"publish","type":"product","link":"https:\/\/www.hediyepazar.com\/?product=kablosuz-kullanimli-dijital-kontrollu-tasinabilir-sisirme-cihazi","title":{"rendered":"Kablosuz Kullan\u0131ml\u0131 Dijital Kontroll\u00fc Ta\u015f\u0131nabilir \u015ei\u015firme Cihaz\u0131"},"content":{"rendered":"<p>Ta\u015f\u0131nabilir dijital ekranl\u0131 ak\u0131ll\u0131 hava kompres\u00f6r\u00fc, g\u00fc\u00e7l\u00fc 80W motoruyla h\u0131zl\u0131 \u015fi\u015firme yapar. Arabalar, motosikletler, bisikletler ve toplar i\u00e7in geli\u015ftirilmi\u015f d\u00f6rt farkl\u0131 mod se\u00e7ene\u011fi ile geni\u015f bir kullan\u0131m alan\u0131 sunar.Kablosuz \u00e7al\u0131\u015fma \u00f6zelli\u011fi sayesinde pratik ve h\u0131zl\u0131 kullan\u0131m sa\u011flar. Kompakt boyutlar\u0131 sayesinde arac\u0131n\u0131zda veya \u00e7antan\u0131zda her an bulundurabilirsiniz. Dijital ekran, bas\u0131n\u00e7 de\u011ferlerini hassas \u015fekilde g\u00f6r\u00fcnt\u00fclemenizi ve \u00f6nceden ayarlaman\u0131z\u0131 sa\u011flar.LED ayd\u0131nlatma fonksiyonu, gece s\u00fcr\u00fc\u015flerinde veya acil durumlarda b\u00fcy\u00fck kolayl\u0131k sunar. SOS sinyal \u0131\u015f\u0131klar\u0131, zor durumlarda yard\u0131m \u00e7a\u011fr\u0131s\u0131 yapman\u0131za olanak tan\u0131r. D\u00f6rt katmanl\u0131 g\u00fc\u00e7lendirilmi\u015f g\u00f6vde tasar\u0131m\u0131, cihaz\u0131 dayan\u0131kl\u0131 ve uzun \u00f6m\u00fcrl\u00fc hale getirir.\u00c7ok y\u00f6nl\u00fc kullan\u0131m imkan\u0131 sayesinde \u015fi\u015fme \u00fcr\u00fcnler, spor toplar\u0131 ve kamp malzemelerinde de kullan\u0131labilir. Bu cihaz, hem g\u00fcnl\u00fck kullan\u0131mda hem de acil durumlarda ihtiya\u00e7lar\u0131n\u0131za yan\u0131t veren g\u00fc\u00e7l\u00fc ve pratik bir \u00e7\u00f6z\u00fcmd\u00fcr.<\/p>\n","protected":false},"excerpt":{"rendered":"<p>Ta\u015f\u0131nabilir dijital ekranl\u0131 ak\u0131ll\u0131 hava kompres\u00f6r\u00fc, g\u00fc\u00e7l\u00fc 80W motoruyla h\u0131zl\u0131 \u015fi\u015firme yapar. Arabalar, motosikletler, bisikletler ve toplar i\u00e7in geli\u015ftirilmi\u015f d\u00f6rt farkl\u0131 mod se\u00e7ene\u011fi ile geni\u015f bir kullan\u0131m alan\u0131 sunar.Kablosuz \u00e7al\u0131\u015fma \u00f6zelli\u011fi sayesinde pratik ve h\u0131zl\u0131 kullan\u0131m sa\u011flar. Kompakt boyutlar\u0131 sayesinde arac\u0131n\u0131zda veya \u00e7antan\u0131zda her an bulundurabilirsiniz. Dijital ekran, bas\u0131n\u00e7 de\u011ferlerini hassas \u015fekilde g\u00f6r\u00fcnt\u00fclemenizi ve \u00f6nceden&#8230;<\/p>\n","protected":false},"featured_media":115331,"comment_status":"open","ping_status":"closed","template":"","meta":{"_kad_post_transparent":"","_kad_post_title":"","_kad_post_layout":"","_kad_post_sidebar_id":"","_kad_post_content_style":"","_kad_post_vertical_padding":"","_kad_post_feature":"","_kad_post_feature_position":"","_kad_post_header":false,"_kad_post_footer":false,"_kad_post_classname":""},"product_brand":[],"product_cat":[15053],"product_tag":[],"class_list":{"0":"post-115332","1":"product","2":"type-product","3":"status-publish","4":"has-post-thumbnail","6":"product_cat-oto-bakim-seti-oto-bakim-seti-2","8":"first","9":"instock","10":"purchasable","11":"product-type-simple","12":"entry","13":"content-bg","14":"loop-entry"},"_links":{"self":[{"href":"https:\/\/www.hediyepazar.com\/index.php?rest_route=\/wp\/v2\/product\/115332","targetHints":{"allow":["GET"]}}],"collection":[{"href":"https:\/\/www.hediyepazar.com\/index.php?rest_route=\/wp\/v2\/product"}],"about":[{"href":"https:\/\/www.hediyepazar.com\/index.php?rest_route=\/wp\/v2\/types\/product"}],"replies":[{"embeddable":true,"href":"https:\/\/www.hediyepazar.com\/index.php?rest_route=%2Fwp%2Fv2%2Fcomments&post=115332"}],"wp:featuredmedia":[{"embeddable":true,"href":"https:\/\/www.hediyepazar.com\/index.php?rest_route=\/wp\/v2\/media\/115331"}],"wp:attachment":[{"href":"https:\/\/www.hediyepazar.com\/index.php?rest_route=%2Fwp%2Fv2%2Fmedia&parent=115332"}],"wp:term":[{"taxonomy":"product_brand","embeddable":true,"href":"https:\/\/www.hediyepazar.com\/index.php?rest_route=%2Fwp%2Fv2%2Fproduct_brand&post=115332"},{"taxonomy":"product_cat","embeddable":true,"href":"https:\/\/www.hediyepazar.com\/index.php?rest_route=%2Fwp%2Fv2%2Fproduct_cat&post=115332"},{"taxonomy":"product_tag","embeddable":true,"href":"https:\/\/www.hediyepazar.com\/index.php?rest_route=%2Fwp%2Fv2%2Fproduct_tag&post=115332"}],"curies":[{"name":"wp","href":"https:\/\/api.w.org\/{rel}","templated":true}]}}