{"id":115334,"date":"2026-05-05T14:43:11","date_gmt":"2026-05-05T17:43:11","guid":{"rendered":"https:\/\/www.hediyepazar.com\/?product=12v-uyumlu-cok-islevli-akilli-arac-lastik-pompasi"},"modified":"2026-05-05T14:43:11","modified_gmt":"2026-05-05T17:43:11","slug":"12v-uyumlu-cok-islevli-akilli-arac-lastik-pompasi","status":"publish","type":"product","link":"https:\/\/www.hediyepazar.com\/?product=12v-uyumlu-cok-islevli-akilli-arac-lastik-pompasi","title":{"rendered":"12V Uyumlu \u00c7ok \u0130\u015flevli Ak\u0131ll\u0131 Ara\u00e7 Lastik Pompas\u0131"},"content":{"rendered":"<p>80W kablosuz ta\u015f\u0131nabilir lastik pompas\u0131, pratikli\u011fi ve g\u00fc\u00e7l\u00fc performans\u0131 bir arada sunar. D\u00f6rt farkl\u0131 mod ile araba, bisiklet, motosiklet ve toplar i\u00e7in kullan\u0131ma uygundur. Bas\u0131n\u00e7 de\u011ferlerini ayarlayabilir, dijital ekran sayesinde anl\u0131k takip edebilirsiniz.Kompakt tasar\u0131m\u0131 sayesinde her zaman yan\u0131n\u0131zda ta\u015f\u0131yabilece\u011finiz bu cihaz, arac\u0131n\u0131zda fazla yer kaplamaz. Naylon \u00f6rg\u00fcyle g\u00fc\u00e7lendirilmi\u015f dayan\u0131kl\u0131 yap\u0131s\u0131, uzun \u00f6m\u00fcrl\u00fc kullan\u0131m sa\u011flar. Kablosuz \u015fi\u015firme teknolojisi, h\u0131zl\u0131 ve pratik bir kullan\u0131m imkan\u0131 sunar.LED \u0131\u015f\u0131k fonksiyonu, gece veya d\u00fc\u015f\u00fck \u0131\u015f\u0131kta kolayl\u0131k sa\u011flarken, SOS yard\u0131m modu acil durumlarda g\u00fcvenli\u011finizi art\u0131r\u0131r. Hafif ve ta\u015f\u0131nabilir yap\u0131s\u0131yla seyahatlerde b\u00fcy\u00fck kolayl\u0131k sa\u011flar.12V uyumlu olmas\u0131 sayesinde geni\u015f kullan\u0131m imkan\u0131 sunar. Spor ekipmanlar\u0131, \u015fi\u015fme yatak ve kamp malzemeleri i\u00e7in de uygundur. \u00c7ok i\u015flevli yap\u0131s\u0131 sayesinde tek cihazla bir\u00e7ok ihtiyac\u0131n\u0131z\u0131 kar\u015f\u0131layabilirsiniz.<\/p>\n","protected":false},"excerpt":{"rendered":"<p>80W kablosuz ta\u015f\u0131nabilir lastik pompas\u0131, pratikli\u011fi ve g\u00fc\u00e7l\u00fc performans\u0131 bir arada sunar. D\u00f6rt farkl\u0131 mod ile araba, bisiklet, motosiklet ve toplar i\u00e7in kullan\u0131ma uygundur. Bas\u0131n\u00e7 de\u011ferlerini ayarlayabilir, dijital ekran sayesinde anl\u0131k takip edebilirsiniz.Kompakt tasar\u0131m\u0131 sayesinde her zaman yan\u0131n\u0131zda ta\u015f\u0131yabilece\u011finiz bu cihaz, arac\u0131n\u0131zda fazla yer kaplamaz. Naylon \u00f6rg\u00fcyle g\u00fc\u00e7lendirilmi\u015f dayan\u0131kl\u0131 yap\u0131s\u0131, uzun \u00f6m\u00fcrl\u00fc kullan\u0131m sa\u011flar. Kablosuz&#8230;<\/p>\n","protected":false},"featured_media":115333,"comment_status":"open","ping_status":"closed","template":"","meta":{"_kad_post_transparent":"","_kad_post_title":"","_kad_post_layout":"","_kad_post_sidebar_id":"","_kad_post_content_style":"","_kad_post_vertical_padding":"","_kad_post_feature":"","_kad_post_feature_position":"","_kad_post_header":false,"_kad_post_footer":false,"_kad_post_classname":""},"product_brand":[],"product_cat":[15053],"product_tag":[],"class_list":{"0":"post-115334","1":"product","2":"type-product","3":"status-publish","4":"has-post-thumbnail","6":"product_cat-oto-bakim-seti-oto-bakim-seti-2","8":"first","9":"instock","10":"purchasable","11":"product-type-simple","12":"entry","13":"content-bg","14":"loop-entry"},"_links":{"self":[{"href":"https:\/\/www.hediyepazar.com\/index.php?rest_route=\/wp\/v2\/product\/115334","targetHints":{"allow":["GET"]}}],"collection":[{"href":"https:\/\/www.hediyepazar.com\/index.php?rest_route=\/wp\/v2\/product"}],"about":[{"href":"https:\/\/www.hediyepazar.com\/index.php?rest_route=\/wp\/v2\/types\/product"}],"replies":[{"embeddable":true,"href":"https:\/\/www.hediyepazar.com\/index.php?rest_route=%2Fwp%2Fv2%2Fcomments&post=115334"}],"wp:featuredmedia":[{"embeddable":true,"href":"https:\/\/www.hediyepazar.com\/index.php?rest_route=\/wp\/v2\/media\/115333"}],"wp:attachment":[{"href":"https:\/\/www.hediyepazar.com\/index.php?rest_route=%2Fwp%2Fv2%2Fmedia&parent=115334"}],"wp:term":[{"taxonomy":"product_brand","embeddable":true,"href":"https:\/\/www.hediyepazar.com\/index.php?rest_route=%2Fwp%2Fv2%2Fproduct_brand&post=115334"},{"taxonomy":"product_cat","embeddable":true,"href":"https:\/\/www.hediyepazar.com\/index.php?rest_route=%2Fwp%2Fv2%2Fproduct_cat&post=115334"},{"taxonomy":"product_tag","embeddable":true,"href":"https:\/\/www.hediyepazar.com\/index.php?rest_route=%2Fwp%2Fv2%2Fproduct_tag&post=115334"}],"curies":[{"name":"wp","href":"https:\/\/api.w.org\/{rel}","templated":true}]}}