{"id":115336,"date":"2026-05-05T14:43:17","date_gmt":"2026-05-05T17:43:17","guid":{"rendered":"https:\/\/www.hediyepazar.com\/?product=led-fenerli-ve-sos-isikli-cok-fonksiyonlu-hava-kompresoru"},"modified":"2026-05-05T14:43:17","modified_gmt":"2026-05-05T17:43:17","slug":"led-fenerli-ve-sos-isikli-cok-fonksiyonlu-hava-kompresoru","status":"publish","type":"product","link":"https:\/\/www.hediyepazar.com\/?product=led-fenerli-ve-sos-isikli-cok-fonksiyonlu-hava-kompresoru","title":{"rendered":"LED Fenerli ve SOS I\u015f\u0131kl\u0131 \u00c7ok Fonksiyonlu Hava Kompres\u00f6r\u00fc"},"content":{"rendered":"<p>Ak\u0131ll\u0131 dijital ekranl\u0131 ta\u015f\u0131nabilir hava kompres\u00f6r\u00fc, modern s\u00fcr\u00fcc\u00fcler i\u00e7in \u00e7ok y\u00f6nl\u00fc bir \u00e7\u00f6z\u00fcmd\u00fcr. 80W g\u00fcc\u00fcnde motoru ile g\u00fc\u00e7l\u00fc performans sunar, lastiklerinizi dakikalar i\u00e7inde \u015fi\u015firir. Arabalar, motosikletler, bisikletler ve spor toplar\u0131 i\u00e7in \u00f6zel modlar\u0131 bulunur.Kablosuz teknolojisi sayesinde g\u00fc\u00e7 kablosuna ihtiya\u00e7 duymadan rahat kullan\u0131m sa\u011flar. Kompakt boyutu sayesinde arac\u0131n\u0131zda fazla yer kaplamaz, ta\u015f\u0131nabilirli\u011fi ile \u00f6ne \u00e7\u0131kar. D\u00f6rt katmanl\u0131 g\u00fc\u00e7lendirilmi\u015f tasar\u0131m\u0131 sayesinde darbelere dayan\u0131kl\u0131 ve uzun \u00f6m\u00fcrl\u00fcd\u00fcr.LED ayd\u0131nlatma \u00f6zelli\u011fi ile gece kullan\u0131m\u0131 kolayd\u0131r. SOS \u0131\u015f\u0131\u011f\u0131, acil durumlarda yard\u0131m \u00e7a\u011fr\u0131s\u0131 yapman\u0131za imkan tan\u0131r. Dijital ekran, bas\u0131n\u00e7 de\u011ferlerini hassas \u015fekilde g\u00f6r\u00fcnt\u00fclemenize yard\u0131mc\u0131 olur.Bu \u00e7ok fonksiyonlu cihaz, sadece lastik \u015fi\u015firmekle kalmaz, \u015fi\u015fme yatak, can yele\u011fi ve spor ekipmanlar\u0131 i\u00e7in de kullan\u0131labilir. Hem g\u00fcnl\u00fck kullan\u0131mda hem de acil durumlarda en g\u00fcvenilir yard\u0131mc\u0131n\u0131z olacakt\u0131r.<\/p>\n","protected":false},"excerpt":{"rendered":"<p>Ak\u0131ll\u0131 dijital ekranl\u0131 ta\u015f\u0131nabilir hava kompres\u00f6r\u00fc, modern s\u00fcr\u00fcc\u00fcler i\u00e7in \u00e7ok y\u00f6nl\u00fc bir \u00e7\u00f6z\u00fcmd\u00fcr. 80W g\u00fcc\u00fcnde motoru ile g\u00fc\u00e7l\u00fc performans sunar, lastiklerinizi dakikalar i\u00e7inde \u015fi\u015firir. Arabalar, motosikletler, bisikletler ve spor toplar\u0131 i\u00e7in \u00f6zel modlar\u0131 bulunur.Kablosuz teknolojisi sayesinde g\u00fc\u00e7 kablosuna ihtiya\u00e7 duymadan rahat kullan\u0131m sa\u011flar. Kompakt boyutu sayesinde arac\u0131n\u0131zda fazla yer kaplamaz, ta\u015f\u0131nabilirli\u011fi ile \u00f6ne \u00e7\u0131kar. D\u00f6rt&#8230;<\/p>\n","protected":false},"featured_media":115335,"comment_status":"open","ping_status":"closed","template":"","meta":{"_kad_post_transparent":"","_kad_post_title":"","_kad_post_layout":"","_kad_post_sidebar_id":"","_kad_post_content_style":"","_kad_post_vertical_padding":"","_kad_post_feature":"","_kad_post_feature_position":"","_kad_post_header":false,"_kad_post_footer":false,"_kad_post_classname":""},"product_brand":[],"product_cat":[15053],"product_tag":[],"class_list":{"0":"post-115336","1":"product","2":"type-product","3":"status-publish","4":"has-post-thumbnail","6":"product_cat-oto-bakim-seti-oto-bakim-seti-2","8":"first","9":"instock","10":"purchasable","11":"product-type-simple","12":"entry","13":"content-bg","14":"loop-entry"},"_links":{"self":[{"href":"https:\/\/www.hediyepazar.com\/index.php?rest_route=\/wp\/v2\/product\/115336","targetHints":{"allow":["GET"]}}],"collection":[{"href":"https:\/\/www.hediyepazar.com\/index.php?rest_route=\/wp\/v2\/product"}],"about":[{"href":"https:\/\/www.hediyepazar.com\/index.php?rest_route=\/wp\/v2\/types\/product"}],"replies":[{"embeddable":true,"href":"https:\/\/www.hediyepazar.com\/index.php?rest_route=%2Fwp%2Fv2%2Fcomments&post=115336"}],"wp:featuredmedia":[{"embeddable":true,"href":"https:\/\/www.hediyepazar.com\/index.php?rest_route=\/wp\/v2\/media\/115335"}],"wp:attachment":[{"href":"https:\/\/www.hediyepazar.com\/index.php?rest_route=%2Fwp%2Fv2%2Fmedia&parent=115336"}],"wp:term":[{"taxonomy":"product_brand","embeddable":true,"href":"https:\/\/www.hediyepazar.com\/index.php?rest_route=%2Fwp%2Fv2%2Fproduct_brand&post=115336"},{"taxonomy":"product_cat","embeddable":true,"href":"https:\/\/www.hediyepazar.com\/index.php?rest_route=%2Fwp%2Fv2%2Fproduct_cat&post=115336"},{"taxonomy":"product_tag","embeddable":true,"href":"https:\/\/www.hediyepazar.com\/index.php?rest_route=%2Fwp%2Fv2%2Fproduct_tag&post=115336"}],"curies":[{"name":"wp","href":"https:\/\/api.w.org\/{rel}","templated":true}]}}