{"id":115342,"date":"2026-05-05T14:45:00","date_gmt":"2026-05-05T17:45:00","guid":{"rendered":"https:\/\/www.hediyepazar.com\/?product=cok-fonksiyonlu-akilli-lastik-sisirme-cihazi"},"modified":"2026-05-05T14:45:00","modified_gmt":"2026-05-05T17:45:00","slug":"cok-fonksiyonlu-akilli-lastik-sisirme-cihazi","status":"publish","type":"product","link":"https:\/\/www.hediyepazar.com\/?product=cok-fonksiyonlu-akilli-lastik-sisirme-cihazi","title":{"rendered":"\u00c7ok Fonksiyonlu Ak\u0131ll\u0131 Lastik \u015ei\u015firme Cihaz\u0131"},"content":{"rendered":"<p>Kompakt ve ta\u015f\u0131nabilir tasar\u0131m\u0131yla \u00f6ne \u00e7\u0131kan bu hava kompres\u00f6r\u00fc, g\u00fc\u00e7l\u00fc motoru sayesinde lastiklerinizi k\u0131sa s\u00fcrede \u015fi\u015firir. 150 PSI\u2019a kadar bas\u0131n\u00e7 kapasitesi ile otomobil, motosiklet, bisiklet lastikleri ve \u00e7e\u015fitli \u015fi\u015fme \u00fcr\u00fcnlerde kullan\u0131labilir. Hafif ve ergonomik yap\u0131s\u0131, her an yan\u0131n\u0131zda ta\u015f\u0131man\u0131za imkan tan\u0131r.Dijital ekran g\u00f6stergesi sayesinde bas\u0131n\u00e7 de\u011ferlerini net \u015fekilde g\u00f6rebilir, Psi, Bar ve KPA birimlerinde \u00f6l\u00e7\u00fcm yapabilirsiniz. \u00d6nceden ayarlanan de\u011fere ula\u015f\u0131ld\u0131\u011f\u0131nda otomatik kapanma \u00f6zelli\u011fi sayesinde g\u00fcvenli bir kullan\u0131m sunar.6000 mAh bataryas\u0131 uzun \u00f6m\u00fcrl\u00fc kullan\u0131m sa\u011flar. Tek \u015farjla d\u00f6rt lasti\u011fi \u015fi\u015firme kapasitesine sahiptir. Ayr\u0131ca Type-C giri\u015fli h\u0131zl\u0131 \u015farj \u00f6zelli\u011fi sayesinde cihaz\u0131n\u0131z\u0131 k\u0131sa s\u00fcrede \u015farj edebilirsiniz. \u00dczerinde yer alan LED \u0131\u015f\u0131klar, acil durumlarda veya gece yolculuklar\u0131nda b\u00fcy\u00fck kolayl\u0131k sa\u011flar.Dayan\u0131kl\u0131 ABS malzemeden \u00fcretilen g\u00f6vdesi uzun \u00f6m\u00fcrl\u00fc kullan\u0131m i\u00e7in tasarlanm\u0131\u015ft\u0131r. \u015ei\u015fme yataklardan spor toplar\u0131na kadar geni\u015f kullan\u0131m alan\u0131 sayesinde g\u00fcnl\u00fck ya\u015famda da olduk\u00e7a pratik bir \u00fcr\u00fcnd\u00fcr.<\/p>\n","protected":false},"excerpt":{"rendered":"<p>Kompakt ve ta\u015f\u0131nabilir tasar\u0131m\u0131yla \u00f6ne \u00e7\u0131kan bu hava kompres\u00f6r\u00fc, g\u00fc\u00e7l\u00fc motoru sayesinde lastiklerinizi k\u0131sa s\u00fcrede \u015fi\u015firir. 150 PSI\u2019a kadar bas\u0131n\u00e7 kapasitesi ile otomobil, motosiklet, bisiklet lastikleri ve \u00e7e\u015fitli \u015fi\u015fme \u00fcr\u00fcnlerde kullan\u0131labilir. Hafif ve ergonomik yap\u0131s\u0131, her an yan\u0131n\u0131zda ta\u015f\u0131man\u0131za imkan tan\u0131r.Dijital ekran g\u00f6stergesi sayesinde bas\u0131n\u00e7 de\u011ferlerini net \u015fekilde g\u00f6rebilir, Psi, Bar ve KPA birimlerinde \u00f6l\u00e7\u00fcm&#8230;<\/p>\n","protected":false},"featured_media":115341,"comment_status":"open","ping_status":"closed","template":"","meta":{"_kad_post_transparent":"","_kad_post_title":"","_kad_post_layout":"","_kad_post_sidebar_id":"","_kad_post_content_style":"","_kad_post_vertical_padding":"","_kad_post_feature":"","_kad_post_feature_position":"","_kad_post_header":false,"_kad_post_footer":false,"_kad_post_classname":""},"product_brand":[],"product_cat":[15053],"product_tag":[],"class_list":{"0":"post-115342","1":"product","2":"type-product","3":"status-publish","4":"has-post-thumbnail","6":"product_cat-oto-bakim-seti-oto-bakim-seti-2","8":"first","9":"instock","10":"purchasable","11":"product-type-simple","12":"entry","13":"content-bg","14":"loop-entry"},"_links":{"self":[{"href":"https:\/\/www.hediyepazar.com\/index.php?rest_route=\/wp\/v2\/product\/115342","targetHints":{"allow":["GET"]}}],"collection":[{"href":"https:\/\/www.hediyepazar.com\/index.php?rest_route=\/wp\/v2\/product"}],"about":[{"href":"https:\/\/www.hediyepazar.com\/index.php?rest_route=\/wp\/v2\/types\/product"}],"replies":[{"embeddable":true,"href":"https:\/\/www.hediyepazar.com\/index.php?rest_route=%2Fwp%2Fv2%2Fcomments&post=115342"}],"wp:featuredmedia":[{"embeddable":true,"href":"https:\/\/www.hediyepazar.com\/index.php?rest_route=\/wp\/v2\/media\/115341"}],"wp:attachment":[{"href":"https:\/\/www.hediyepazar.com\/index.php?rest_route=%2Fwp%2Fv2%2Fmedia&parent=115342"}],"wp:term":[{"taxonomy":"product_brand","embeddable":true,"href":"https:\/\/www.hediyepazar.com\/index.php?rest_route=%2Fwp%2Fv2%2Fproduct_brand&post=115342"},{"taxonomy":"product_cat","embeddable":true,"href":"https:\/\/www.hediyepazar.com\/index.php?rest_route=%2Fwp%2Fv2%2Fproduct_cat&post=115342"},{"taxonomy":"product_tag","embeddable":true,"href":"https:\/\/www.hediyepazar.com\/index.php?rest_route=%2Fwp%2Fv2%2Fproduct_tag&post=115342"}],"curies":[{"name":"wp","href":"https:\/\/api.w.org\/{rel}","templated":true}]}}