{"id":115344,"date":"2026-05-05T14:45:07","date_gmt":"2026-05-05T17:45:07","guid":{"rendered":"https:\/\/www.hediyepazar.com\/?product=kompakt-tasarimli-led-isikli-tasinabilir-hava-kompresoru"},"modified":"2026-05-05T14:45:07","modified_gmt":"2026-05-05T17:45:07","slug":"kompakt-tasarimli-led-isikli-tasinabilir-hava-kompresoru","status":"publish","type":"product","link":"https:\/\/www.hediyepazar.com\/?product=kompakt-tasarimli-led-isikli-tasinabilir-hava-kompresoru","title":{"rendered":"Kompakt Tasar\u0131ml\u0131 LED I\u015f\u0131kl\u0131 Ta\u015f\u0131nabilir Hava Kompres\u00f6r\u00fc"},"content":{"rendered":"<p>Ta\u015f\u0131nabilir ak\u0131ll\u0131 hava kompres\u00f6r\u00fc, g\u00fc\u00e7l\u00fc motoru ve y\u00fcksek bas\u0131n\u00e7 kapasitesi ile her ara\u00e7 sahibinin ihtiya\u00e7lar\u0131n\u0131 kar\u015f\u0131layacak \u015fekilde tasarlanm\u0131\u015ft\u0131r. Kompakt ve hafif yap\u0131s\u0131 sayesinde arac\u0131n\u0131zda az yer kaplar, acil durumlarda b\u00fcy\u00fck kolayl\u0131k sa\u011flar.150 PSI bas\u0131n\u00e7 kapasitesine sahip bu cihaz, otomobil lastiklerinden bisiklet ve motosiklet lastiklerine kadar geni\u015f bir kullan\u0131m alan\u0131 sunar. Ayr\u0131ca toplar, \u015fi\u015fme yataklar ve kamp malzemeleri i\u00e7in de kullan\u0131labilir. Dijital ekran g\u00f6stergesi sayesinde bas\u0131n\u00e7 de\u011ferlerini hassas bir \u015fekilde takip edebilirsiniz. \u00d6nceden ayarlanan bas\u0131nca ula\u015f\u0131ld\u0131\u011f\u0131nda cihaz kendili\u011finden kapanarak g\u00fcvenli kullan\u0131m sa\u011flar.6000 mAh bataryas\u0131 g\u00fc\u00e7l\u00fc performans sunar, tam \u015farjla d\u00f6rt lasti\u011fi \u015fi\u015firebilir. Type-C \u015farj \u00f6zelli\u011fi ile cihaz\u0131n\u0131z\u0131 k\u0131sa s\u00fcrede \u015farj edebilir ve tekrar kullanabilirsiniz. LED \u0131\u015f\u0131klar\u0131 gece veya d\u00fc\u015f\u00fck \u0131\u015f\u0131kl\u0131 ortamlarda kullan\u0131m kolayl\u0131\u011f\u0131 sunarken, SOS \u0131\u015f\u0131klar\u0131 acil durumlarda g\u00fcvenli\u011finizi art\u0131r\u0131r.Bu cihaz, pratikli\u011fi ve fonksiyonelli\u011fi ile sadece s\u00fcr\u00fcc\u00fcler i\u00e7in de\u011fil, aktif ya\u015fam tarz\u0131n\u0131 benimseyen herkes i\u00e7in ideal bir se\u00e7imdir.<\/p>\n","protected":false},"excerpt":{"rendered":"<p>Ta\u015f\u0131nabilir ak\u0131ll\u0131 hava kompres\u00f6r\u00fc, g\u00fc\u00e7l\u00fc motoru ve y\u00fcksek bas\u0131n\u00e7 kapasitesi ile her ara\u00e7 sahibinin ihtiya\u00e7lar\u0131n\u0131 kar\u015f\u0131layacak \u015fekilde tasarlanm\u0131\u015ft\u0131r. Kompakt ve hafif yap\u0131s\u0131 sayesinde arac\u0131n\u0131zda az yer kaplar, acil durumlarda b\u00fcy\u00fck kolayl\u0131k sa\u011flar.150 PSI bas\u0131n\u00e7 kapasitesine sahip bu cihaz, otomobil lastiklerinden bisiklet ve motosiklet lastiklerine kadar geni\u015f bir kullan\u0131m alan\u0131 sunar. Ayr\u0131ca toplar, \u015fi\u015fme yataklar ve&#8230;<\/p>\n","protected":false},"featured_media":115343,"comment_status":"open","ping_status":"closed","template":"","meta":{"_kad_post_transparent":"","_kad_post_title":"","_kad_post_layout":"","_kad_post_sidebar_id":"","_kad_post_content_style":"","_kad_post_vertical_padding":"","_kad_post_feature":"","_kad_post_feature_position":"","_kad_post_header":false,"_kad_post_footer":false,"_kad_post_classname":""},"product_brand":[],"product_cat":[15053],"product_tag":[],"class_list":{"0":"post-115344","1":"product","2":"type-product","3":"status-publish","4":"has-post-thumbnail","6":"product_cat-oto-bakim-seti-oto-bakim-seti-2","8":"first","9":"instock","10":"purchasable","11":"product-type-simple","12":"entry","13":"content-bg","14":"loop-entry"},"_links":{"self":[{"href":"https:\/\/www.hediyepazar.com\/index.php?rest_route=\/wp\/v2\/product\/115344","targetHints":{"allow":["GET"]}}],"collection":[{"href":"https:\/\/www.hediyepazar.com\/index.php?rest_route=\/wp\/v2\/product"}],"about":[{"href":"https:\/\/www.hediyepazar.com\/index.php?rest_route=\/wp\/v2\/types\/product"}],"replies":[{"embeddable":true,"href":"https:\/\/www.hediyepazar.com\/index.php?rest_route=%2Fwp%2Fv2%2Fcomments&post=115344"}],"wp:featuredmedia":[{"embeddable":true,"href":"https:\/\/www.hediyepazar.com\/index.php?rest_route=\/wp\/v2\/media\/115343"}],"wp:attachment":[{"href":"https:\/\/www.hediyepazar.com\/index.php?rest_route=%2Fwp%2Fv2%2Fmedia&parent=115344"}],"wp:term":[{"taxonomy":"product_brand","embeddable":true,"href":"https:\/\/www.hediyepazar.com\/index.php?rest_route=%2Fwp%2Fv2%2Fproduct_brand&post=115344"},{"taxonomy":"product_cat","embeddable":true,"href":"https:\/\/www.hediyepazar.com\/index.php?rest_route=%2Fwp%2Fv2%2Fproduct_cat&post=115344"},{"taxonomy":"product_tag","embeddable":true,"href":"https:\/\/www.hediyepazar.com\/index.php?rest_route=%2Fwp%2Fv2%2Fproduct_tag&post=115344"}],"curies":[{"name":"wp","href":"https:\/\/api.w.org\/{rel}","templated":true}]}}