{"id":115346,"date":"2026-05-05T14:45:12","date_gmt":"2026-05-05T17:45:12","guid":{"rendered":"https:\/\/www.hediyepazar.com\/?product=150-psi-yuksek-basinc-kapasiteli-kablosuz-lastik-pompasi"},"modified":"2026-05-05T14:45:12","modified_gmt":"2026-05-05T17:45:12","slug":"150-psi-yuksek-basinc-kapasiteli-kablosuz-lastik-pompasi","status":"publish","type":"product","link":"https:\/\/www.hediyepazar.com\/?product=150-psi-yuksek-basinc-kapasiteli-kablosuz-lastik-pompasi","title":{"rendered":"150 PSI Y\u00fcksek Bas\u0131n\u00e7 Kapasiteli Kablosuz Lastik Pompas\u0131"},"content":{"rendered":"<p>Kablosuz kullan\u0131m avantaj\u0131 sunan bu ta\u015f\u0131nabilir lastik pompas\u0131, g\u00fc\u00e7l\u00fc motoru sayesinde k\u0131sa s\u00fcrede y\u00fcksek performans sa\u011flar. 150 PSI bas\u0131n\u00e7 kapasitesiyle donat\u0131lm\u0131\u015f olup, otomobil, motosiklet, bisiklet lastikleri ve spor toplar\u0131 i\u00e7in uygundur. K\u00fc\u00e7\u00fck boyutlar\u0131 sayesinde arac\u0131n\u0131zda, \u00e7antan\u0131zda veya garaj\u0131n\u0131zda kolayca saklanabilir.Cihaz\u0131n en dikkat \u00e7eken \u00f6zelliklerinden biri dijital ekran\u0131d\u0131r. Bas\u0131n\u00e7 de\u011ferlerini net bir \u015fekilde g\u00f6sterir, \u00f6nceden ayarlad\u0131\u011f\u0131n\u0131z de\u011fere ula\u015ft\u0131\u011f\u0131nda otomatik kapanarak fazla \u015fi\u015firme riskini ortadan kald\u0131r\u0131r. Bu sayede lastiklerinizi g\u00fcvenle \u015fi\u015firebilirsiniz. Psi, Bar ve KPA birimlerinde \u00f6l\u00e7\u00fcm yapabilme \u00f6zelli\u011fi, farkl\u0131 kullan\u0131m ihtiya\u00e7lar\u0131na cevap verir.6000 mAh bataryas\u0131 sayesinde tek \u015farjla d\u00f6rt lasti\u011fe kadar \u015fi\u015firebilirsiniz. Uzun \u00f6m\u00fcrl\u00fc batarya yap\u0131s\u0131, seyahatlerde ve acil durumlarda b\u00fcy\u00fck avantaj sa\u011flar. Type-C \u015farj giri\u015fi, h\u0131zl\u0131 ve pratik \u015farj imkan\u0131 sunar. Ayr\u0131ca cihaz\u0131n \u00fczerinde bulunan LED \u0131\u015f\u0131klar, gece yolculuklar\u0131nda veya acil durumlarda ekstra g\u00fcvenlik sa\u011flar.Sadece ara\u00e7 lastikleriyle s\u0131n\u0131rl\u0131 olmayan bu cihaz, \u015fi\u015fme yataklar, deniz \u00fcr\u00fcnleri ve spor ekipmanlar\u0131 i\u00e7in de kullan\u0131labilir. G\u00fc\u00e7l\u00fc motoru, dayan\u0131kl\u0131 malzemesi ve ergonomik tasar\u0131m\u0131 ile g\u00fcnl\u00fck ya\u015famda hayat\u0131n\u0131z\u0131 kolayla\u015ft\u0131r\u0131r.<\/p>\n","protected":false},"excerpt":{"rendered":"<p>Kablosuz kullan\u0131m avantaj\u0131 sunan bu ta\u015f\u0131nabilir lastik pompas\u0131, g\u00fc\u00e7l\u00fc motoru sayesinde k\u0131sa s\u00fcrede y\u00fcksek performans sa\u011flar. 150 PSI bas\u0131n\u00e7 kapasitesiyle donat\u0131lm\u0131\u015f olup, otomobil, motosiklet, bisiklet lastikleri ve spor toplar\u0131 i\u00e7in uygundur. K\u00fc\u00e7\u00fck boyutlar\u0131 sayesinde arac\u0131n\u0131zda, \u00e7antan\u0131zda veya garaj\u0131n\u0131zda kolayca saklanabilir.Cihaz\u0131n en dikkat \u00e7eken \u00f6zelliklerinden biri dijital ekran\u0131d\u0131r. Bas\u0131n\u00e7 de\u011ferlerini net bir \u015fekilde g\u00f6sterir, \u00f6nceden ayarlad\u0131\u011f\u0131n\u0131z&#8230;<\/p>\n","protected":false},"featured_media":115345,"comment_status":"open","ping_status":"closed","template":"","meta":{"_kad_post_transparent":"","_kad_post_title":"","_kad_post_layout":"","_kad_post_sidebar_id":"","_kad_post_content_style":"","_kad_post_vertical_padding":"","_kad_post_feature":"","_kad_post_feature_position":"","_kad_post_header":false,"_kad_post_footer":false,"_kad_post_classname":""},"product_brand":[],"product_cat":[15053],"product_tag":[],"class_list":{"0":"post-115346","1":"product","2":"type-product","3":"status-publish","4":"has-post-thumbnail","6":"product_cat-oto-bakim-seti-oto-bakim-seti-2","8":"first","9":"instock","10":"purchasable","11":"product-type-simple","12":"entry","13":"content-bg","14":"loop-entry"},"_links":{"self":[{"href":"https:\/\/www.hediyepazar.com\/index.php?rest_route=\/wp\/v2\/product\/115346","targetHints":{"allow":["GET"]}}],"collection":[{"href":"https:\/\/www.hediyepazar.com\/index.php?rest_route=\/wp\/v2\/product"}],"about":[{"href":"https:\/\/www.hediyepazar.com\/index.php?rest_route=\/wp\/v2\/types\/product"}],"replies":[{"embeddable":true,"href":"https:\/\/www.hediyepazar.com\/index.php?rest_route=%2Fwp%2Fv2%2Fcomments&post=115346"}],"wp:featuredmedia":[{"embeddable":true,"href":"https:\/\/www.hediyepazar.com\/index.php?rest_route=\/wp\/v2\/media\/115345"}],"wp:attachment":[{"href":"https:\/\/www.hediyepazar.com\/index.php?rest_route=%2Fwp%2Fv2%2Fmedia&parent=115346"}],"wp:term":[{"taxonomy":"product_brand","embeddable":true,"href":"https:\/\/www.hediyepazar.com\/index.php?rest_route=%2Fwp%2Fv2%2Fproduct_brand&post=115346"},{"taxonomy":"product_cat","embeddable":true,"href":"https:\/\/www.hediyepazar.com\/index.php?rest_route=%2Fwp%2Fv2%2Fproduct_cat&post=115346"},{"taxonomy":"product_tag","embeddable":true,"href":"https:\/\/www.hediyepazar.com\/index.php?rest_route=%2Fwp%2Fv2%2Fproduct_tag&post=115346"}],"curies":[{"name":"wp","href":"https:\/\/api.w.org\/{rel}","templated":true}]}}