{"id":115348,"date":"2026-05-05T14:45:17","date_gmt":"2026-05-05T17:45:17","guid":{"rendered":"https:\/\/www.hediyepazar.com\/?product=dijital-ekranli-tasinabilir-akilli-arac-hava-kompresoru"},"modified":"2026-05-05T14:45:17","modified_gmt":"2026-05-05T17:45:17","slug":"dijital-ekranli-tasinabilir-akilli-arac-hava-kompresoru","status":"publish","type":"product","link":"https:\/\/www.hediyepazar.com\/?product=dijital-ekranli-tasinabilir-akilli-arac-hava-kompresoru","title":{"rendered":"Dijital Ekranl\u0131 Ta\u015f\u0131nabilir Ak\u0131ll\u0131 Ara\u00e7 Hava Kompres\u00f6r\u00fc"},"content":{"rendered":"<p>Dijital ekranl\u0131 ta\u015f\u0131nabilir ak\u0131ll\u0131 hava kompres\u00f6r\u00fc, modern s\u00fcr\u00fcc\u00fcler i\u00e7in g\u00fcvenlik ve konforu bir arada sunan bir \u00fcr\u00fcnd\u00fcr. Kompakt boyutu sayesinde arac\u0131n\u0131zda fazla yer kaplamaz ve ihtiya\u00e7 duydu\u011funuz her an yan\u0131n\u0131zda bulundurabilirsiniz. Geli\u015fmi\u015f motor teknolojisiyle donat\u0131lm\u0131\u015f bu cihaz, 150 PSI\u2019a kadar bas\u0131n\u00e7 kapasitesine sahiptir ve otomobil, motosiklet, bisiklet lastikleri ile toplar ve \u015fi\u015fme \u00fcr\u00fcnlerde g\u00fcvenle kullan\u0131labilir.LED ekran g\u00f6stergesi, bas\u0131n\u00e7 de\u011ferlerini hassas bir \u015fekilde \u00f6l\u00e7menize ve anl\u0131k takip etmenize imkan tan\u0131r. Psi, Bar ve KPA birimlerinde \u00f6l\u00e7\u00fcm yapabilen bu cihaz, lastikleriniz i\u00e7in do\u011fru de\u011feri kolayca belirlemenize yard\u0131mc\u0131 olur. Ayr\u0131ca \u00f6nceden ayarlad\u0131\u011f\u0131n\u0131z bas\u0131nca ula\u015ft\u0131\u011f\u0131nda otomatik olarak kapan\u0131r, b\u00f6ylece fazla \u015fi\u015firme riskini ortadan kald\u0131r\u0131r.6000 mAh kapasiteli bataryas\u0131 sayesinde kablosuz kullan\u0131m kolayl\u0131\u011f\u0131 sunar. Tek \u015farjla d\u00f6rt lasti\u011fe kadar \u015fi\u015firebilir, acil durumlarda g\u00fcvenilir bir \u00e7\u00f6z\u00fcm sa\u011flar. Type-C \u015farj giri\u015fi, h\u0131zl\u0131 ve g\u00fcvenli \u015farj deneyimi sunar. Ayr\u0131ca \u00fczerinde bulunan SOS \u0131\u015f\u0131klar\u0131 sayesinde gece veya d\u00fc\u015f\u00fck \u0131\u015f\u0131kl\u0131 ortamlarda hem g\u00fcvenlik hem de kolayl\u0131k sa\u011flar.Kamp, tatil veya uzun yolculuklarda da yan\u0131n\u0131zda ta\u015f\u0131yabilece\u011finiz bu ta\u015f\u0131nabilir hava kompres\u00f6r\u00fc, sadece lastiklerinizin de\u011fil, \u015fi\u015fme yatak, can simidi ve toplar gibi bir\u00e7ok e\u015fyan\u0131n da pratik \u015fekilde \u015fi\u015firilmesini sa\u011flar. Dayan\u0131kl\u0131 yap\u0131s\u0131, g\u00fc\u00e7l\u00fc motoru ve kullan\u0131c\u0131 dostu aray\u00fcz\u00fc ile her ara\u00e7ta bulunmas\u0131 gereken vazge\u00e7ilmez bir \u00fcr\u00fcnd\u00fcr.<\/p>\n","protected":false},"excerpt":{"rendered":"<p>Dijital ekranl\u0131 ta\u015f\u0131nabilir ak\u0131ll\u0131 hava kompres\u00f6r\u00fc, modern s\u00fcr\u00fcc\u00fcler i\u00e7in g\u00fcvenlik ve konforu bir arada sunan bir \u00fcr\u00fcnd\u00fcr. Kompakt boyutu sayesinde arac\u0131n\u0131zda fazla yer kaplamaz ve ihtiya\u00e7 duydu\u011funuz her an yan\u0131n\u0131zda bulundurabilirsiniz. Geli\u015fmi\u015f motor teknolojisiyle donat\u0131lm\u0131\u015f bu cihaz, 150 PSI\u2019a kadar bas\u0131n\u00e7 kapasitesine sahiptir ve otomobil, motosiklet, bisiklet lastikleri ile toplar ve \u015fi\u015fme \u00fcr\u00fcnlerde g\u00fcvenle kullan\u0131labilir.LED&#8230;<\/p>\n","protected":false},"featured_media":115347,"comment_status":"open","ping_status":"closed","template":"","meta":{"_kad_post_transparent":"","_kad_post_title":"","_kad_post_layout":"","_kad_post_sidebar_id":"","_kad_post_content_style":"","_kad_post_vertical_padding":"","_kad_post_feature":"","_kad_post_feature_position":"","_kad_post_header":false,"_kad_post_footer":false,"_kad_post_classname":""},"product_brand":[],"product_cat":[15053],"product_tag":[],"class_list":{"0":"post-115348","1":"product","2":"type-product","3":"status-publish","4":"has-post-thumbnail","6":"product_cat-oto-bakim-seti-oto-bakim-seti-2","8":"first","9":"instock","10":"purchasable","11":"product-type-simple","12":"entry","13":"content-bg","14":"loop-entry"},"_links":{"self":[{"href":"https:\/\/www.hediyepazar.com\/index.php?rest_route=\/wp\/v2\/product\/115348","targetHints":{"allow":["GET"]}}],"collection":[{"href":"https:\/\/www.hediyepazar.com\/index.php?rest_route=\/wp\/v2\/product"}],"about":[{"href":"https:\/\/www.hediyepazar.com\/index.php?rest_route=\/wp\/v2\/types\/product"}],"replies":[{"embeddable":true,"href":"https:\/\/www.hediyepazar.com\/index.php?rest_route=%2Fwp%2Fv2%2Fcomments&post=115348"}],"wp:featuredmedia":[{"embeddable":true,"href":"https:\/\/www.hediyepazar.com\/index.php?rest_route=\/wp\/v2\/media\/115347"}],"wp:attachment":[{"href":"https:\/\/www.hediyepazar.com\/index.php?rest_route=%2Fwp%2Fv2%2Fmedia&parent=115348"}],"wp:term":[{"taxonomy":"product_brand","embeddable":true,"href":"https:\/\/www.hediyepazar.com\/index.php?rest_route=%2Fwp%2Fv2%2Fproduct_brand&post=115348"},{"taxonomy":"product_cat","embeddable":true,"href":"https:\/\/www.hediyepazar.com\/index.php?rest_route=%2Fwp%2Fv2%2Fproduct_cat&post=115348"},{"taxonomy":"product_tag","embeddable":true,"href":"https:\/\/www.hediyepazar.com\/index.php?rest_route=%2Fwp%2Fv2%2Fproduct_tag&post=115348"}],"curies":[{"name":"wp","href":"https:\/\/api.w.org\/{rel}","templated":true}]}}