{"id":115352,"date":"2026-05-05T14:46:06","date_gmt":"2026-05-05T17:46:06","guid":{"rendered":"https:\/\/www.hediyepazar.com\/?product=hizli-sisirme-guclu-motorlu-150-psi-araba-lastik-pompasi"},"modified":"2026-05-05T14:46:06","modified_gmt":"2026-05-05T17:46:06","slug":"hizli-sisirme-guclu-motorlu-150-psi-araba-lastik-pompasi","status":"publish","type":"product","link":"https:\/\/www.hediyepazar.com\/?product=hizli-sisirme-guclu-motorlu-150-psi-araba-lastik-pompasi","title":{"rendered":"H\u0131zl\u0131 \u015ei\u015firme G\u00fc\u00e7l\u00fc Motorlu 150 PSI Araba Lastik Pompas\u0131"},"content":{"rendered":"<p>Dijital ekranl\u0131 bu ta\u015f\u0131nabilir lastik pompas\u0131, g\u00fc\u00e7l\u00fc performans\u0131 ile \u00f6ne \u00e7\u0131kar. 60W motor g\u00fcc\u00fc ve 30000 RPM h\u0131z\u0131 ile lastikleri k\u0131sa s\u00fcrede \u015fi\u015firir. Manyetoelektrik motoru, bak\u0131r silindir ve \u00e7ift turbo fan sistemi ile y\u00fcksek verimlilik sa\u011flar. Kompakt boyutu sayesinde ara\u00e7ta fazla yer kaplamaz. 6000mAh bataryas\u0131 tam \u015farj ile 4 lasti\u011fe kadar \u015fi\u015firebilir. LED ekran\u0131 sayesinde do\u011fru bas\u0131n\u00e7 takibi yap\u0131labilir. Ayr\u0131ca farkl\u0131 ba\u015fl\u0131klar\u0131 sayesinde toplar, bisiklet ve motosiklet lastikleri i\u00e7in de kullan\u0131labilir.<\/p>\n","protected":false},"excerpt":{"rendered":"<p>Dijital ekranl\u0131 bu ta\u015f\u0131nabilir lastik pompas\u0131, g\u00fc\u00e7l\u00fc performans\u0131 ile \u00f6ne \u00e7\u0131kar. 60W motor g\u00fcc\u00fc ve 30000 RPM h\u0131z\u0131 ile lastikleri k\u0131sa s\u00fcrede \u015fi\u015firir. Manyetoelektrik motoru, bak\u0131r silindir ve \u00e7ift turbo fan sistemi ile y\u00fcksek verimlilik sa\u011flar. Kompakt boyutu sayesinde ara\u00e7ta fazla yer kaplamaz. 6000mAh bataryas\u0131 tam \u015farj ile 4 lasti\u011fe kadar \u015fi\u015firebilir. LED ekran\u0131 sayesinde&#8230;<\/p>\n","protected":false},"featured_media":115351,"comment_status":"open","ping_status":"closed","template":"","meta":{"_kad_post_transparent":"","_kad_post_title":"","_kad_post_layout":"","_kad_post_sidebar_id":"","_kad_post_content_style":"","_kad_post_vertical_padding":"","_kad_post_feature":"","_kad_post_feature_position":"","_kad_post_header":false,"_kad_post_footer":false,"_kad_post_classname":""},"product_brand":[],"product_cat":[15053],"product_tag":[],"class_list":{"0":"post-115352","1":"product","2":"type-product","3":"status-publish","4":"has-post-thumbnail","6":"product_cat-oto-bakim-seti-oto-bakim-seti-2","8":"first","9":"instock","10":"purchasable","11":"product-type-simple","12":"entry","13":"content-bg","14":"loop-entry"},"_links":{"self":[{"href":"https:\/\/www.hediyepazar.com\/index.php?rest_route=\/wp\/v2\/product\/115352","targetHints":{"allow":["GET"]}}],"collection":[{"href":"https:\/\/www.hediyepazar.com\/index.php?rest_route=\/wp\/v2\/product"}],"about":[{"href":"https:\/\/www.hediyepazar.com\/index.php?rest_route=\/wp\/v2\/types\/product"}],"replies":[{"embeddable":true,"href":"https:\/\/www.hediyepazar.com\/index.php?rest_route=%2Fwp%2Fv2%2Fcomments&post=115352"}],"wp:featuredmedia":[{"embeddable":true,"href":"https:\/\/www.hediyepazar.com\/index.php?rest_route=\/wp\/v2\/media\/115351"}],"wp:attachment":[{"href":"https:\/\/www.hediyepazar.com\/index.php?rest_route=%2Fwp%2Fv2%2Fmedia&parent=115352"}],"wp:term":[{"taxonomy":"product_brand","embeddable":true,"href":"https:\/\/www.hediyepazar.com\/index.php?rest_route=%2Fwp%2Fv2%2Fproduct_brand&post=115352"},{"taxonomy":"product_cat","embeddable":true,"href":"https:\/\/www.hediyepazar.com\/index.php?rest_route=%2Fwp%2Fv2%2Fproduct_cat&post=115352"},{"taxonomy":"product_tag","embeddable":true,"href":"https:\/\/www.hediyepazar.com\/index.php?rest_route=%2Fwp%2Fv2%2Fproduct_tag&post=115352"}],"curies":[{"name":"wp","href":"https:\/\/api.w.org\/{rel}","templated":true}]}}