{"id":115354,"date":"2026-05-05T14:46:11","date_gmt":"2026-05-05T17:46:11","guid":{"rendered":"https:\/\/www.hediyepazar.com\/?product=6000mah-bataryali-led-ekranli-akilli-hava-kompresoru"},"modified":"2026-05-05T14:46:11","modified_gmt":"2026-05-05T17:46:11","slug":"6000mah-bataryali-led-ekranli-akilli-hava-kompresoru","status":"publish","type":"product","link":"https:\/\/www.hediyepazar.com\/?product=6000mah-bataryali-led-ekranli-akilli-hava-kompresoru","title":{"rendered":"6000mAh Bataryal\u0131 LED Ekranl\u0131 Ak\u0131ll\u0131 Hava Kompres\u00f6r\u00fc"},"content":{"rendered":"<p>Her zaman yan\u0131n\u0131zda ta\u015f\u0131yabilece\u011finiz bu mini hava pompas\u0131, g\u00fc\u00e7l\u00fc motoru ile 16 L\/dk hava hacmi sa\u011flayarak h\u0131zl\u0131 \u015fi\u015firme imkan\u0131 verir. 150 PSI\u2019a kadar bas\u0131n\u00e7 \u00fcretir ve lastikleri dakikalar i\u00e7inde \u015fi\u015firir. Tam \u015farj oldu\u011funda 20 dakika kesintisiz \u00e7al\u0131\u015fabilir. USB \u00fczerinden kolayca \u015farj edilebilen 6000mAh bataryas\u0131 sayesinde acil durumlarda b\u00fcy\u00fck kolayl\u0131k sa\u011flar. Otomatik kapanma \u00f6zelli\u011fi, lastik bas\u0131nc\u0131n\u0131 \u00f6nceden ayarlaman\u0131za imkan tan\u0131r ve g\u00fcvenli kullan\u0131m sunar. LED ekran g\u00f6stergesi ile anl\u0131k bas\u0131n\u00e7 takibi yap\u0131labilir. Seyahatlerde, uzun yolculuklarda ve g\u00fcnl\u00fck kullan\u0131mda ideal bir yard\u0131mc\u0131d\u0131r.<\/p>\n","protected":false},"excerpt":{"rendered":"<p>Her zaman yan\u0131n\u0131zda ta\u015f\u0131yabilece\u011finiz bu mini hava pompas\u0131, g\u00fc\u00e7l\u00fc motoru ile 16 L\/dk hava hacmi sa\u011flayarak h\u0131zl\u0131 \u015fi\u015firme imkan\u0131 verir. 150 PSI\u2019a kadar bas\u0131n\u00e7 \u00fcretir ve lastikleri dakikalar i\u00e7inde \u015fi\u015firir. Tam \u015farj oldu\u011funda 20 dakika kesintisiz \u00e7al\u0131\u015fabilir. USB \u00fczerinden kolayca \u015farj edilebilen 6000mAh bataryas\u0131 sayesinde acil durumlarda b\u00fcy\u00fck kolayl\u0131k sa\u011flar. Otomatik kapanma \u00f6zelli\u011fi, lastik bas\u0131nc\u0131n\u0131&#8230;<\/p>\n","protected":false},"featured_media":115353,"comment_status":"open","ping_status":"closed","template":"","meta":{"_kad_post_transparent":"","_kad_post_title":"","_kad_post_layout":"","_kad_post_sidebar_id":"","_kad_post_content_style":"","_kad_post_vertical_padding":"","_kad_post_feature":"","_kad_post_feature_position":"","_kad_post_header":false,"_kad_post_footer":false,"_kad_post_classname":""},"product_brand":[],"product_cat":[15053],"product_tag":[],"class_list":{"0":"post-115354","1":"product","2":"type-product","3":"status-publish","4":"has-post-thumbnail","6":"product_cat-oto-bakim-seti-oto-bakim-seti-2","8":"first","9":"instock","10":"purchasable","11":"product-type-simple","12":"entry","13":"content-bg","14":"loop-entry"},"_links":{"self":[{"href":"https:\/\/www.hediyepazar.com\/index.php?rest_route=\/wp\/v2\/product\/115354","targetHints":{"allow":["GET"]}}],"collection":[{"href":"https:\/\/www.hediyepazar.com\/index.php?rest_route=\/wp\/v2\/product"}],"about":[{"href":"https:\/\/www.hediyepazar.com\/index.php?rest_route=\/wp\/v2\/types\/product"}],"replies":[{"embeddable":true,"href":"https:\/\/www.hediyepazar.com\/index.php?rest_route=%2Fwp%2Fv2%2Fcomments&post=115354"}],"wp:featuredmedia":[{"embeddable":true,"href":"https:\/\/www.hediyepazar.com\/index.php?rest_route=\/wp\/v2\/media\/115353"}],"wp:attachment":[{"href":"https:\/\/www.hediyepazar.com\/index.php?rest_route=%2Fwp%2Fv2%2Fmedia&parent=115354"}],"wp:term":[{"taxonomy":"product_brand","embeddable":true,"href":"https:\/\/www.hediyepazar.com\/index.php?rest_route=%2Fwp%2Fv2%2Fproduct_brand&post=115354"},{"taxonomy":"product_cat","embeddable":true,"href":"https:\/\/www.hediyepazar.com\/index.php?rest_route=%2Fwp%2Fv2%2Fproduct_cat&post=115354"},{"taxonomy":"product_tag","embeddable":true,"href":"https:\/\/www.hediyepazar.com\/index.php?rest_route=%2Fwp%2Fv2%2Fproduct_tag&post=115354"}],"curies":[{"name":"wp","href":"https:\/\/api.w.org\/{rel}","templated":true}]}}