{"id":115356,"date":"2026-05-05T14:46:16","date_gmt":"2026-05-05T17:46:16","guid":{"rendered":"https:\/\/www.hediyepazar.com\/?product=mini-boy-elektrikli-sarjli-yuksek-basincli-lastik-sisirme-pompasi"},"modified":"2026-05-05T14:46:16","modified_gmt":"2026-05-05T17:46:16","slug":"mini-boy-elektrikli-sarjli-yuksek-basincli-lastik-sisirme-pompasi","status":"publish","type":"product","link":"https:\/\/www.hediyepazar.com\/?product=mini-boy-elektrikli-sarjli-yuksek-basincli-lastik-sisirme-pompasi","title":{"rendered":"Mini Boy Elektrikli \u015earjl\u0131 Y\u00fcksek Bas\u0131n\u00e7l\u0131 Lastik \u015ei\u015firme Pompas\u0131"},"content":{"rendered":"<p>Kompakt tasar\u0131m\u0131 ve y\u00fcksek performans\u0131 ile bu kablosuz lastik hava pompas\u0131, her ara\u00e7ta bulunmas\u0131 gereken pratik bir \u00fcr\u00fcnd\u00fcr. 150 PSI bas\u0131n\u00e7 kapasitesi ve \u00b11.5 PSI hassasiyeti sayesinde lastiklerinizi g\u00fcvenle \u015fi\u015firebilirsiniz. Is\u0131 da\u011f\u0131l\u0131m delikleri sayesinde a\u015f\u0131r\u0131 \u0131s\u0131nmay\u0131 \u00f6nler, AI s\u0131cakl\u0131k kontrol \u00e7ipi ile istikrarl\u0131 performans sa\u011flar. Dijital LED ekran\u0131 ile bas\u0131nc\u0131 net \u015fekilde g\u00f6rebilir, \u00f6nceden ayarlayabilirsiniz. ABS malzemeden \u00fcretilmi\u015f dayan\u0131kl\u0131 g\u00f6vdesi, 450 graml\u0131k hafifli\u011fi ile ta\u015f\u0131may\u0131 kolayla\u015ft\u0131r\u0131r. Paket i\u00e7erisinde farkl\u0131 ba\u015fl\u0131k u\u00e7lar\u0131 bulunur ve bu sayede toplar, bisiklet, motosiklet ve araba lastiklerinde kullan\u0131labilir.<\/p>\n","protected":false},"excerpt":{"rendered":"<p>Kompakt tasar\u0131m\u0131 ve y\u00fcksek performans\u0131 ile bu kablosuz lastik hava pompas\u0131, her ara\u00e7ta bulunmas\u0131 gereken pratik bir \u00fcr\u00fcnd\u00fcr. 150 PSI bas\u0131n\u00e7 kapasitesi ve \u00b11.5 PSI hassasiyeti sayesinde lastiklerinizi g\u00fcvenle \u015fi\u015firebilirsiniz. Is\u0131 da\u011f\u0131l\u0131m delikleri sayesinde a\u015f\u0131r\u0131 \u0131s\u0131nmay\u0131 \u00f6nler, AI s\u0131cakl\u0131k kontrol \u00e7ipi ile istikrarl\u0131 performans sa\u011flar. Dijital LED ekran\u0131 ile bas\u0131nc\u0131 net \u015fekilde g\u00f6rebilir, \u00f6nceden ayarlayabilirsiniz&#8230;.<\/p>\n","protected":false},"featured_media":115355,"comment_status":"open","ping_status":"closed","template":"","meta":{"_kad_post_transparent":"","_kad_post_title":"","_kad_post_layout":"","_kad_post_sidebar_id":"","_kad_post_content_style":"","_kad_post_vertical_padding":"","_kad_post_feature":"","_kad_post_feature_position":"","_kad_post_header":false,"_kad_post_footer":false,"_kad_post_classname":""},"product_brand":[],"product_cat":[15053],"product_tag":[],"class_list":{"0":"post-115356","1":"product","2":"type-product","3":"status-publish","4":"has-post-thumbnail","6":"product_cat-oto-bakim-seti-oto-bakim-seti-2","8":"first","9":"instock","10":"purchasable","11":"product-type-simple","12":"entry","13":"content-bg","14":"loop-entry"},"_links":{"self":[{"href":"https:\/\/www.hediyepazar.com\/index.php?rest_route=\/wp\/v2\/product\/115356","targetHints":{"allow":["GET"]}}],"collection":[{"href":"https:\/\/www.hediyepazar.com\/index.php?rest_route=\/wp\/v2\/product"}],"about":[{"href":"https:\/\/www.hediyepazar.com\/index.php?rest_route=\/wp\/v2\/types\/product"}],"replies":[{"embeddable":true,"href":"https:\/\/www.hediyepazar.com\/index.php?rest_route=%2Fwp%2Fv2%2Fcomments&post=115356"}],"wp:featuredmedia":[{"embeddable":true,"href":"https:\/\/www.hediyepazar.com\/index.php?rest_route=\/wp\/v2\/media\/115355"}],"wp:attachment":[{"href":"https:\/\/www.hediyepazar.com\/index.php?rest_route=%2Fwp%2Fv2%2Fmedia&parent=115356"}],"wp:term":[{"taxonomy":"product_brand","embeddable":true,"href":"https:\/\/www.hediyepazar.com\/index.php?rest_route=%2Fwp%2Fv2%2Fproduct_brand&post=115356"},{"taxonomy":"product_cat","embeddable":true,"href":"https:\/\/www.hediyepazar.com\/index.php?rest_route=%2Fwp%2Fv2%2Fproduct_cat&post=115356"},{"taxonomy":"product_tag","embeddable":true,"href":"https:\/\/www.hediyepazar.com\/index.php?rest_route=%2Fwp%2Fv2%2Fproduct_tag&post=115356"}],"curies":[{"name":"wp","href":"https:\/\/api.w.org\/{rel}","templated":true}]}}