{"id":115358,"date":"2026-05-05T14:46:20","date_gmt":"2026-05-05T17:46:20","guid":{"rendered":"https:\/\/www.hediyepazar.com\/?product=150-psi-kablosuz-dijital-ekranli-tasinabilir-arac-lastik-pompasi"},"modified":"2026-05-05T14:46:20","modified_gmt":"2026-05-05T17:46:20","slug":"150-psi-kablosuz-dijital-ekranli-tasinabilir-arac-lastik-pompasi","status":"publish","type":"product","link":"https:\/\/www.hediyepazar.com\/?product=150-psi-kablosuz-dijital-ekranli-tasinabilir-arac-lastik-pompasi","title":{"rendered":"150 PSI Kablosuz Dijital Ekranl\u0131 Ta\u015f\u0131nabilir Ara\u00e7 Lastik Pompas\u0131"},"content":{"rendered":"<p>150 PSI bas\u0131n\u00e7 g\u00fcc\u00fcne sahip bu ta\u015f\u0131nabilir kablosuz hava pompas\u0131, otomobil, motosiklet, bisiklet ve toplar i\u00e7in g\u00fcvenilir \u015fi\u015firme \u00e7\u00f6z\u00fcm\u00fc sunar. Kompakt boyutu (82x45x134 mm) sayesinde torpido g\u00f6z\u00fcne, \u00e7anta i\u00e7ine veya kol dayama kutusuna rahatl\u0131kla s\u0131\u011far. 60W g\u00fc\u00e7l\u00fc motoru ve 30000 RPM h\u0131z\u0131 sayesinde bir otomobil lasti\u011fini 8-10 dakika i\u00e7inde 0\u2019dan 30 PSI\u2019ye kadar \u015fi\u015firebilir. Tam \u015farjl\u0131 6000mAh bataryas\u0131 ile 4 lasti\u011fe kadar \u015fi\u015firme imkan\u0131 sunar. LED ekran\u0131 sayesinde bas\u0131nc\u0131 hassas \u015fekilde \u00f6l\u00e7ebilir, \u00f6nceden ayarlayabilir ve g\u00fcvenli bir \u015fekilde kullanabilirsiniz. Otomatik kapanma \u00f6zelli\u011fi ile fazla \u015fi\u015firme riskini ortadan kald\u0131r\u0131r.<\/p>\n","protected":false},"excerpt":{"rendered":"<p>150 PSI bas\u0131n\u00e7 g\u00fcc\u00fcne sahip bu ta\u015f\u0131nabilir kablosuz hava pompas\u0131, otomobil, motosiklet, bisiklet ve toplar i\u00e7in g\u00fcvenilir \u015fi\u015firme \u00e7\u00f6z\u00fcm\u00fc sunar. Kompakt boyutu (82x45x134 mm) sayesinde torpido g\u00f6z\u00fcne, \u00e7anta i\u00e7ine veya kol dayama kutusuna rahatl\u0131kla s\u0131\u011far. 60W g\u00fc\u00e7l\u00fc motoru ve 30000 RPM h\u0131z\u0131 sayesinde bir otomobil lasti\u011fini 8-10 dakika i\u00e7inde 0\u2019dan 30 PSI\u2019ye kadar \u015fi\u015firebilir. Tam&#8230;<\/p>\n","protected":false},"featured_media":115357,"comment_status":"open","ping_status":"closed","template":"","meta":{"_kad_post_transparent":"","_kad_post_title":"","_kad_post_layout":"","_kad_post_sidebar_id":"","_kad_post_content_style":"","_kad_post_vertical_padding":"","_kad_post_feature":"","_kad_post_feature_position":"","_kad_post_header":false,"_kad_post_footer":false,"_kad_post_classname":""},"product_brand":[],"product_cat":[15053],"product_tag":[],"class_list":{"0":"post-115358","1":"product","2":"type-product","3":"status-publish","4":"has-post-thumbnail","6":"product_cat-oto-bakim-seti-oto-bakim-seti-2","8":"first","9":"instock","10":"purchasable","11":"product-type-simple","12":"entry","13":"content-bg","14":"loop-entry"},"_links":{"self":[{"href":"https:\/\/www.hediyepazar.com\/index.php?rest_route=\/wp\/v2\/product\/115358","targetHints":{"allow":["GET"]}}],"collection":[{"href":"https:\/\/www.hediyepazar.com\/index.php?rest_route=\/wp\/v2\/product"}],"about":[{"href":"https:\/\/www.hediyepazar.com\/index.php?rest_route=\/wp\/v2\/types\/product"}],"replies":[{"embeddable":true,"href":"https:\/\/www.hediyepazar.com\/index.php?rest_route=%2Fwp%2Fv2%2Fcomments&post=115358"}],"wp:featuredmedia":[{"embeddable":true,"href":"https:\/\/www.hediyepazar.com\/index.php?rest_route=\/wp\/v2\/media\/115357"}],"wp:attachment":[{"href":"https:\/\/www.hediyepazar.com\/index.php?rest_route=%2Fwp%2Fv2%2Fmedia&parent=115358"}],"wp:term":[{"taxonomy":"product_brand","embeddable":true,"href":"https:\/\/www.hediyepazar.com\/index.php?rest_route=%2Fwp%2Fv2%2Fproduct_brand&post=115358"},{"taxonomy":"product_cat","embeddable":true,"href":"https:\/\/www.hediyepazar.com\/index.php?rest_route=%2Fwp%2Fv2%2Fproduct_cat&post=115358"},{"taxonomy":"product_tag","embeddable":true,"href":"https:\/\/www.hediyepazar.com\/index.php?rest_route=%2Fwp%2Fv2%2Fproduct_tag&post=115358"}],"curies":[{"name":"wp","href":"https:\/\/api.w.org\/{rel}","templated":true}]}}