{"id":115360,"date":"2026-05-05T14:47:58","date_gmt":"2026-05-05T17:47:58","guid":{"rendered":"https:\/\/www.hediyepazar.com\/?product=android-tv-stick-2gb-ram-16gb-depolama-kapasiteli"},"modified":"2026-05-05T14:47:58","modified_gmt":"2026-05-05T17:47:58","slug":"android-tv-stick-2gb-ram-16gb-depolama-kapasiteli","status":"publish","type":"product","link":"https:\/\/www.hediyepazar.com\/?product=android-tv-stick-2gb-ram-16gb-depolama-kapasiteli","title":{"rendered":"Android TV Stick 2GB RAM 16GB Depolama Kapasiteli"},"content":{"rendered":"<p>Bu ta\u015f\u0131nabilir Android TV Stick ile televizyonunuzu saniyeler i\u00e7inde ak\u0131ll\u0131 hale getirin. HDMI giri\u015fine tak\u0131n ve keyfinize bak\u0131n! 4K Ultra HD \u00e7\u00f6z\u00fcn\u00fcrl\u00fck ile en net g\u00f6r\u00fcnt\u00fcleri izleyin. G\u00fc\u00e7l\u00fc donan\u0131m\u0131yla donma olmadan h\u0131zl\u0131 bir kullan\u0131m sunar. 5G WiFi sayesinde y\u00fcksek h\u0131zda internete ba\u011flanabilir, Bluetooth 5.0 ile farkl\u0131 cihazlarla ba\u011flant\u0131 kurabilirsiniz. 2GB RAM ve 16GB depolama kapasitesi, uygulamalar i\u00e7in geni\u015f alan sa\u011flar. Netflix ve YouTube uyumlu olmas\u0131 sayesinde e\u011flenceyi s\u0131n\u0131rs\u0131z ya\u015fay\u0131n.<\/p>\n","protected":false},"excerpt":{"rendered":"<p>Bu ta\u015f\u0131nabilir Android TV Stick ile televizyonunuzu saniyeler i\u00e7inde ak\u0131ll\u0131 hale getirin. HDMI giri\u015fine tak\u0131n ve keyfinize bak\u0131n! 4K Ultra HD \u00e7\u00f6z\u00fcn\u00fcrl\u00fck ile en net g\u00f6r\u00fcnt\u00fcleri izleyin. G\u00fc\u00e7l\u00fc donan\u0131m\u0131yla donma olmadan h\u0131zl\u0131 bir kullan\u0131m sunar. 5G WiFi sayesinde y\u00fcksek h\u0131zda internete ba\u011flanabilir, Bluetooth 5.0 ile farkl\u0131 cihazlarla ba\u011flant\u0131 kurabilirsiniz. 2GB RAM ve 16GB depolama kapasitesi,&#8230;<\/p>\n","protected":false},"featured_media":115359,"comment_status":"open","ping_status":"closed","template":"","meta":{"_kad_post_transparent":"","_kad_post_title":"","_kad_post_layout":"","_kad_post_sidebar_id":"","_kad_post_content_style":"","_kad_post_vertical_padding":"","_kad_post_feature":"","_kad_post_feature_position":"","_kad_post_header":false,"_kad_post_footer":false,"_kad_post_classname":""},"product_brand":[],"product_cat":[15012],"product_tag":[],"class_list":{"0":"post-115360","1":"product","2":"type-product","3":"status-publish","4":"has-post-thumbnail","6":"product_cat-media-player-media-player","8":"first","9":"instock","10":"purchasable","11":"product-type-simple","12":"entry","13":"content-bg","14":"loop-entry"},"_links":{"self":[{"href":"https:\/\/www.hediyepazar.com\/index.php?rest_route=\/wp\/v2\/product\/115360","targetHints":{"allow":["GET"]}}],"collection":[{"href":"https:\/\/www.hediyepazar.com\/index.php?rest_route=\/wp\/v2\/product"}],"about":[{"href":"https:\/\/www.hediyepazar.com\/index.php?rest_route=\/wp\/v2\/types\/product"}],"replies":[{"embeddable":true,"href":"https:\/\/www.hediyepazar.com\/index.php?rest_route=%2Fwp%2Fv2%2Fcomments&post=115360"}],"wp:featuredmedia":[{"embeddable":true,"href":"https:\/\/www.hediyepazar.com\/index.php?rest_route=\/wp\/v2\/media\/115359"}],"wp:attachment":[{"href":"https:\/\/www.hediyepazar.com\/index.php?rest_route=%2Fwp%2Fv2%2Fmedia&parent=115360"}],"wp:term":[{"taxonomy":"product_brand","embeddable":true,"href":"https:\/\/www.hediyepazar.com\/index.php?rest_route=%2Fwp%2Fv2%2Fproduct_brand&post=115360"},{"taxonomy":"product_cat","embeddable":true,"href":"https:\/\/www.hediyepazar.com\/index.php?rest_route=%2Fwp%2Fv2%2Fproduct_cat&post=115360"},{"taxonomy":"product_tag","embeddable":true,"href":"https:\/\/www.hediyepazar.com\/index.php?rest_route=%2Fwp%2Fv2%2Fproduct_tag&post=115360"}],"curies":[{"name":"wp","href":"https:\/\/api.w.org\/{rel}","templated":true}]}}