{"id":115362,"date":"2026-05-05T14:48:04","date_gmt":"2026-05-05T17:48:04","guid":{"rendered":"https:\/\/www.hediyepazar.com\/?product=android-tv-stick-4k-ultra-hd-goruntu-destekli"},"modified":"2026-05-05T14:48:04","modified_gmt":"2026-05-05T17:48:04","slug":"android-tv-stick-4k-ultra-hd-goruntu-destekli","status":"publish","type":"product","link":"https:\/\/www.hediyepazar.com\/?product=android-tv-stick-4k-ultra-hd-goruntu-destekli","title":{"rendered":"Android TV Stick 4K Ultra HD G\u00f6r\u00fcnt\u00fc Destekli"},"content":{"rendered":"<p>Eski televizyonunuzu \u00e7\u00f6pe atman\u0131za gerek yok! Bu Android TV Stick ile HDMI giri\u015fine takarak saniyeler i\u00e7inde ak\u0131ll\u0131 TV\u2019ye d\u00f6n\u00fc\u015ft\u00fcrebilirsiniz. 4K Ultra HD \u00e7\u00f6z\u00fcn\u00fcrl\u00fck deste\u011fi sayesinde \u00fcst\u00fcn g\u00f6r\u00fcnt\u00fc kalitesi sunar. 5G WiFi ve Bluetooth 5.0 ba\u011flant\u0131s\u0131 ile kablosuz \u00f6zg\u00fcrl\u00fc\u011f\u00fc ya\u015fay\u0131n. 2GB RAM ve 16GB depolama alan\u0131, performans ve kapasiteyi bir arada sunar. Netflix, YouTube ve Google Play Store uygulamalar\u0131yla s\u0131n\u0131rs\u0131z i\u00e7erik elinizin alt\u0131nda. Kompakt yap\u0131s\u0131 sayesinde kolayca ta\u015f\u0131nabilir.<\/p>\n","protected":false},"excerpt":{"rendered":"<p>Eski televizyonunuzu \u00e7\u00f6pe atman\u0131za gerek yok! Bu Android TV Stick ile HDMI giri\u015fine takarak saniyeler i\u00e7inde ak\u0131ll\u0131 TV\u2019ye d\u00f6n\u00fc\u015ft\u00fcrebilirsiniz. 4K Ultra HD \u00e7\u00f6z\u00fcn\u00fcrl\u00fck deste\u011fi sayesinde \u00fcst\u00fcn g\u00f6r\u00fcnt\u00fc kalitesi sunar. 5G WiFi ve Bluetooth 5.0 ba\u011flant\u0131s\u0131 ile kablosuz \u00f6zg\u00fcrl\u00fc\u011f\u00fc ya\u015fay\u0131n. 2GB RAM ve 16GB depolama alan\u0131, performans ve kapasiteyi bir arada sunar. Netflix, YouTube ve Google&#8230;<\/p>\n","protected":false},"featured_media":115361,"comment_status":"open","ping_status":"closed","template":"","meta":{"_kad_post_transparent":"","_kad_post_title":"","_kad_post_layout":"","_kad_post_sidebar_id":"","_kad_post_content_style":"","_kad_post_vertical_padding":"","_kad_post_feature":"","_kad_post_feature_position":"","_kad_post_header":false,"_kad_post_footer":false,"_kad_post_classname":""},"product_brand":[],"product_cat":[15012],"product_tag":[],"class_list":{"0":"post-115362","1":"product","2":"type-product","3":"status-publish","4":"has-post-thumbnail","6":"product_cat-media-player-media-player","8":"first","9":"instock","10":"purchasable","11":"product-type-simple","12":"entry","13":"content-bg","14":"loop-entry"},"_links":{"self":[{"href":"https:\/\/www.hediyepazar.com\/index.php?rest_route=\/wp\/v2\/product\/115362","targetHints":{"allow":["GET"]}}],"collection":[{"href":"https:\/\/www.hediyepazar.com\/index.php?rest_route=\/wp\/v2\/product"}],"about":[{"href":"https:\/\/www.hediyepazar.com\/index.php?rest_route=\/wp\/v2\/types\/product"}],"replies":[{"embeddable":true,"href":"https:\/\/www.hediyepazar.com\/index.php?rest_route=%2Fwp%2Fv2%2Fcomments&post=115362"}],"wp:featuredmedia":[{"embeddable":true,"href":"https:\/\/www.hediyepazar.com\/index.php?rest_route=\/wp\/v2\/media\/115361"}],"wp:attachment":[{"href":"https:\/\/www.hediyepazar.com\/index.php?rest_route=%2Fwp%2Fv2%2Fmedia&parent=115362"}],"wp:term":[{"taxonomy":"product_brand","embeddable":true,"href":"https:\/\/www.hediyepazar.com\/index.php?rest_route=%2Fwp%2Fv2%2Fproduct_brand&post=115362"},{"taxonomy":"product_cat","embeddable":true,"href":"https:\/\/www.hediyepazar.com\/index.php?rest_route=%2Fwp%2Fv2%2Fproduct_cat&post=115362"},{"taxonomy":"product_tag","embeddable":true,"href":"https:\/\/www.hediyepazar.com\/index.php?rest_route=%2Fwp%2Fv2%2Fproduct_tag&post=115362"}],"curies":[{"name":"wp","href":"https:\/\/api.w.org\/{rel}","templated":true}]}}