{"id":115364,"date":"2026-05-05T14:48:08","date_gmt":"2026-05-05T17:48:08","guid":{"rendered":"https:\/\/www.hediyepazar.com\/?product=wifi-ve-bluetooth-destekli-android-tv-donusturucu-stick"},"modified":"2026-05-05T14:48:08","modified_gmt":"2026-05-05T17:48:08","slug":"wifi-ve-bluetooth-destekli-android-tv-donusturucu-stick","status":"publish","type":"product","link":"https:\/\/www.hediyepazar.com\/?product=wifi-ve-bluetooth-destekli-android-tv-donusturucu-stick","title":{"rendered":"WiFi ve Bluetooth Destekli Android TV D\u00f6n\u00fc\u015ft\u00fcr\u00fcc\u00fc Stick"},"content":{"rendered":"<p>Bu Android TV Stick, televizyon keyfinizi bir \u00fcst seviyeye ta\u015f\u0131r. 4K Ultra HD \u00e7\u00f6z\u00fcn\u00fcrl\u00fck ile canl\u0131 ve net g\u00f6r\u00fcnt\u00fcler elde edersiniz. G\u00fc\u00e7l\u00fc donan\u0131m\u0131 sayesinde h\u0131zl\u0131 \u00e7al\u0131\u015f\u0131r, donma ve tak\u0131lma olmadan keyifli bir deneyim sunar. 2GB RAM ve 16GB depolama alan\u0131 sayesinde birden fazla uygulamay\u0131 rahatl\u0131kla \u00e7al\u0131\u015ft\u0131rabilirsiniz. 5G WiFi \u00f6zelli\u011fi interneti y\u00fcksek h\u0131zda kullanman\u0131z\u0131 sa\u011flar. Bluetooth 5.0 deste\u011fiyle farkl\u0131 cihazlarla ba\u011flant\u0131 kurmak olduk\u00e7a kolayd\u0131r. Netflix, YouTube ve Google Play Store uygulamalar\u0131 \u00f6n y\u00fckl\u00fc olarak gelir. Kompakt tasar\u0131m\u0131 sayesinde evde veya seyahatlerde rahatl\u0131kla kullanabilirsiniz.<\/p>\n","protected":false},"excerpt":{"rendered":"<p>Bu Android TV Stick, televizyon keyfinizi bir \u00fcst seviyeye ta\u015f\u0131r. 4K Ultra HD \u00e7\u00f6z\u00fcn\u00fcrl\u00fck ile canl\u0131 ve net g\u00f6r\u00fcnt\u00fcler elde edersiniz. G\u00fc\u00e7l\u00fc donan\u0131m\u0131 sayesinde h\u0131zl\u0131 \u00e7al\u0131\u015f\u0131r, donma ve tak\u0131lma olmadan keyifli bir deneyim sunar. 2GB RAM ve 16GB depolama alan\u0131 sayesinde birden fazla uygulamay\u0131 rahatl\u0131kla \u00e7al\u0131\u015ft\u0131rabilirsiniz. 5G WiFi \u00f6zelli\u011fi interneti y\u00fcksek h\u0131zda kullanman\u0131z\u0131 sa\u011flar. Bluetooth&#8230;<\/p>\n","protected":false},"featured_media":115363,"comment_status":"open","ping_status":"closed","template":"","meta":{"_kad_post_transparent":"","_kad_post_title":"","_kad_post_layout":"","_kad_post_sidebar_id":"","_kad_post_content_style":"","_kad_post_vertical_padding":"","_kad_post_feature":"","_kad_post_feature_position":"","_kad_post_header":false,"_kad_post_footer":false,"_kad_post_classname":""},"product_brand":[],"product_cat":[15012],"product_tag":[],"class_list":{"0":"post-115364","1":"product","2":"type-product","3":"status-publish","4":"has-post-thumbnail","6":"product_cat-media-player-media-player","8":"first","9":"instock","10":"purchasable","11":"product-type-simple","12":"entry","13":"content-bg","14":"loop-entry"},"_links":{"self":[{"href":"https:\/\/www.hediyepazar.com\/index.php?rest_route=\/wp\/v2\/product\/115364","targetHints":{"allow":["GET"]}}],"collection":[{"href":"https:\/\/www.hediyepazar.com\/index.php?rest_route=\/wp\/v2\/product"}],"about":[{"href":"https:\/\/www.hediyepazar.com\/index.php?rest_route=\/wp\/v2\/types\/product"}],"replies":[{"embeddable":true,"href":"https:\/\/www.hediyepazar.com\/index.php?rest_route=%2Fwp%2Fv2%2Fcomments&post=115364"}],"wp:featuredmedia":[{"embeddable":true,"href":"https:\/\/www.hediyepazar.com\/index.php?rest_route=\/wp\/v2\/media\/115363"}],"wp:attachment":[{"href":"https:\/\/www.hediyepazar.com\/index.php?rest_route=%2Fwp%2Fv2%2Fmedia&parent=115364"}],"wp:term":[{"taxonomy":"product_brand","embeddable":true,"href":"https:\/\/www.hediyepazar.com\/index.php?rest_route=%2Fwp%2Fv2%2Fproduct_brand&post=115364"},{"taxonomy":"product_cat","embeddable":true,"href":"https:\/\/www.hediyepazar.com\/index.php?rest_route=%2Fwp%2Fv2%2Fproduct_cat&post=115364"},{"taxonomy":"product_tag","embeddable":true,"href":"https:\/\/www.hediyepazar.com\/index.php?rest_route=%2Fwp%2Fv2%2Fproduct_tag&post=115364"}],"curies":[{"name":"wp","href":"https:\/\/api.w.org\/{rel}","templated":true}]}}