{"id":115368,"date":"2026-05-05T14:48:18","date_gmt":"2026-05-05T17:48:18","guid":{"rendered":"https:\/\/www.hediyepazar.com\/?product=hacim-veren-ve-sac-elektriklenmesini-onleyen-sicak-hava-fircasi"},"modified":"2026-05-05T14:48:18","modified_gmt":"2026-05-05T17:48:18","slug":"hacim-veren-ve-sac-elektriklenmesini-onleyen-sicak-hava-fircasi","status":"publish","type":"product","link":"https:\/\/www.hediyepazar.com\/?product=hacim-veren-ve-sac-elektriklenmesini-onleyen-sicak-hava-fircasi","title":{"rendered":"Hacim Veren ve Sa\u00e7 Elektriklenmesini \u00d6nleyen S\u0131cak Hava F\u0131r\u00e7as\u0131"},"content":{"rendered":"<p>Sa\u00e7 bak\u0131m rutininizi kolayla\u015ft\u0131rmak i\u00e7in tasarlanm\u0131\u015f bu s\u0131cak hava f\u0131r\u00e7as\u0131, g\u00fc\u00e7l\u00fc performans\u0131 ile \u00f6ne \u00e7\u0131kar. 1000W motor g\u00fcc\u00fcyle h\u0131zl\u0131 kurutma yapar. \u0130yon teknolojisi sa\u00e7lar\u0131n\u0131z\u0131 daha p\u00fcr\u00fczs\u00fcz ve parlak hale getirir. Farkl\u0131 s\u0131cakl\u0131k ayarlar\u0131 sayesinde sa\u00e7 tipinize uygun bak\u0131m yapabilirsiniz.<\/p>\n","protected":false},"excerpt":{"rendered":"<p>Sa\u00e7 bak\u0131m rutininizi kolayla\u015ft\u0131rmak i\u00e7in tasarlanm\u0131\u015f bu s\u0131cak hava f\u0131r\u00e7as\u0131, g\u00fc\u00e7l\u00fc performans\u0131 ile \u00f6ne \u00e7\u0131kar. 1000W motor g\u00fcc\u00fcyle h\u0131zl\u0131 kurutma yapar. \u0130yon teknolojisi sa\u00e7lar\u0131n\u0131z\u0131 daha p\u00fcr\u00fczs\u00fcz ve parlak hale getirir. Farkl\u0131 s\u0131cakl\u0131k ayarlar\u0131 sayesinde sa\u00e7 tipinize uygun bak\u0131m yapabilirsiniz.<\/p>\n","protected":false},"featured_media":115367,"comment_status":"open","ping_status":"closed","template":"","meta":{"_kad_post_transparent":"","_kad_post_title":"","_kad_post_layout":"","_kad_post_sidebar_id":"","_kad_post_content_style":"","_kad_post_vertical_padding":"","_kad_post_feature":"","_kad_post_feature_position":"","_kad_post_header":false,"_kad_post_footer":false,"_kad_post_classname":""},"product_brand":[],"product_cat":[14907],"product_tag":[],"class_list":{"0":"post-115368","1":"product","2":"type-product","3":"status-publish","4":"has-post-thumbnail","6":"product_cat-sac-masasi-sac-masasi","8":"first","9":"instock","10":"purchasable","11":"product-type-simple","12":"entry","13":"content-bg","14":"loop-entry"},"_links":{"self":[{"href":"https:\/\/www.hediyepazar.com\/index.php?rest_route=\/wp\/v2\/product\/115368","targetHints":{"allow":["GET"]}}],"collection":[{"href":"https:\/\/www.hediyepazar.com\/index.php?rest_route=\/wp\/v2\/product"}],"about":[{"href":"https:\/\/www.hediyepazar.com\/index.php?rest_route=\/wp\/v2\/types\/product"}],"replies":[{"embeddable":true,"href":"https:\/\/www.hediyepazar.com\/index.php?rest_route=%2Fwp%2Fv2%2Fcomments&post=115368"}],"wp:featuredmedia":[{"embeddable":true,"href":"https:\/\/www.hediyepazar.com\/index.php?rest_route=\/wp\/v2\/media\/115367"}],"wp:attachment":[{"href":"https:\/\/www.hediyepazar.com\/index.php?rest_route=%2Fwp%2Fv2%2Fmedia&parent=115368"}],"wp:term":[{"taxonomy":"product_brand","embeddable":true,"href":"https:\/\/www.hediyepazar.com\/index.php?rest_route=%2Fwp%2Fv2%2Fproduct_brand&post=115368"},{"taxonomy":"product_cat","embeddable":true,"href":"https:\/\/www.hediyepazar.com\/index.php?rest_route=%2Fwp%2Fv2%2Fproduct_cat&post=115368"},{"taxonomy":"product_tag","embeddable":true,"href":"https:\/\/www.hediyepazar.com\/index.php?rest_route=%2Fwp%2Fv2%2Fproduct_tag&post=115368"}],"curies":[{"name":"wp","href":"https:\/\/api.w.org\/{rel}","templated":true}]}}