{"id":115370,"date":"2026-05-05T14:48:26","date_gmt":"2026-05-05T17:48:26","guid":{"rendered":"https:\/\/www.hediyepazar.com\/?product=cok-yonlu-kullanima-uygun-sac-kurutma-ve-duzlestirme-fircasi"},"modified":"2026-05-05T14:48:26","modified_gmt":"2026-05-05T17:48:26","slug":"cok-yonlu-kullanima-uygun-sac-kurutma-ve-duzlestirme-fircasi","status":"publish","type":"product","link":"https:\/\/www.hediyepazar.com\/?product=cok-yonlu-kullanima-uygun-sac-kurutma-ve-duzlestirme-fircasi","title":{"rendered":"\u00c7ok Y\u00f6nl\u00fc Kullan\u0131ma Uygun Sa\u00e7 Kurutma ve D\u00fczle\u015ftirme F\u0131r\u00e7as\u0131"},"content":{"rendered":"<p>Profesyonel kullan\u0131m i\u00e7in geli\u015ftirilen bu s\u0131cak hava f\u0131r\u00e7as\u0131, sa\u00e7 kurutma ve d\u00fczle\u015ftirme \u00f6zelliklerini tek cihazda toplar. Negatif iyon teknolojisi sa\u00e7 elektriklenmesini engeller. Oval tasar\u0131m\u0131 ile sa\u00e7lara hacim katar. Ergonomik ve hafif yap\u0131s\u0131 ile uzun s\u00fcreli kullan\u0131mlarda bile rahatl\u0131k sa\u011flar.<\/p>\n","protected":false},"excerpt":{"rendered":"<p>Profesyonel kullan\u0131m i\u00e7in geli\u015ftirilen bu s\u0131cak hava f\u0131r\u00e7as\u0131, sa\u00e7 kurutma ve d\u00fczle\u015ftirme \u00f6zelliklerini tek cihazda toplar. Negatif iyon teknolojisi sa\u00e7 elektriklenmesini engeller. Oval tasar\u0131m\u0131 ile sa\u00e7lara hacim katar. Ergonomik ve hafif yap\u0131s\u0131 ile uzun s\u00fcreli kullan\u0131mlarda bile rahatl\u0131k sa\u011flar.<\/p>\n","protected":false},"featured_media":115369,"comment_status":"open","ping_status":"closed","template":"","meta":{"_kad_post_transparent":"","_kad_post_title":"","_kad_post_layout":"","_kad_post_sidebar_id":"","_kad_post_content_style":"","_kad_post_vertical_padding":"","_kad_post_feature":"","_kad_post_feature_position":"","_kad_post_header":false,"_kad_post_footer":false,"_kad_post_classname":""},"product_brand":[],"product_cat":[14907],"product_tag":[],"class_list":{"0":"post-115370","1":"product","2":"type-product","3":"status-publish","4":"has-post-thumbnail","6":"product_cat-sac-masasi-sac-masasi","8":"first","9":"instock","10":"purchasable","11":"product-type-simple","12":"entry","13":"content-bg","14":"loop-entry"},"_links":{"self":[{"href":"https:\/\/www.hediyepazar.com\/index.php?rest_route=\/wp\/v2\/product\/115370","targetHints":{"allow":["GET"]}}],"collection":[{"href":"https:\/\/www.hediyepazar.com\/index.php?rest_route=\/wp\/v2\/product"}],"about":[{"href":"https:\/\/www.hediyepazar.com\/index.php?rest_route=\/wp\/v2\/types\/product"}],"replies":[{"embeddable":true,"href":"https:\/\/www.hediyepazar.com\/index.php?rest_route=%2Fwp%2Fv2%2Fcomments&post=115370"}],"wp:featuredmedia":[{"embeddable":true,"href":"https:\/\/www.hediyepazar.com\/index.php?rest_route=\/wp\/v2\/media\/115369"}],"wp:attachment":[{"href":"https:\/\/www.hediyepazar.com\/index.php?rest_route=%2Fwp%2Fv2%2Fmedia&parent=115370"}],"wp:term":[{"taxonomy":"product_brand","embeddable":true,"href":"https:\/\/www.hediyepazar.com\/index.php?rest_route=%2Fwp%2Fv2%2Fproduct_brand&post=115370"},{"taxonomy":"product_cat","embeddable":true,"href":"https:\/\/www.hediyepazar.com\/index.php?rest_route=%2Fwp%2Fv2%2Fproduct_cat&post=115370"},{"taxonomy":"product_tag","embeddable":true,"href":"https:\/\/www.hediyepazar.com\/index.php?rest_route=%2Fwp%2Fv2%2Fproduct_tag&post=115370"}],"curies":[{"name":"wp","href":"https:\/\/api.w.org\/{rel}","templated":true}]}}