{"id":115372,"date":"2026-05-05T14:48:32","date_gmt":"2026-05-05T17:48:32","guid":{"rendered":"https:\/\/www.hediyepazar.com\/?product=hizli-kurutma-ve-parlak-saclar-icin-profesyonel-firca"},"modified":"2026-05-05T14:48:32","modified_gmt":"2026-05-05T17:48:32","slug":"hizli-kurutma-ve-parlak-saclar-icin-profesyonel-firca","status":"publish","type":"product","link":"https:\/\/www.hediyepazar.com\/?product=hizli-kurutma-ve-parlak-saclar-icin-profesyonel-firca","title":{"rendered":"H\u0131zl\u0131 Kurutma ve Parlak Sa\u00e7lar \u0130\u00e7in Profesyonel F\u0131r\u00e7a"},"content":{"rendered":"<p>Sa\u00e7 bak\u0131m\u0131n\u0131 kolayla\u015ft\u0131ran bu s\u0131cak hava f\u0131r\u00e7as\u0131, sa\u00e7 kurutma makinesi ve d\u00fczle\u015ftirici ihtiyac\u0131n\u0131 ortadan kald\u0131r\u0131r. G\u00fc\u00e7l\u00fc \u0131s\u0131 teknolojisiyle k\u0131sa s\u00fcrede etkili sonu\u00e7 verir. 3 farkl\u0131 s\u0131cakl\u0131k ayar\u0131 ile sa\u00e7 tipinize uygun modu se\u00e7ebilirsiniz. \u0130yon teknolojisi sa\u00e7lar\u0131 elektriklenmeden p\u00fcr\u00fczs\u00fczle\u015ftirir.<\/p>\n","protected":false},"excerpt":{"rendered":"<p>Sa\u00e7 bak\u0131m\u0131n\u0131 kolayla\u015ft\u0131ran bu s\u0131cak hava f\u0131r\u00e7as\u0131, sa\u00e7 kurutma makinesi ve d\u00fczle\u015ftirici ihtiyac\u0131n\u0131 ortadan kald\u0131r\u0131r. G\u00fc\u00e7l\u00fc \u0131s\u0131 teknolojisiyle k\u0131sa s\u00fcrede etkili sonu\u00e7 verir. 3 farkl\u0131 s\u0131cakl\u0131k ayar\u0131 ile sa\u00e7 tipinize uygun modu se\u00e7ebilirsiniz. \u0130yon teknolojisi sa\u00e7lar\u0131 elektriklenmeden p\u00fcr\u00fczs\u00fczle\u015ftirir.<\/p>\n","protected":false},"featured_media":115371,"comment_status":"open","ping_status":"closed","template":"","meta":{"_kad_post_transparent":"","_kad_post_title":"","_kad_post_layout":"","_kad_post_sidebar_id":"","_kad_post_content_style":"","_kad_post_vertical_padding":"","_kad_post_feature":"","_kad_post_feature_position":"","_kad_post_header":false,"_kad_post_footer":false,"_kad_post_classname":""},"product_brand":[],"product_cat":[14907],"product_tag":[],"class_list":{"0":"post-115372","1":"product","2":"type-product","3":"status-publish","4":"has-post-thumbnail","6":"product_cat-sac-masasi-sac-masasi","8":"first","9":"instock","10":"purchasable","11":"product-type-simple","12":"entry","13":"content-bg","14":"loop-entry"},"_links":{"self":[{"href":"https:\/\/www.hediyepazar.com\/index.php?rest_route=\/wp\/v2\/product\/115372","targetHints":{"allow":["GET"]}}],"collection":[{"href":"https:\/\/www.hediyepazar.com\/index.php?rest_route=\/wp\/v2\/product"}],"about":[{"href":"https:\/\/www.hediyepazar.com\/index.php?rest_route=\/wp\/v2\/types\/product"}],"replies":[{"embeddable":true,"href":"https:\/\/www.hediyepazar.com\/index.php?rest_route=%2Fwp%2Fv2%2Fcomments&post=115372"}],"wp:featuredmedia":[{"embeddable":true,"href":"https:\/\/www.hediyepazar.com\/index.php?rest_route=\/wp\/v2\/media\/115371"}],"wp:attachment":[{"href":"https:\/\/www.hediyepazar.com\/index.php?rest_route=%2Fwp%2Fv2%2Fmedia&parent=115372"}],"wp:term":[{"taxonomy":"product_brand","embeddable":true,"href":"https:\/\/www.hediyepazar.com\/index.php?rest_route=%2Fwp%2Fv2%2Fproduct_brand&post=115372"},{"taxonomy":"product_cat","embeddable":true,"href":"https:\/\/www.hediyepazar.com\/index.php?rest_route=%2Fwp%2Fv2%2Fproduct_cat&post=115372"},{"taxonomy":"product_tag","embeddable":true,"href":"https:\/\/www.hediyepazar.com\/index.php?rest_route=%2Fwp%2Fv2%2Fproduct_tag&post=115372"}],"curies":[{"name":"wp","href":"https:\/\/api.w.org\/{rel}","templated":true}]}}