{"id":115376,"date":"2026-05-05T14:48:40","date_gmt":"2026-05-05T17:48:40","guid":{"rendered":"https:\/\/www.hediyepazar.com\/?product=ergonomik-tasarimli-hafif-ve-tasinabilir-sicak-hava-fircasi"},"modified":"2026-05-05T14:48:40","modified_gmt":"2026-05-05T17:48:40","slug":"ergonomik-tasarimli-hafif-ve-tasinabilir-sicak-hava-fircasi","status":"publish","type":"product","link":"https:\/\/www.hediyepazar.com\/?product=ergonomik-tasarimli-hafif-ve-tasinabilir-sicak-hava-fircasi","title":{"rendered":"Ergonomik Tasar\u0131ml\u0131 Hafif ve Ta\u015f\u0131nabilir S\u0131cak Hava F\u0131r\u00e7as\u0131"},"content":{"rendered":"<p>Oval tasar\u0131ml\u0131 s\u0131cak hava f\u0131r\u00e7as\u0131, sa\u00e7lar\u0131n\u0131za do\u011fal bir hacim ve \u015fekil verir. Naylon pimli ve p\u00fcsk\u00fcll\u00fc k\u0131llar\u0131 sa\u00e7lar\u0131n\u0131z\u0131 k\u0131rmadan tarar. 2,5 m d\u00f6ner kablo uzunlu\u011fu ile rahat hareket imkan\u0131 sunar. Hafif yap\u0131s\u0131 sayesinde uzun s\u00fcreli kullan\u0131mlarda elinizi yormaz. G\u00fcnl\u00fck kullan\u0131m i\u00e7in pratik ve etkili bir se\u00e7enektir.<\/p>\n","protected":false},"excerpt":{"rendered":"<p>Oval tasar\u0131ml\u0131 s\u0131cak hava f\u0131r\u00e7as\u0131, sa\u00e7lar\u0131n\u0131za do\u011fal bir hacim ve \u015fekil verir. Naylon pimli ve p\u00fcsk\u00fcll\u00fc k\u0131llar\u0131 sa\u00e7lar\u0131n\u0131z\u0131 k\u0131rmadan tarar. 2,5 m d\u00f6ner kablo uzunlu\u011fu ile rahat hareket imkan\u0131 sunar. Hafif yap\u0131s\u0131 sayesinde uzun s\u00fcreli kullan\u0131mlarda elinizi yormaz. G\u00fcnl\u00fck kullan\u0131m i\u00e7in pratik ve etkili bir se\u00e7enektir.<\/p>\n","protected":false},"featured_media":115375,"comment_status":"open","ping_status":"closed","template":"","meta":{"_kad_post_transparent":"","_kad_post_title":"","_kad_post_layout":"","_kad_post_sidebar_id":"","_kad_post_content_style":"","_kad_post_vertical_padding":"","_kad_post_feature":"","_kad_post_feature_position":"","_kad_post_header":false,"_kad_post_footer":false,"_kad_post_classname":""},"product_brand":[],"product_cat":[14907],"product_tag":[],"class_list":{"0":"post-115376","1":"product","2":"type-product","3":"status-publish","4":"has-post-thumbnail","6":"product_cat-sac-masasi-sac-masasi","8":"first","9":"instock","10":"purchasable","11":"product-type-simple","12":"entry","13":"content-bg","14":"loop-entry"},"_links":{"self":[{"href":"https:\/\/www.hediyepazar.com\/index.php?rest_route=\/wp\/v2\/product\/115376","targetHints":{"allow":["GET"]}}],"collection":[{"href":"https:\/\/www.hediyepazar.com\/index.php?rest_route=\/wp\/v2\/product"}],"about":[{"href":"https:\/\/www.hediyepazar.com\/index.php?rest_route=\/wp\/v2\/types\/product"}],"replies":[{"embeddable":true,"href":"https:\/\/www.hediyepazar.com\/index.php?rest_route=%2Fwp%2Fv2%2Fcomments&post=115376"}],"wp:featuredmedia":[{"embeddable":true,"href":"https:\/\/www.hediyepazar.com\/index.php?rest_route=\/wp\/v2\/media\/115375"}],"wp:attachment":[{"href":"https:\/\/www.hediyepazar.com\/index.php?rest_route=%2Fwp%2Fv2%2Fmedia&parent=115376"}],"wp:term":[{"taxonomy":"product_brand","embeddable":true,"href":"https:\/\/www.hediyepazar.com\/index.php?rest_route=%2Fwp%2Fv2%2Fproduct_brand&post=115376"},{"taxonomy":"product_cat","embeddable":true,"href":"https:\/\/www.hediyepazar.com\/index.php?rest_route=%2Fwp%2Fv2%2Fproduct_cat&post=115376"},{"taxonomy":"product_tag","embeddable":true,"href":"https:\/\/www.hediyepazar.com\/index.php?rest_route=%2Fwp%2Fv2%2Fproduct_tag&post=115376"}],"curies":[{"name":"wp","href":"https:\/\/api.w.org\/{rel}","templated":true}]}}