{"id":115384,"date":"2026-05-05T14:49:09","date_gmt":"2026-05-05T17:49:09","guid":{"rendered":"https:\/\/www.hediyepazar.com\/?product=profesyonel-iyon-teknolojili-sicak-hava-fircasi"},"modified":"2026-05-05T14:49:09","modified_gmt":"2026-05-05T17:49:09","slug":"profesyonel-iyon-teknolojili-sicak-hava-fircasi","status":"publish","type":"product","link":"https:\/\/www.hediyepazar.com\/?product=profesyonel-iyon-teknolojili-sicak-hava-fircasi","title":{"rendered":"Profesyonel \u0130yon Teknolojili S\u0131cak Hava F\u0131r\u00e7as\u0131"},"content":{"rendered":"<p>Profesyonel s\u0131cak hava f\u0131r\u00e7as\u0131 ile sa\u00e7\u0131n\u0131za salon kalitesinde bak\u0131m yapabilirsiniz. Hem kurutma hem d\u00fczle\u015ftirme \u00f6zelli\u011fi sunar. Negatif iyon teknolojisi sayesinde sa\u00e7 kabarmas\u0131n\u0131 \u00f6nler ve daha p\u00fcr\u00fczs\u00fcz bir g\u00f6r\u00fcn\u00fcm elde etmenizi sa\u011flar. D\u00f6ner kablo yap\u0131s\u0131 sayesinde rahat hareket edebilirsiniz. Hafif ve ta\u015f\u0131nabilir olmas\u0131 seyahatlerde de kullan\u0131m kolayl\u0131\u011f\u0131 sunar.<\/p>\n","protected":false},"excerpt":{"rendered":"<p>Profesyonel s\u0131cak hava f\u0131r\u00e7as\u0131 ile sa\u00e7\u0131n\u0131za salon kalitesinde bak\u0131m yapabilirsiniz. Hem kurutma hem d\u00fczle\u015ftirme \u00f6zelli\u011fi sunar. Negatif iyon teknolojisi sayesinde sa\u00e7 kabarmas\u0131n\u0131 \u00f6nler ve daha p\u00fcr\u00fczs\u00fcz bir g\u00f6r\u00fcn\u00fcm elde etmenizi sa\u011flar. D\u00f6ner kablo yap\u0131s\u0131 sayesinde rahat hareket edebilirsiniz. Hafif ve ta\u015f\u0131nabilir olmas\u0131 seyahatlerde de kullan\u0131m kolayl\u0131\u011f\u0131 sunar.<\/p>\n","protected":false},"featured_media":115383,"comment_status":"open","ping_status":"closed","template":"","meta":{"_kad_post_transparent":"","_kad_post_title":"","_kad_post_layout":"","_kad_post_sidebar_id":"","_kad_post_content_style":"","_kad_post_vertical_padding":"","_kad_post_feature":"","_kad_post_feature_position":"","_kad_post_header":false,"_kad_post_footer":false,"_kad_post_classname":""},"product_brand":[],"product_cat":[14907],"product_tag":[],"class_list":{"0":"post-115384","1":"product","2":"type-product","3":"status-publish","4":"has-post-thumbnail","6":"product_cat-sac-masasi-sac-masasi","8":"first","9":"instock","10":"purchasable","11":"product-type-simple","12":"entry","13":"content-bg","14":"loop-entry"},"_links":{"self":[{"href":"https:\/\/www.hediyepazar.com\/index.php?rest_route=\/wp\/v2\/product\/115384","targetHints":{"allow":["GET"]}}],"collection":[{"href":"https:\/\/www.hediyepazar.com\/index.php?rest_route=\/wp\/v2\/product"}],"about":[{"href":"https:\/\/www.hediyepazar.com\/index.php?rest_route=\/wp\/v2\/types\/product"}],"replies":[{"embeddable":true,"href":"https:\/\/www.hediyepazar.com\/index.php?rest_route=%2Fwp%2Fv2%2Fcomments&post=115384"}],"wp:featuredmedia":[{"embeddable":true,"href":"https:\/\/www.hediyepazar.com\/index.php?rest_route=\/wp\/v2\/media\/115383"}],"wp:attachment":[{"href":"https:\/\/www.hediyepazar.com\/index.php?rest_route=%2Fwp%2Fv2%2Fmedia&parent=115384"}],"wp:term":[{"taxonomy":"product_brand","embeddable":true,"href":"https:\/\/www.hediyepazar.com\/index.php?rest_route=%2Fwp%2Fv2%2Fproduct_brand&post=115384"},{"taxonomy":"product_cat","embeddable":true,"href":"https:\/\/www.hediyepazar.com\/index.php?rest_route=%2Fwp%2Fv2%2Fproduct_cat&post=115384"},{"taxonomy":"product_tag","embeddable":true,"href":"https:\/\/www.hediyepazar.com\/index.php?rest_route=%2Fwp%2Fv2%2Fproduct_tag&post=115384"}],"curies":[{"name":"wp","href":"https:\/\/api.w.org\/{rel}","templated":true}]}}