{"id":115390,"date":"2026-05-05T14:49:58","date_gmt":"2026-05-05T17:49:58","guid":{"rendered":"https:\/\/www.hediyepazar.com\/?product=cok-fonksiyonlu-sac-sakal-ve-vucut-icin-tiras-makinesi"},"modified":"2026-05-05T14:49:58","modified_gmt":"2026-05-05T17:49:58","slug":"cok-fonksiyonlu-sac-sakal-ve-vucut-icin-tiras-makinesi","status":"publish","type":"product","link":"https:\/\/www.hediyepazar.com\/?product=cok-fonksiyonlu-sac-sakal-ve-vucut-icin-tiras-makinesi","title":{"rendered":"\u00c7ok Fonksiyonlu Sa\u00e7 Sakal ve V\u00fccut \u0130\u00e7in T\u0131ra\u015f Makinesi"},"content":{"rendered":"<p>Profesyonel t\u0131ra\u015f makinesi, ki\u015fisel bak\u0131m\u0131n\u0131z\u0131 kolayla\u015ft\u0131rmak i\u00e7in geli\u015fmi\u015f \u00f6zelliklerle donat\u0131lm\u0131\u015ft\u0131r. 1800 mAh bataryas\u0131 sayesinde 2.5 saatte \u015farj olur ve 300 dakika kesintisiz kullan\u0131m sunar. USB Type-C \u015farj portu modern kullan\u0131m kolayl\u0131\u011f\u0131 sa\u011flarken, adapt\u00f6r kutu i\u00e7erisinden \u00e7\u0131kmaktad\u0131r. LCD ekran\u0131 sayesinde pil seviyesini, \u015farj durumunu ve bak\u0131m hat\u0131rlatmalar\u0131n\u0131 anl\u0131k olarak takip edebilirsiniz. \u00c7ok y\u00f6nl\u00fc kullan\u0131m\u0131 ile sa\u00e7, sakal, b\u0131y\u0131k ve v\u00fccut t\u0131ra\u015f\u0131nda g\u00fcvenilir performans sunar. G\u00fc\u00e7l\u00fc motoru, kal\u0131n ve sert sa\u00e7larda bile tak\u0131lmadan p\u00fcr\u00fczs\u00fcz kesim yapar. Ergonomik ve kaymaz g\u00f6vdesi sayesinde konforlu tutu\u015f sa\u011flar. 4 farkl\u0131 kesim ba\u015fl\u0131\u011f\u0131 ile istedi\u011finiz sa\u00e7 ve sakal stilini kolayca olu\u015fturabilirsiniz. Hafif yap\u0131s\u0131 sayesinde seyahatlerde ta\u015f\u0131maya uygundur.<\/p>\n","protected":false},"excerpt":{"rendered":"<p>Profesyonel t\u0131ra\u015f makinesi, ki\u015fisel bak\u0131m\u0131n\u0131z\u0131 kolayla\u015ft\u0131rmak i\u00e7in geli\u015fmi\u015f \u00f6zelliklerle donat\u0131lm\u0131\u015ft\u0131r. 1800 mAh bataryas\u0131 sayesinde 2.5 saatte \u015farj olur ve 300 dakika kesintisiz kullan\u0131m sunar. USB Type-C \u015farj portu modern kullan\u0131m kolayl\u0131\u011f\u0131 sa\u011flarken, adapt\u00f6r kutu i\u00e7erisinden \u00e7\u0131kmaktad\u0131r. LCD ekran\u0131 sayesinde pil seviyesini, \u015farj durumunu ve bak\u0131m hat\u0131rlatmalar\u0131n\u0131 anl\u0131k olarak takip edebilirsiniz. \u00c7ok y\u00f6nl\u00fc kullan\u0131m\u0131 ile sa\u00e7,&#8230;<\/p>\n","protected":false},"featured_media":115389,"comment_status":"open","ping_status":"closed","template":"","meta":{"_kad_post_transparent":"","_kad_post_title":"","_kad_post_layout":"","_kad_post_sidebar_id":"","_kad_post_content_style":"","_kad_post_vertical_padding":"","_kad_post_feature":"","_kad_post_feature_position":"","_kad_post_header":false,"_kad_post_footer":false,"_kad_post_classname":""},"product_brand":[],"product_cat":[14925],"product_tag":[],"class_list":{"0":"post-115390","1":"product","2":"type-product","3":"status-publish","4":"has-post-thumbnail","6":"product_cat-tiras-makinesi-tiras-makinesi","8":"first","9":"instock","10":"purchasable","11":"product-type-simple","12":"entry","13":"content-bg","14":"loop-entry"},"_links":{"self":[{"href":"https:\/\/www.hediyepazar.com\/index.php?rest_route=\/wp\/v2\/product\/115390","targetHints":{"allow":["GET"]}}],"collection":[{"href":"https:\/\/www.hediyepazar.com\/index.php?rest_route=\/wp\/v2\/product"}],"about":[{"href":"https:\/\/www.hediyepazar.com\/index.php?rest_route=\/wp\/v2\/types\/product"}],"replies":[{"embeddable":true,"href":"https:\/\/www.hediyepazar.com\/index.php?rest_route=%2Fwp%2Fv2%2Fcomments&post=115390"}],"wp:featuredmedia":[{"embeddable":true,"href":"https:\/\/www.hediyepazar.com\/index.php?rest_route=\/wp\/v2\/media\/115389"}],"wp:attachment":[{"href":"https:\/\/www.hediyepazar.com\/index.php?rest_route=%2Fwp%2Fv2%2Fmedia&parent=115390"}],"wp:term":[{"taxonomy":"product_brand","embeddable":true,"href":"https:\/\/www.hediyepazar.com\/index.php?rest_route=%2Fwp%2Fv2%2Fproduct_brand&post=115390"},{"taxonomy":"product_cat","embeddable":true,"href":"https:\/\/www.hediyepazar.com\/index.php?rest_route=%2Fwp%2Fv2%2Fproduct_cat&post=115390"},{"taxonomy":"product_tag","embeddable":true,"href":"https:\/\/www.hediyepazar.com\/index.php?rest_route=%2Fwp%2Fv2%2Fproduct_tag&post=115390"}],"curies":[{"name":"wp","href":"https:\/\/api.w.org\/{rel}","templated":true}]}}