{"id":115398,"date":"2026-05-05T14:50:19","date_gmt":"2026-05-05T17:50:19","guid":{"rendered":"https:\/\/www.hediyepazar.com\/?product=uzun-calisma-sureli-lcd-gostergeli-sac-kesme-makinesi"},"modified":"2026-05-05T14:50:19","modified_gmt":"2026-05-05T17:50:19","slug":"uzun-calisma-sureli-lcd-gostergeli-sac-kesme-makinesi","status":"publish","type":"product","link":"https:\/\/www.hediyepazar.com\/?product=uzun-calisma-sureli-lcd-gostergeli-sac-kesme-makinesi","title":{"rendered":"Uzun \u00c7al\u0131\u015fma S\u00fcreli LCD G\u00f6stergeli Sa\u00e7 Kesme Makinesi"},"content":{"rendered":"<p>Profesyonel sa\u00e7 kesim deneyimini evinize ta\u015f\u0131yan bu \u015farjl\u0131 makine, g\u00fc\u00e7l\u00fc performans\u0131 ve uzun \u00f6m\u00fcrl\u00fc yap\u0131s\u0131yla dikkat \u00e7eker. 2000 mAh bataryas\u0131 3 saatte \u015farj olur ve 210 dakikaya kadar kesintisiz kullan\u0131m sa\u011flar. USB Type-C \u015farj giri\u015fi sayesinde bilgisayar, powerbank veya adapt\u00f6r ile kolayca \u015farj edebilirsiniz. Kablosuz kullan\u0131m \u00f6zg\u00fcrl\u00fc\u011f\u00fc sa\u011flarken, kablolu kullan\u0131m se\u00e7ene\u011fiyle de sizi yar\u0131 yolda b\u0131rakmaz. LCD ekran, \u015farj durumu, kalan pil ve ya\u011flama hat\u0131rlatmas\u0131yla cihaz\u0131n bak\u0131m\u0131n\u0131 kolayla\u015ft\u0131r\u0131r. Ergonomik g\u00f6vdesi sayesinde elinize m\u00fckemmel \u015fekilde oturur ve uzun s\u00fcreli kullan\u0131mlarda konfor sa\u011flar. 6800 RPM g\u00fc\u00e7l\u00fc motoru ve \u00e7elik b\u0131\u00e7aklar\u0131 ile p\u00fcr\u00fczs\u00fcz ve h\u0131zl\u0131 kesim yapar. 4 farkl\u0131 tarak ba\u015fl\u0131\u011f\u0131 ve ayarlanabilir kesim uzunlu\u011fu ile sa\u00e7 modelinizi \u00f6zg\u00fcrce \u015fekillendirebilirsiniz.<\/p>\n","protected":false},"excerpt":{"rendered":"<p>Profesyonel sa\u00e7 kesim deneyimini evinize ta\u015f\u0131yan bu \u015farjl\u0131 makine, g\u00fc\u00e7l\u00fc performans\u0131 ve uzun \u00f6m\u00fcrl\u00fc yap\u0131s\u0131yla dikkat \u00e7eker. 2000 mAh bataryas\u0131 3 saatte \u015farj olur ve 210 dakikaya kadar kesintisiz kullan\u0131m sa\u011flar. USB Type-C \u015farj giri\u015fi sayesinde bilgisayar, powerbank veya adapt\u00f6r ile kolayca \u015farj edebilirsiniz. Kablosuz kullan\u0131m \u00f6zg\u00fcrl\u00fc\u011f\u00fc sa\u011flarken, kablolu kullan\u0131m se\u00e7ene\u011fiyle de sizi yar\u0131 yolda&#8230;<\/p>\n","protected":false},"featured_media":115397,"comment_status":"open","ping_status":"closed","template":"","meta":{"_kad_post_transparent":"","_kad_post_title":"","_kad_post_layout":"","_kad_post_sidebar_id":"","_kad_post_content_style":"","_kad_post_vertical_padding":"","_kad_post_feature":"","_kad_post_feature_position":"","_kad_post_header":false,"_kad_post_footer":false,"_kad_post_classname":""},"product_brand":[],"product_cat":[14925],"product_tag":[],"class_list":{"0":"post-115398","1":"product","2":"type-product","3":"status-publish","4":"has-post-thumbnail","6":"product_cat-tiras-makinesi-tiras-makinesi","8":"first","9":"instock","10":"purchasable","11":"product-type-simple","12":"entry","13":"content-bg","14":"loop-entry"},"_links":{"self":[{"href":"https:\/\/www.hediyepazar.com\/index.php?rest_route=\/wp\/v2\/product\/115398","targetHints":{"allow":["GET"]}}],"collection":[{"href":"https:\/\/www.hediyepazar.com\/index.php?rest_route=\/wp\/v2\/product"}],"about":[{"href":"https:\/\/www.hediyepazar.com\/index.php?rest_route=\/wp\/v2\/types\/product"}],"replies":[{"embeddable":true,"href":"https:\/\/www.hediyepazar.com\/index.php?rest_route=%2Fwp%2Fv2%2Fcomments&post=115398"}],"wp:featuredmedia":[{"embeddable":true,"href":"https:\/\/www.hediyepazar.com\/index.php?rest_route=\/wp\/v2\/media\/115397"}],"wp:attachment":[{"href":"https:\/\/www.hediyepazar.com\/index.php?rest_route=%2Fwp%2Fv2%2Fmedia&parent=115398"}],"wp:term":[{"taxonomy":"product_brand","embeddable":true,"href":"https:\/\/www.hediyepazar.com\/index.php?rest_route=%2Fwp%2Fv2%2Fproduct_brand&post=115398"},{"taxonomy":"product_cat","embeddable":true,"href":"https:\/\/www.hediyepazar.com\/index.php?rest_route=%2Fwp%2Fv2%2Fproduct_cat&post=115398"},{"taxonomy":"product_tag","embeddable":true,"href":"https:\/\/www.hediyepazar.com\/index.php?rest_route=%2Fwp%2Fv2%2Fproduct_tag&post=115398"}],"curies":[{"name":"wp","href":"https:\/\/api.w.org\/{rel}","templated":true}]}}