{"id":115406,"date":"2026-05-05T14:51:40","date_gmt":"2026-05-05T17:51:40","guid":{"rendered":"https:\/\/www.hediyepazar.com\/?product=ic-ve-dis-mekan-uyumlu-giris-tipi-topuzlu-kilit"},"modified":"2026-05-05T14:51:40","modified_gmt":"2026-05-05T17:51:40","slug":"ic-ve-dis-mekan-uyumlu-giris-tipi-topuzlu-kilit","status":"publish","type":"product","link":"https:\/\/www.hediyepazar.com\/?product=ic-ve-dis-mekan-uyumlu-giris-tipi-topuzlu-kilit","title":{"rendered":"\u0130\u00e7 ve D\u0131\u015f Mekan Uyumlu Giri\u015f Tipi Topuzlu Kilit"},"content":{"rendered":"<p>Evinizin g\u00fcvenli\u011fini garanti alt\u0131na almak i\u00e7in tasarlanan topuzlu kap\u0131 kilidi, estetik ve dayan\u0131kl\u0131l\u0131\u011f\u0131 bir arada sunar. Paslanmaz \u00e7elik g\u00f6vdesiyle d\u0131\u015f etkenlere kar\u015f\u0131 diren\u00e7lidir ve uzun s\u00fcreli kullan\u0131mda sorunsuz performans sergiler. Mat y\u00fczeyi modern ev dekorasyonlar\u0131yla kusursuz uyum sa\u011flar. Giri\u015f kap\u0131lar\u0131 i\u00e7in ideal olan bu kilit, kolay kurulum \u00f6zelli\u011fiyle kullan\u0131c\u0131ya pratiklik sunar. 1-3\/8\u201d ile 1-3\/4\u201d aras\u0131ndaki kap\u0131 kal\u0131nl\u0131klar\u0131na uyumlu olup, farkl\u0131 kap\u0131 tipleriyle kullan\u0131labilir. \u0130ki kademeli ayarlanabilir c\u0131vata sistemi, g\u00fcvenlik ve kullan\u0131m kolayl\u0131\u011f\u0131 sa\u011flar. \u00dcr\u00fcnle birlikte \u00fc\u00e7 anahtar teslim edilmektedir. Hem estetik hem de g\u00fcvenlik a\u00e7\u0131s\u0131ndan beklentileri kar\u015f\u0131layan bu topuzlu kap\u0131 kilidi, evinizin vazge\u00e7ilmez par\u00e7alar\u0131ndan biri olacakt\u0131r.<\/p>\n","protected":false},"excerpt":{"rendered":"<p>Evinizin g\u00fcvenli\u011fini garanti alt\u0131na almak i\u00e7in tasarlanan topuzlu kap\u0131 kilidi, estetik ve dayan\u0131kl\u0131l\u0131\u011f\u0131 bir arada sunar. Paslanmaz \u00e7elik g\u00f6vdesiyle d\u0131\u015f etkenlere kar\u015f\u0131 diren\u00e7lidir ve uzun s\u00fcreli kullan\u0131mda sorunsuz performans sergiler. Mat y\u00fczeyi modern ev dekorasyonlar\u0131yla kusursuz uyum sa\u011flar. Giri\u015f kap\u0131lar\u0131 i\u00e7in ideal olan bu kilit, kolay kurulum \u00f6zelli\u011fiyle kullan\u0131c\u0131ya pratiklik sunar. 1-3\/8\u201d ile 1-3\/4\u201d aras\u0131ndaki&#8230;<\/p>\n","protected":false},"featured_media":115405,"comment_status":"open","ping_status":"closed","template":"","meta":{"_kad_post_transparent":"","_kad_post_title":"","_kad_post_layout":"","_kad_post_sidebar_id":"","_kad_post_content_style":"","_kad_post_vertical_padding":"","_kad_post_feature":"","_kad_post_feature_position":"","_kad_post_header":false,"_kad_post_footer":false,"_kad_post_classname":""},"product_brand":[],"product_cat":[15072],"product_tag":[],"class_list":{"0":"post-115406","1":"product","2":"type-product","3":"status-publish","4":"has-post-thumbnail","6":"product_cat-kapi-kilit-kapi-kilit","8":"first","9":"instock","10":"purchasable","11":"product-type-simple","12":"entry","13":"content-bg","14":"loop-entry"},"_links":{"self":[{"href":"https:\/\/www.hediyepazar.com\/index.php?rest_route=\/wp\/v2\/product\/115406","targetHints":{"allow":["GET"]}}],"collection":[{"href":"https:\/\/www.hediyepazar.com\/index.php?rest_route=\/wp\/v2\/product"}],"about":[{"href":"https:\/\/www.hediyepazar.com\/index.php?rest_route=\/wp\/v2\/types\/product"}],"replies":[{"embeddable":true,"href":"https:\/\/www.hediyepazar.com\/index.php?rest_route=%2Fwp%2Fv2%2Fcomments&post=115406"}],"wp:featuredmedia":[{"embeddable":true,"href":"https:\/\/www.hediyepazar.com\/index.php?rest_route=\/wp\/v2\/media\/115405"}],"wp:attachment":[{"href":"https:\/\/www.hediyepazar.com\/index.php?rest_route=%2Fwp%2Fv2%2Fmedia&parent=115406"}],"wp:term":[{"taxonomy":"product_brand","embeddable":true,"href":"https:\/\/www.hediyepazar.com\/index.php?rest_route=%2Fwp%2Fv2%2Fproduct_brand&post=115406"},{"taxonomy":"product_cat","embeddable":true,"href":"https:\/\/www.hediyepazar.com\/index.php?rest_route=%2Fwp%2Fv2%2Fproduct_cat&post=115406"},{"taxonomy":"product_tag","embeddable":true,"href":"https:\/\/www.hediyepazar.com\/index.php?rest_route=%2Fwp%2Fv2%2Fproduct_tag&post=115406"}],"curies":[{"name":"wp","href":"https:\/\/api.w.org\/{rel}","templated":true}]}}