{"id":115408,"date":"2026-05-05T14:51:45","date_gmt":"2026-05-05T17:51:45","guid":{"rendered":"https:\/\/www.hediyepazar.com\/?product=estetik-guvenli-topuzlu-kapi-kilidi"},"modified":"2026-05-05T14:51:45","modified_gmt":"2026-05-05T17:51:45","slug":"estetik-guvenli-topuzlu-kapi-kilidi","status":"publish","type":"product","link":"https:\/\/www.hediyepazar.com\/?product=estetik-guvenli-topuzlu-kapi-kilidi","title":{"rendered":"Estetik G\u00fcvenli Topuzlu Kap\u0131 Kilidi"},"content":{"rendered":"<p>Giri\u015f tipi topuzlu kap\u0131 kilidi, g\u00fcvenli\u011fi \u00f6n planda tutanlar\u0131n ilk tercihlerinden biridir. Mat y\u00fczeyi ile dekoratif a\u00e7\u0131dan da modern bir g\u00f6r\u00fcn\u00fcm sa\u011flayan bu kilit, dayan\u0131kl\u0131 \u00e7elik g\u00f6vdesiyle uzun y\u0131llar boyunca kullan\u0131labilir. Kolay montaj imk\u00e2n\u0131 sunar; kap\u0131 delikleri haz\u0131r olan y\u00fczeylerde sadece tornavida yard\u0131m\u0131yla tak\u0131labilir. 53-70 mm kal\u0131nl\u0131\u011f\u0131ndaki kap\u0131lara uygun yap\u0131s\u0131yla farkl\u0131 kap\u0131 tiplerine entegre edilebilir. \u0130ki ayar se\u00e7ene\u011fi sunan c\u0131vata mandal\u0131, kullan\u0131c\u0131ya pratiklik sa\u011flar. Hem ev hem ofis kap\u0131lar\u0131nda g\u00fcvenle tercih edilebilir. \u00dcr\u00fcnle birlikte \u00fc\u00e7 adet anahtar verilmektedir. Kullan\u0131c\u0131 dostu tasar\u0131m\u0131, sa\u011flam yap\u0131s\u0131 ve estetik g\u00f6r\u00fcn\u00fcm\u00fc sayesinde bu topuz kilit, g\u00fcvenli\u011finizi bir \u00fcst seviyeye ta\u015f\u0131r.<\/p>\n","protected":false},"excerpt":{"rendered":"<p>Giri\u015f tipi topuzlu kap\u0131 kilidi, g\u00fcvenli\u011fi \u00f6n planda tutanlar\u0131n ilk tercihlerinden biridir. Mat y\u00fczeyi ile dekoratif a\u00e7\u0131dan da modern bir g\u00f6r\u00fcn\u00fcm sa\u011flayan bu kilit, dayan\u0131kl\u0131 \u00e7elik g\u00f6vdesiyle uzun y\u0131llar boyunca kullan\u0131labilir. Kolay montaj imk\u00e2n\u0131 sunar; kap\u0131 delikleri haz\u0131r olan y\u00fczeylerde sadece tornavida yard\u0131m\u0131yla tak\u0131labilir. 53-70 mm kal\u0131nl\u0131\u011f\u0131ndaki kap\u0131lara uygun yap\u0131s\u0131yla farkl\u0131 kap\u0131 tiplerine entegre edilebilir&#8230;.<\/p>\n","protected":false},"featured_media":115407,"comment_status":"open","ping_status":"closed","template":"","meta":{"_kad_post_transparent":"","_kad_post_title":"","_kad_post_layout":"","_kad_post_sidebar_id":"","_kad_post_content_style":"","_kad_post_vertical_padding":"","_kad_post_feature":"","_kad_post_feature_position":"","_kad_post_header":false,"_kad_post_footer":false,"_kad_post_classname":""},"product_brand":[],"product_cat":[15072],"product_tag":[],"class_list":{"0":"post-115408","1":"product","2":"type-product","3":"status-publish","4":"has-post-thumbnail","6":"product_cat-kapi-kilit-kapi-kilit","8":"first","9":"instock","10":"purchasable","11":"product-type-simple","12":"entry","13":"content-bg","14":"loop-entry"},"_links":{"self":[{"href":"https:\/\/www.hediyepazar.com\/index.php?rest_route=\/wp\/v2\/product\/115408","targetHints":{"allow":["GET"]}}],"collection":[{"href":"https:\/\/www.hediyepazar.com\/index.php?rest_route=\/wp\/v2\/product"}],"about":[{"href":"https:\/\/www.hediyepazar.com\/index.php?rest_route=\/wp\/v2\/types\/product"}],"replies":[{"embeddable":true,"href":"https:\/\/www.hediyepazar.com\/index.php?rest_route=%2Fwp%2Fv2%2Fcomments&post=115408"}],"wp:featuredmedia":[{"embeddable":true,"href":"https:\/\/www.hediyepazar.com\/index.php?rest_route=\/wp\/v2\/media\/115407"}],"wp:attachment":[{"href":"https:\/\/www.hediyepazar.com\/index.php?rest_route=%2Fwp%2Fv2%2Fmedia&parent=115408"}],"wp:term":[{"taxonomy":"product_brand","embeddable":true,"href":"https:\/\/www.hediyepazar.com\/index.php?rest_route=%2Fwp%2Fv2%2Fproduct_brand&post=115408"},{"taxonomy":"product_cat","embeddable":true,"href":"https:\/\/www.hediyepazar.com\/index.php?rest_route=%2Fwp%2Fv2%2Fproduct_cat&post=115408"},{"taxonomy":"product_tag","embeddable":true,"href":"https:\/\/www.hediyepazar.com\/index.php?rest_route=%2Fwp%2Fv2%2Fproduct_tag&post=115408"}],"curies":[{"name":"wp","href":"https:\/\/api.w.org\/{rel}","templated":true}]}}