{"id":115414,"date":"2026-05-05T14:52:03","date_gmt":"2026-05-05T17:52:03","guid":{"rendered":"https:\/\/www.hediyepazar.com\/?product=mat-renk-topuzlu-kapi-kilidi-giris-tipi"},"modified":"2026-05-05T14:52:03","modified_gmt":"2026-05-05T17:52:03","slug":"mat-renk-topuzlu-kapi-kilidi-giris-tipi","status":"publish","type":"product","link":"https:\/\/www.hediyepazar.com\/?product=mat-renk-topuzlu-kapi-kilidi-giris-tipi","title":{"rendered":"Mat Renk Topuzlu Kap\u0131 Kilidi \u2013 Giri\u015f Tipi"},"content":{"rendered":"<p>Topuzlu kap\u0131 kilidi, evinizin g\u00fcvenli\u011fini art\u0131rmak i\u00e7in \u00f6zel olarak tasarlanm\u0131\u015ft\u0131r. Dayan\u0131kl\u0131 paslanmaz \u00e7elik malzemeden \u00fcretilen bu kilit, uzun y\u0131llar boyunca sorunsuz kullan\u0131m imk\u00e2n\u0131 sunar. Mat y\u00fczeyi, modern dekorasyonlarla uyum sa\u011flayarak estetik bir g\u00f6r\u00fcn\u00fcm kazand\u0131r\u0131r. Kolay montaj \u00f6zelli\u011fi sayesinde, delikleri haz\u0131r olan kap\u0131lara yaln\u0131zca tornavida yard\u0131m\u0131yla k\u0131sa s\u00fcrede tak\u0131labilir. Giri\u015f tipi olarak tasarlanan bu kilit, i\u00e7 ve d\u0131\u015f kap\u0131larda g\u00fcvenle kullan\u0131labilir. 1-3\/8\u201d ile 1-3\/4\u201d aras\u0131ndaki t\u00fcm kap\u0131 kal\u0131nl\u0131klar\u0131na uygun yap\u0131s\u0131 sayesinde farkl\u0131 kap\u0131 tipleriyle uyumludur. Ayr\u0131ca ayarlanabilir 2-3\/8\u201d ve 2-3\/4\u201d c\u0131vata mandal\u0131, pratik kullan\u0131m sa\u011flar. \u00dcr\u00fcn, \u00fc\u00e7 adet anahtar\u0131yla birlikte g\u00f6nderilmektedir. Hem \u015f\u0131kl\u0131k hem de g\u00fcvenlik arayanlar i\u00e7in ideal bir \u00e7\u00f6z\u00fcmd\u00fcr.<\/p>\n","protected":false},"excerpt":{"rendered":"<p>Topuzlu kap\u0131 kilidi, evinizin g\u00fcvenli\u011fini art\u0131rmak i\u00e7in \u00f6zel olarak tasarlanm\u0131\u015ft\u0131r. Dayan\u0131kl\u0131 paslanmaz \u00e7elik malzemeden \u00fcretilen bu kilit, uzun y\u0131llar boyunca sorunsuz kullan\u0131m imk\u00e2n\u0131 sunar. Mat y\u00fczeyi, modern dekorasyonlarla uyum sa\u011flayarak estetik bir g\u00f6r\u00fcn\u00fcm kazand\u0131r\u0131r. Kolay montaj \u00f6zelli\u011fi sayesinde, delikleri haz\u0131r olan kap\u0131lara yaln\u0131zca tornavida yard\u0131m\u0131yla k\u0131sa s\u00fcrede tak\u0131labilir. Giri\u015f tipi olarak tasarlanan bu kilit, i\u00e7&#8230;<\/p>\n","protected":false},"featured_media":115413,"comment_status":"open","ping_status":"closed","template":"","meta":{"_kad_post_transparent":"","_kad_post_title":"","_kad_post_layout":"","_kad_post_sidebar_id":"","_kad_post_content_style":"","_kad_post_vertical_padding":"","_kad_post_feature":"","_kad_post_feature_position":"","_kad_post_header":false,"_kad_post_footer":false,"_kad_post_classname":""},"product_brand":[],"product_cat":[15072],"product_tag":[],"class_list":{"0":"post-115414","1":"product","2":"type-product","3":"status-publish","4":"has-post-thumbnail","6":"product_cat-kapi-kilit-kapi-kilit","8":"first","9":"instock","10":"purchasable","11":"product-type-simple","12":"entry","13":"content-bg","14":"loop-entry"},"_links":{"self":[{"href":"https:\/\/www.hediyepazar.com\/index.php?rest_route=\/wp\/v2\/product\/115414","targetHints":{"allow":["GET"]}}],"collection":[{"href":"https:\/\/www.hediyepazar.com\/index.php?rest_route=\/wp\/v2\/product"}],"about":[{"href":"https:\/\/www.hediyepazar.com\/index.php?rest_route=\/wp\/v2\/types\/product"}],"replies":[{"embeddable":true,"href":"https:\/\/www.hediyepazar.com\/index.php?rest_route=%2Fwp%2Fv2%2Fcomments&post=115414"}],"wp:featuredmedia":[{"embeddable":true,"href":"https:\/\/www.hediyepazar.com\/index.php?rest_route=\/wp\/v2\/media\/115413"}],"wp:attachment":[{"href":"https:\/\/www.hediyepazar.com\/index.php?rest_route=%2Fwp%2Fv2%2Fmedia&parent=115414"}],"wp:term":[{"taxonomy":"product_brand","embeddable":true,"href":"https:\/\/www.hediyepazar.com\/index.php?rest_route=%2Fwp%2Fv2%2Fproduct_brand&post=115414"},{"taxonomy":"product_cat","embeddable":true,"href":"https:\/\/www.hediyepazar.com\/index.php?rest_route=%2Fwp%2Fv2%2Fproduct_cat&post=115414"},{"taxonomy":"product_tag","embeddable":true,"href":"https:\/\/www.hediyepazar.com\/index.php?rest_route=%2Fwp%2Fv2%2Fproduct_tag&post=115414"}],"curies":[{"name":"wp","href":"https:\/\/api.w.org\/{rel}","templated":true}]}}