{"id":115416,"date":"2026-05-05T14:52:08","date_gmt":"2026-05-05T17:52:08","guid":{"rendered":"https:\/\/www.hediyepazar.com\/?product=kolay-montajli-3-modlu-yuksek-basinc-dus-basligi"},"modified":"2026-05-05T14:52:08","modified_gmt":"2026-05-05T17:52:08","slug":"kolay-montajli-3-modlu-yuksek-basinc-dus-basligi","status":"publish","type":"product","link":"https:\/\/www.hediyepazar.com\/?product=kolay-montajli-3-modlu-yuksek-basinc-dus-basligi","title":{"rendered":"Kolay Montajl\u0131 3 Modlu Y\u00fcksek Bas\u0131n\u00e7 Du\u015f Ba\u015fl\u0131\u011f\u0131"},"content":{"rendered":"<p>Hem estetik hem de i\u015flevsel tasar\u0131m\u0131yla \u00f6ne \u00e7\u0131kan bu du\u015f ba\u015fl\u0131\u011f\u0131, g\u00fcnl\u00fck du\u015f rutininizi keyifli bir spa deneyimine d\u00f6n\u00fc\u015ft\u00fcr\u00fcr. Dayan\u0131kl\u0131, kolay kurulabilir ve \u00e7ok i\u015flevli yap\u0131s\u0131yla uzun y\u0131llar g\u00fcvenle kullanabilirsiniz.<\/p>\n","protected":false},"excerpt":{"rendered":"<p>Hem estetik hem de i\u015flevsel tasar\u0131m\u0131yla \u00f6ne \u00e7\u0131kan bu du\u015f ba\u015fl\u0131\u011f\u0131, g\u00fcnl\u00fck du\u015f rutininizi keyifli bir spa deneyimine d\u00f6n\u00fc\u015ft\u00fcr\u00fcr. Dayan\u0131kl\u0131, kolay kurulabilir ve \u00e7ok i\u015flevli yap\u0131s\u0131yla uzun y\u0131llar g\u00fcvenle kullanabilirsiniz.<\/p>\n","protected":false},"featured_media":115415,"comment_status":"open","ping_status":"closed","template":"","meta":{"_kad_post_transparent":"","_kad_post_title":"","_kad_post_layout":"","_kad_post_sidebar_id":"","_kad_post_content_style":"","_kad_post_vertical_padding":"","_kad_post_feature":"","_kad_post_feature_position":"","_kad_post_header":false,"_kad_post_footer":false,"_kad_post_classname":""},"product_brand":[],"product_cat":[14915],"product_tag":[],"class_list":{"0":"post-115416","1":"product","2":"type-product","3":"status-publish","4":"has-post-thumbnail","6":"product_cat-dus-basligi-dus-basligi","8":"first","9":"instock","10":"purchasable","11":"product-type-simple","12":"entry","13":"content-bg","14":"loop-entry"},"_links":{"self":[{"href":"https:\/\/www.hediyepazar.com\/index.php?rest_route=\/wp\/v2\/product\/115416","targetHints":{"allow":["GET"]}}],"collection":[{"href":"https:\/\/www.hediyepazar.com\/index.php?rest_route=\/wp\/v2\/product"}],"about":[{"href":"https:\/\/www.hediyepazar.com\/index.php?rest_route=\/wp\/v2\/types\/product"}],"replies":[{"embeddable":true,"href":"https:\/\/www.hediyepazar.com\/index.php?rest_route=%2Fwp%2Fv2%2Fcomments&post=115416"}],"wp:featuredmedia":[{"embeddable":true,"href":"https:\/\/www.hediyepazar.com\/index.php?rest_route=\/wp\/v2\/media\/115415"}],"wp:attachment":[{"href":"https:\/\/www.hediyepazar.com\/index.php?rest_route=%2Fwp%2Fv2%2Fmedia&parent=115416"}],"wp:term":[{"taxonomy":"product_brand","embeddable":true,"href":"https:\/\/www.hediyepazar.com\/index.php?rest_route=%2Fwp%2Fv2%2Fproduct_brand&post=115416"},{"taxonomy":"product_cat","embeddable":true,"href":"https:\/\/www.hediyepazar.com\/index.php?rest_route=%2Fwp%2Fv2%2Fproduct_cat&post=115416"},{"taxonomy":"product_tag","embeddable":true,"href":"https:\/\/www.hediyepazar.com\/index.php?rest_route=%2Fwp%2Fv2%2Fproduct_tag&post=115416"}],"curies":[{"name":"wp","href":"https:\/\/api.w.org\/{rel}","templated":true}]}}