{"id":115418,"date":"2026-05-05T14:52:13","date_gmt":"2026-05-05T17:52:13","guid":{"rendered":"https:\/\/www.hediyepazar.com\/?product=su-basincini-artiran-sizdirmaz-dus-basligi"},"modified":"2026-05-05T14:52:13","modified_gmt":"2026-05-05T17:52:13","slug":"su-basincini-artiran-sizdirmaz-dus-basligi","status":"publish","type":"product","link":"https:\/\/www.hediyepazar.com\/?product=su-basincini-artiran-sizdirmaz-dus-basligi","title":{"rendered":"Su Bas\u0131nc\u0131n\u0131 Art\u0131ran S\u0131zd\u0131rmaz Du\u015f Ba\u015fl\u0131\u011f\u0131"},"content":{"rendered":"<p>Su tasarrufu sa\u011flayan \u00f6zel filtresi, hem \u00e7evre dostu hem de ekonomik bir kullan\u0131m sunar. Y\u00fcksek bas\u0131n\u00e7l\u0131 su ak\u0131\u015f\u0131 sayesinde daha az su ile daha etkili temizlik sa\u011flar. Bu \u00f6zellik, \u00f6zellikle d\u00fc\u015f\u00fck bas\u0131n\u00e7l\u0131 evlerde du\u015f keyfini maksimuma \u00e7\u0131kar\u0131r.<\/p>\n","protected":false},"excerpt":{"rendered":"<p>Su tasarrufu sa\u011flayan \u00f6zel filtresi, hem \u00e7evre dostu hem de ekonomik bir kullan\u0131m sunar. Y\u00fcksek bas\u0131n\u00e7l\u0131 su ak\u0131\u015f\u0131 sayesinde daha az su ile daha etkili temizlik sa\u011flar. Bu \u00f6zellik, \u00f6zellikle d\u00fc\u015f\u00fck bas\u0131n\u00e7l\u0131 evlerde du\u015f keyfini maksimuma \u00e7\u0131kar\u0131r.<\/p>\n","protected":false},"featured_media":115417,"comment_status":"open","ping_status":"closed","template":"","meta":{"_kad_post_transparent":"","_kad_post_title":"","_kad_post_layout":"","_kad_post_sidebar_id":"","_kad_post_content_style":"","_kad_post_vertical_padding":"","_kad_post_feature":"","_kad_post_feature_position":"","_kad_post_header":false,"_kad_post_footer":false,"_kad_post_classname":""},"product_brand":[],"product_cat":[14915],"product_tag":[],"class_list":{"0":"post-115418","1":"product","2":"type-product","3":"status-publish","4":"has-post-thumbnail","6":"product_cat-dus-basligi-dus-basligi","8":"first","9":"instock","10":"purchasable","11":"product-type-simple","12":"entry","13":"content-bg","14":"loop-entry"},"_links":{"self":[{"href":"https:\/\/www.hediyepazar.com\/index.php?rest_route=\/wp\/v2\/product\/115418","targetHints":{"allow":["GET"]}}],"collection":[{"href":"https:\/\/www.hediyepazar.com\/index.php?rest_route=\/wp\/v2\/product"}],"about":[{"href":"https:\/\/www.hediyepazar.com\/index.php?rest_route=\/wp\/v2\/types\/product"}],"replies":[{"embeddable":true,"href":"https:\/\/www.hediyepazar.com\/index.php?rest_route=%2Fwp%2Fv2%2Fcomments&post=115418"}],"wp:featuredmedia":[{"embeddable":true,"href":"https:\/\/www.hediyepazar.com\/index.php?rest_route=\/wp\/v2\/media\/115417"}],"wp:attachment":[{"href":"https:\/\/www.hediyepazar.com\/index.php?rest_route=%2Fwp%2Fv2%2Fmedia&parent=115418"}],"wp:term":[{"taxonomy":"product_brand","embeddable":true,"href":"https:\/\/www.hediyepazar.com\/index.php?rest_route=%2Fwp%2Fv2%2Fproduct_brand&post=115418"},{"taxonomy":"product_cat","embeddable":true,"href":"https:\/\/www.hediyepazar.com\/index.php?rest_route=%2Fwp%2Fv2%2Fproduct_cat&post=115418"},{"taxonomy":"product_tag","embeddable":true,"href":"https:\/\/www.hediyepazar.com\/index.php?rest_route=%2Fwp%2Fv2%2Fproduct_tag&post=115418"}],"curies":[{"name":"wp","href":"https:\/\/api.w.org\/{rel}","templated":true}]}}