{"id":115420,"date":"2026-05-05T14:52:18","date_gmt":"2026-05-05T17:52:18","guid":{"rendered":"https:\/\/www.hediyepazar.com\/?product=selale-sisi-ve-masaj-ozellikli-banyo-dus-basligi"},"modified":"2026-05-05T14:52:18","modified_gmt":"2026-05-05T17:52:18","slug":"selale-sisi-ve-masaj-ozellikli-banyo-dus-basligi","status":"publish","type":"product","link":"https:\/\/www.hediyepazar.com\/?product=selale-sisi-ve-masaj-ozellikli-banyo-dus-basligi","title":{"rendered":"\u015eelale Sisi ve Masaj \u00d6zellikli Banyo Du\u015f Ba\u015fl\u0131\u011f\u0131"},"content":{"rendered":"<p>Bu du\u015f ba\u015fl\u0131\u011f\u0131, sadece temizlik de\u011fil, ayn\u0131 zamanda rahatlat\u0131c\u0131 bir masaj etkisi de sunar. G\u00fc\u00e7l\u00fc su ak\u0131\u015f\u0131 ile kaslar\u0131n\u0131z\u0131 gev\u015fetir, \u015felale sisi modu ise ferahlat\u0131c\u0131 bir spa deneyimi sa\u011flar. Ya\u011fmur du\u015fu modu ile g\u00fcn\u00fcn yorgunlu\u011funu \u00fczerinizden atabilirsiniz.<\/p>\n","protected":false},"excerpt":{"rendered":"<p>Bu du\u015f ba\u015fl\u0131\u011f\u0131, sadece temizlik de\u011fil, ayn\u0131 zamanda rahatlat\u0131c\u0131 bir masaj etkisi de sunar. G\u00fc\u00e7l\u00fc su ak\u0131\u015f\u0131 ile kaslar\u0131n\u0131z\u0131 gev\u015fetir, \u015felale sisi modu ise ferahlat\u0131c\u0131 bir spa deneyimi sa\u011flar. Ya\u011fmur du\u015fu modu ile g\u00fcn\u00fcn yorgunlu\u011funu \u00fczerinizden atabilirsiniz.<\/p>\n","protected":false},"featured_media":115419,"comment_status":"open","ping_status":"closed","template":"","meta":{"_kad_post_transparent":"","_kad_post_title":"","_kad_post_layout":"","_kad_post_sidebar_id":"","_kad_post_content_style":"","_kad_post_vertical_padding":"","_kad_post_feature":"","_kad_post_feature_position":"","_kad_post_header":false,"_kad_post_footer":false,"_kad_post_classname":""},"product_brand":[],"product_cat":[14915],"product_tag":[],"class_list":{"0":"post-115420","1":"product","2":"type-product","3":"status-publish","4":"has-post-thumbnail","6":"product_cat-dus-basligi-dus-basligi","8":"first","9":"instock","10":"purchasable","11":"product-type-simple","12":"entry","13":"content-bg","14":"loop-entry"},"_links":{"self":[{"href":"https:\/\/www.hediyepazar.com\/index.php?rest_route=\/wp\/v2\/product\/115420","targetHints":{"allow":["GET"]}}],"collection":[{"href":"https:\/\/www.hediyepazar.com\/index.php?rest_route=\/wp\/v2\/product"}],"about":[{"href":"https:\/\/www.hediyepazar.com\/index.php?rest_route=\/wp\/v2\/types\/product"}],"replies":[{"embeddable":true,"href":"https:\/\/www.hediyepazar.com\/index.php?rest_route=%2Fwp%2Fv2%2Fcomments&post=115420"}],"wp:featuredmedia":[{"embeddable":true,"href":"https:\/\/www.hediyepazar.com\/index.php?rest_route=\/wp\/v2\/media\/115419"}],"wp:attachment":[{"href":"https:\/\/www.hediyepazar.com\/index.php?rest_route=%2Fwp%2Fv2%2Fmedia&parent=115420"}],"wp:term":[{"taxonomy":"product_brand","embeddable":true,"href":"https:\/\/www.hediyepazar.com\/index.php?rest_route=%2Fwp%2Fv2%2Fproduct_brand&post=115420"},{"taxonomy":"product_cat","embeddable":true,"href":"https:\/\/www.hediyepazar.com\/index.php?rest_route=%2Fwp%2Fv2%2Fproduct_cat&post=115420"},{"taxonomy":"product_tag","embeddable":true,"href":"https:\/\/www.hediyepazar.com\/index.php?rest_route=%2Fwp%2Fv2%2Fproduct_tag&post=115420"}],"curies":[{"name":"wp","href":"https:\/\/api.w.org\/{rel}","templated":true}]}}