{"id":115424,"date":"2026-05-05T14:53:02","date_gmt":"2026-05-05T17:53:02","guid":{"rendered":"https:\/\/www.hediyepazar.com\/?product=masaj-ve-yagmur-modlu-su-tasarruflu-dus-basligi"},"modified":"2026-05-05T14:53:02","modified_gmt":"2026-05-05T17:53:02","slug":"masaj-ve-yagmur-modlu-su-tasarruflu-dus-basligi","status":"publish","type":"product","link":"https:\/\/www.hediyepazar.com\/?product=masaj-ve-yagmur-modlu-su-tasarruflu-dus-basligi","title":{"rendered":"Masaj ve Ya\u011fmur Modlu Su Tasarruflu Du\u015f Ba\u015fl\u0131\u011f\u0131"},"content":{"rendered":"<p>360\u00b0 sa\u011fa ve sola, 60\u00b0 yukar\u0131 ve a\u015fa\u011f\u0131 ayarlanabilen esnek ba\u015fl\u0131k tasar\u0131m\u0131, du\u015f deneyiminizi ki\u015fiselle\u015ftirmenizi sa\u011flar. B\u00f6ylece suyun y\u00f6n\u00fcn\u00fc rahatl\u0131kla de\u011fi\u015ftirebilir, en uygun a\u00e7\u0131yla du\u015f alabilirsiniz. Sa\u011flam metal hortum somunlar\u0131 ve \u00f6zel contalar sayesinde s\u0131zd\u0131rmazl\u0131k garantisi sunar.<\/p>\n","protected":false},"excerpt":{"rendered":"<p>360\u00b0 sa\u011fa ve sola, 60\u00b0 yukar\u0131 ve a\u015fa\u011f\u0131 ayarlanabilen esnek ba\u015fl\u0131k tasar\u0131m\u0131, du\u015f deneyiminizi ki\u015fiselle\u015ftirmenizi sa\u011flar. B\u00f6ylece suyun y\u00f6n\u00fcn\u00fc rahatl\u0131kla de\u011fi\u015ftirebilir, en uygun a\u00e7\u0131yla du\u015f alabilirsiniz. Sa\u011flam metal hortum somunlar\u0131 ve \u00f6zel contalar sayesinde s\u0131zd\u0131rmazl\u0131k garantisi sunar.<\/p>\n","protected":false},"featured_media":115423,"comment_status":"open","ping_status":"closed","template":"","meta":{"_kad_post_transparent":"","_kad_post_title":"","_kad_post_layout":"","_kad_post_sidebar_id":"","_kad_post_content_style":"","_kad_post_vertical_padding":"","_kad_post_feature":"","_kad_post_feature_position":"","_kad_post_header":false,"_kad_post_footer":false,"_kad_post_classname":""},"product_brand":[],"product_cat":[14915],"product_tag":[],"class_list":{"0":"post-115424","1":"product","2":"type-product","3":"status-publish","4":"has-post-thumbnail","6":"product_cat-dus-basligi-dus-basligi","8":"first","9":"instock","10":"purchasable","11":"product-type-simple","12":"entry","13":"content-bg","14":"loop-entry"},"_links":{"self":[{"href":"https:\/\/www.hediyepazar.com\/index.php?rest_route=\/wp\/v2\/product\/115424","targetHints":{"allow":["GET"]}}],"collection":[{"href":"https:\/\/www.hediyepazar.com\/index.php?rest_route=\/wp\/v2\/product"}],"about":[{"href":"https:\/\/www.hediyepazar.com\/index.php?rest_route=\/wp\/v2\/types\/product"}],"replies":[{"embeddable":true,"href":"https:\/\/www.hediyepazar.com\/index.php?rest_route=%2Fwp%2Fv2%2Fcomments&post=115424"}],"wp:featuredmedia":[{"embeddable":true,"href":"https:\/\/www.hediyepazar.com\/index.php?rest_route=\/wp\/v2\/media\/115423"}],"wp:attachment":[{"href":"https:\/\/www.hediyepazar.com\/index.php?rest_route=%2Fwp%2Fv2%2Fmedia&parent=115424"}],"wp:term":[{"taxonomy":"product_brand","embeddable":true,"href":"https:\/\/www.hediyepazar.com\/index.php?rest_route=%2Fwp%2Fv2%2Fproduct_brand&post=115424"},{"taxonomy":"product_cat","embeddable":true,"href":"https:\/\/www.hediyepazar.com\/index.php?rest_route=%2Fwp%2Fv2%2Fproduct_cat&post=115424"},{"taxonomy":"product_tag","embeddable":true,"href":"https:\/\/www.hediyepazar.com\/index.php?rest_route=%2Fwp%2Fv2%2Fproduct_tag&post=115424"}],"curies":[{"name":"wp","href":"https:\/\/api.w.org\/{rel}","templated":true}]}}