{"id":115432,"date":"2026-05-05T14:53:20","date_gmt":"2026-05-05T17:53:20","guid":{"rendered":"https:\/\/www.hediyepazar.com\/?product=oyun-performansi-icin-profesyonel-telefon-sogutucu"},"modified":"2026-05-05T14:53:20","modified_gmt":"2026-05-05T17:53:20","slug":"oyun-performansi-icin-profesyonel-telefon-sogutucu","status":"publish","type":"product","link":"https:\/\/www.hediyepazar.com\/?product=oyun-performansi-icin-profesyonel-telefon-sogutucu","title":{"rendered":"Oyun Performans\u0131 \u0130\u00e7in Profesyonel Telefon So\u011futucu"},"content":{"rendered":"<p>Uzun oyun maratonlar\u0131nda veya s\u0131cak yaz g\u00fcnlerinde telefonunuzun performans\u0131n\u0131 korumak i\u00e7in tasarlanan bu telefon so\u011futucu, g\u00fc\u00e7l\u00fc yar\u0131 iletken \u00e7ip teknolojisi ile cihaz\u0131n\u0131z\u0131 h\u0131zl\u0131ca so\u011futur. Pil t\u00fcketimini azaltarak daha verimli kullan\u0131m sa\u011flar. Evrensel yap\u0131s\u0131 ile farkl\u0131 boyutlardaki telefonlarla uyumludur. Klipsli tasar\u0131m\u0131 sayesinde telefonunuza zarar vermeden s\u0131k\u0131ca tutar. Dijital ekran\u0131, fan h\u0131z\u0131n\u0131 kolayca takip etmenizi sa\u011flar. \u0130ki farkl\u0131 h\u0131z se\u00e7ene\u011fi ile ki\u015fisel ihtiya\u00e7lar\u0131n\u0131za g\u00f6re ayarlama yapabilirsiniz. Hafif ve ergonomik tasar\u0131m\u0131 sayesinde her yere kolayca ta\u015f\u0131nabilir. Type-C kablosu ile h\u0131zl\u0131 \u015farj edilebilir.<\/p>\n","protected":false},"excerpt":{"rendered":"<p>Uzun oyun maratonlar\u0131nda veya s\u0131cak yaz g\u00fcnlerinde telefonunuzun performans\u0131n\u0131 korumak i\u00e7in tasarlanan bu telefon so\u011futucu, g\u00fc\u00e7l\u00fc yar\u0131 iletken \u00e7ip teknolojisi ile cihaz\u0131n\u0131z\u0131 h\u0131zl\u0131ca so\u011futur. Pil t\u00fcketimini azaltarak daha verimli kullan\u0131m sa\u011flar. Evrensel yap\u0131s\u0131 ile farkl\u0131 boyutlardaki telefonlarla uyumludur. Klipsli tasar\u0131m\u0131 sayesinde telefonunuza zarar vermeden s\u0131k\u0131ca tutar. Dijital ekran\u0131, fan h\u0131z\u0131n\u0131 kolayca takip etmenizi sa\u011flar. \u0130ki&#8230;<\/p>\n","protected":false},"featured_media":115431,"comment_status":"open","ping_status":"closed","template":"","meta":{"_kad_post_transparent":"","_kad_post_title":"","_kad_post_layout":"","_kad_post_sidebar_id":"","_kad_post_content_style":"","_kad_post_vertical_padding":"","_kad_post_feature":"","_kad_post_feature_position":"","_kad_post_header":false,"_kad_post_footer":false,"_kad_post_classname":""},"product_brand":[],"product_cat":[14991],"product_tag":[],"class_list":{"0":"post-115432","1":"product","2":"type-product","3":"status-publish","4":"has-post-thumbnail","6":"product_cat-mobil-oyun-aksesuar-mobil-oyun-aksesuar","8":"first","9":"instock","10":"purchasable","11":"product-type-simple","12":"entry","13":"content-bg","14":"loop-entry"},"_links":{"self":[{"href":"https:\/\/www.hediyepazar.com\/index.php?rest_route=\/wp\/v2\/product\/115432","targetHints":{"allow":["GET"]}}],"collection":[{"href":"https:\/\/www.hediyepazar.com\/index.php?rest_route=\/wp\/v2\/product"}],"about":[{"href":"https:\/\/www.hediyepazar.com\/index.php?rest_route=\/wp\/v2\/types\/product"}],"replies":[{"embeddable":true,"href":"https:\/\/www.hediyepazar.com\/index.php?rest_route=%2Fwp%2Fv2%2Fcomments&post=115432"}],"wp:featuredmedia":[{"embeddable":true,"href":"https:\/\/www.hediyepazar.com\/index.php?rest_route=\/wp\/v2\/media\/115431"}],"wp:attachment":[{"href":"https:\/\/www.hediyepazar.com\/index.php?rest_route=%2Fwp%2Fv2%2Fmedia&parent=115432"}],"wp:term":[{"taxonomy":"product_brand","embeddable":true,"href":"https:\/\/www.hediyepazar.com\/index.php?rest_route=%2Fwp%2Fv2%2Fproduct_brand&post=115432"},{"taxonomy":"product_cat","embeddable":true,"href":"https:\/\/www.hediyepazar.com\/index.php?rest_route=%2Fwp%2Fv2%2Fproduct_cat&post=115432"},{"taxonomy":"product_tag","embeddable":true,"href":"https:\/\/www.hediyepazar.com\/index.php?rest_route=%2Fwp%2Fv2%2Fproduct_tag&post=115432"}],"curies":[{"name":"wp","href":"https:\/\/api.w.org\/{rel}","templated":true}]}}