{"id":115434,"date":"2026-05-05T14:53:59","date_gmt":"2026-05-05T17:53:59","guid":{"rendered":"https:\/\/www.hediyepazar.com\/?product=yari-iletken-cipli-guclu-telefon-sogutma-aleti"},"modified":"2026-05-05T14:53:59","modified_gmt":"2026-05-05T17:53:59","slug":"yari-iletken-cipli-guclu-telefon-sogutma-aleti","status":"publish","type":"product","link":"https:\/\/www.hediyepazar.com\/?product=yari-iletken-cipli-guclu-telefon-sogutma-aleti","title":{"rendered":"Yar\u0131 \u0130letken \u00c7ipli G\u00fc\u00e7l\u00fc Telefon So\u011futma Aleti"},"content":{"rendered":"<p>Telefon so\u011futucu fan, profesyonel yar\u0131 iletken teknolojisi sayesinde cihaz\u0131n\u0131z\u0131n \u0131s\u0131s\u0131n\u0131 h\u0131zl\u0131 ve etkili bir \u015fekilde d\u00fc\u015f\u00fcr\u00fcr. Y\u00fcksek \u0131s\u0131 da\u011f\u0131l\u0131m performans\u0131, cihaz\u0131n a\u015f\u0131r\u0131 \u0131s\u0131nmas\u0131n\u0131 engelleyerek i\u015flemci performans\u0131n\u0131 stabil tutar. \u00d6zellikle yo\u011fun oyun ve video kullan\u0131m\u0131nda daha ak\u0131c\u0131 bir deneyim sunar. Evrensel uyumlu geri \u00e7ekilebilir klipsleri sayesinde 65-85 mm geni\u015fli\u011findeki telefonlarda g\u00fcvenle kullan\u0131labilir. Fan h\u0131z\u0131 2 seviyede ayarlanabilir ve dijital ekran \u00fczerinden kontrol edilebilir. Kompakt, hafif ve ta\u015f\u0131nabilir yap\u0131s\u0131 sayesinde \u00e7antan\u0131zda rahatl\u0131kla ta\u015f\u0131yabilirsiniz. Type-C kablo deste\u011fi ile her ortamda h\u0131zl\u0131 \u015farj edilebilir.<\/p>\n","protected":false},"excerpt":{"rendered":"<p>Telefon so\u011futucu fan, profesyonel yar\u0131 iletken teknolojisi sayesinde cihaz\u0131n\u0131z\u0131n \u0131s\u0131s\u0131n\u0131 h\u0131zl\u0131 ve etkili bir \u015fekilde d\u00fc\u015f\u00fcr\u00fcr. Y\u00fcksek \u0131s\u0131 da\u011f\u0131l\u0131m performans\u0131, cihaz\u0131n a\u015f\u0131r\u0131 \u0131s\u0131nmas\u0131n\u0131 engelleyerek i\u015flemci performans\u0131n\u0131 stabil tutar. \u00d6zellikle yo\u011fun oyun ve video kullan\u0131m\u0131nda daha ak\u0131c\u0131 bir deneyim sunar. Evrensel uyumlu geri \u00e7ekilebilir klipsleri sayesinde 65-85 mm geni\u015fli\u011findeki telefonlarda g\u00fcvenle kullan\u0131labilir. Fan h\u0131z\u0131 2 seviyede&#8230;<\/p>\n","protected":false},"featured_media":115433,"comment_status":"open","ping_status":"closed","template":"","meta":{"_kad_post_transparent":"","_kad_post_title":"","_kad_post_layout":"","_kad_post_sidebar_id":"","_kad_post_content_style":"","_kad_post_vertical_padding":"","_kad_post_feature":"","_kad_post_feature_position":"","_kad_post_header":false,"_kad_post_footer":false,"_kad_post_classname":""},"product_brand":[],"product_cat":[14991],"product_tag":[],"class_list":{"0":"post-115434","1":"product","2":"type-product","3":"status-publish","4":"has-post-thumbnail","6":"product_cat-mobil-oyun-aksesuar-mobil-oyun-aksesuar","8":"first","9":"instock","10":"purchasable","11":"product-type-simple","12":"entry","13":"content-bg","14":"loop-entry"},"_links":{"self":[{"href":"https:\/\/www.hediyepazar.com\/index.php?rest_route=\/wp\/v2\/product\/115434","targetHints":{"allow":["GET"]}}],"collection":[{"href":"https:\/\/www.hediyepazar.com\/index.php?rest_route=\/wp\/v2\/product"}],"about":[{"href":"https:\/\/www.hediyepazar.com\/index.php?rest_route=\/wp\/v2\/types\/product"}],"replies":[{"embeddable":true,"href":"https:\/\/www.hediyepazar.com\/index.php?rest_route=%2Fwp%2Fv2%2Fcomments&post=115434"}],"wp:featuredmedia":[{"embeddable":true,"href":"https:\/\/www.hediyepazar.com\/index.php?rest_route=\/wp\/v2\/media\/115433"}],"wp:attachment":[{"href":"https:\/\/www.hediyepazar.com\/index.php?rest_route=%2Fwp%2Fv2%2Fmedia&parent=115434"}],"wp:term":[{"taxonomy":"product_brand","embeddable":true,"href":"https:\/\/www.hediyepazar.com\/index.php?rest_route=%2Fwp%2Fv2%2Fproduct_brand&post=115434"},{"taxonomy":"product_cat","embeddable":true,"href":"https:\/\/www.hediyepazar.com\/index.php?rest_route=%2Fwp%2Fv2%2Fproduct_cat&post=115434"},{"taxonomy":"product_tag","embeddable":true,"href":"https:\/\/www.hediyepazar.com\/index.php?rest_route=%2Fwp%2Fv2%2Fproduct_tag&post=115434"}],"curies":[{"name":"wp","href":"https:\/\/api.w.org\/{rel}","templated":true}]}}